{"id":782249,"date":"2020-10-11T16:12:11","date_gmt":"2020-10-11T16:12:11","guid":{"rendered":"https:\/\/www.novadistribution.eu\/?post_type=product&#038;p=782249"},"modified":"2020-10-11T16:12:11","modified_gmt":"2020-10-11T16:12:11","slug":"kompressor-05g-twin-port-nd05grm-nd-18-00059-130rm","status":"publish","type":"product","link":"https:\/\/www.novadistribution.eu\/de\/prodotti\/kompressoren\/berholte-kompressoren\/kompressor-05g-twin-port-nd05grm-nd-18-00059-130rm\/","title":{"rendered":"Kompressor 05G Twin port \u2013 ND05GRM (ND-18-00059-130RM)"},"content":{"rendered":"<p style=\"margin: 0px 0px 10px; padding: 0px; border: none; outline: none; box-sizing: border-box; position: relative; line-height: 1.4em; font-family: 'Pathway Gothic One'; color: #000000; font-size: 18px; font-style: normal; font-variant-ligatures: normal; font-variant-caps: normal; font-weight: 400; letter-spacing: normal; orphans: 2; text-align: start; text-indent: 0px; text-transform: none; white-space: normal; widows: 2; word-spacing: 0px; -webkit-text-stroke-width: 0px; text-decoration-style: initial; text-decoration-color: initial;\"><span style=\"color: #000000; font-family: 'Pathway Gothic One'; font-size: 18px; font-style: normal; font-variant-ligatures: normal; font-variant-caps: normal; font-weight: 400; letter-spacing: normal; orphans: 2; text-align: left; text-indent: 0px; text-transform: none; white-space: normal; widows: 2; word-spacing: 0px; -webkit-text-stroke-width: 0px; background-color: #ffffff; text-decoration-style: initial; text-decoration-color: initial; display: inline !important; float: none;\">\u00dcberholter 05G-Kompressor f\u00fcr <\/span><strong style=\"margin: 0px; padding: 0px; border: none; outline: none; box-sizing: border-box; font-weight: bold; color: #000000; font-family: 'Pathway Gothic One'; font-size: 18px; font-style: normal; font-variant-ligatures: normal; font-variant-caps: normal; letter-spacing: normal; orphans: 2; text-align: left; text-indent: 0px; text-transform: none; white-space: normal; widows: 2; word-spacing: 0px; -webkit-text-stroke-width: 0px; background-color: #ffffff; text-decoration-style: initial; text-decoration-color: initial;\">Carrier Transicold<\/strong><span style=\"color: #000000; font-family: 'Pathway Gothic One'; font-size: 18px; font-style: normal; font-variant-ligatures: normal; font-variant-caps: normal; font-weight: 400; letter-spacing: normal; orphans: 2; text-align: left; text-indent: 0px; text-transform: none; white-space: normal; widows: 2; word-spacing: 0px; -webkit-text-stroke-width: 0px; background-color: #ffffff; text-decoration-style: initial; text-decoration-color: initial; display: inline !important; float: none;\">-Einheiten:<\/span><\/p>\n<p style=\"margin: 0px 0px 10px; padding: 0px; border: none; outline: none; box-sizing: border-box; position: relative; line-height: 1.4em; font-family: 'Pathway Gothic One'; color: #000000; font-size: 18px; font-style: normal; font-variant-ligatures: normal; font-variant-caps: normal; font-weight: 400; letter-spacing: normal; orphans: 2; text-align: start; text-indent: 0px; text-transform: none; white-space: normal; widows: 2; word-spacing: 0px; -webkit-text-stroke-width: 0px; text-decoration-style: initial; text-decoration-color: initial;\">Supra 944<\/p>\n<p style=\"margin: 0px 0px 10px; padding: 0px; border: none; outline: none; box-sizing: border-box; position: relative; line-height: 1.4em; font-family: 'Pathway Gothic One'; color: #000000; font-size: 18px; font-style: normal; font-variant-ligatures: normal; font-variant-caps: normal; font-weight: 400; letter-spacing: normal; orphans: 2; text-align: start; text-indent: 0px; text-transform: none; white-space: normal; widows: 2; word-spacing: 0px; -webkit-text-stroke-width: 0px; text-decoration-style: initial; text-decoration-color: initial;\">Supra 950<\/p>\n<p class=\"tw-data-text tw-text-large XcVN5d tw-ta\" dir=\"ltr\" style=\"margin: 0px 0px 10px; padding: 0px; border: none; outline: none; box-sizing: border-box; position: relative; line-height: 1.4em; font-family: 'Pathway Gothic One'; color: #000000; font-size: 18px; font-style: normal; font-variant-ligatures: normal; font-variant-caps: normal; font-weight: 400; letter-spacing: normal; orphans: 2; text-indent: 0px; text-transform: none; white-space: normal; widows: 2; word-spacing: 0px; -webkit-text-stroke-width: 0px; text-decoration-style: initial; text-decoration-color: initial; text-align: left;\" data-placeholder=\"Traduzione\"><span lang=\"de\" style=\"margin: 0px; padding: 0px; border: none; outline: none; box-sizing: border-box;\">Komplett \u00fcberholter Kompressor mit neuen Komponenten und Wellendichtung.<\/span><\/p>\n<p class=\"tw-data-text tw-text-large XcVN5d tw-ta\" dir=\"ltr\" style=\"margin: 0px 0px 10px; padding: 0px; border: none; outline: none; box-sizing: border-box; position: relative; line-height: 1.4em; font-family: 'Pathway Gothic One'; color: #000000; font-size: 18px; font-style: normal; font-variant-ligatures: normal; font-variant-caps: normal; font-weight: 400; letter-spacing: normal; orphans: 2; text-indent: 0px; text-transform: none; white-space: normal; widows: 2; word-spacing: 0px; -webkit-text-stroke-width: 0px; text-decoration-style: initial; text-decoration-color: initial; text-align: left;\" data-placeholder=\"Traduzione\"><span lang=\"de\" style=\"margin: 0px; padding: 0px; border: none; outline: none; box-sizing: border-box;\">Der Kompressor wird mit einem Karosserieaustauschprogramm geliefert.<\/span><\/p>\n<p class=\"tw-data-text tw-text-large XcVN5d tw-ta\" dir=\"ltr\" style=\"margin: 0px 0px 10px; padding: 0px; border: none; outline: none; box-sizing: border-box; position: relative; line-height: 1.4em; font-family: 'Pathway Gothic One'; color: #000000; font-size: 18px; font-style: normal; font-variant-ligatures: normal; font-variant-caps: normal; font-weight: 400; letter-spacing: normal; orphans: 2; text-indent: 0px; text-transform: none; white-space: normal; widows: 2; word-spacing: 0px; -webkit-text-stroke-width: 0px; text-decoration-style: initial; text-decoration-color: initial; text-align: left;\" data-placeholder=\"Traduzione\"><span lang=\"de\" style=\"margin: 0px; padding: 0px; border: none; outline: none; box-sizing: border-box;\">R\u00fccksendungen m\u00fcssen \u00fcberholbar sein.<\/span><\/p>\n<p>&nbsp;<\/p>\n","protected":false},"excerpt":{"rendered":"<p>OEM-Umrechnungscodes:<\/p>\n<p>18-00059-130<\/p>\n<p>Alte OEM-Codes:<\/p>\n<p>18-00091-07<\/p>\n","protected":false},"featured_media":782250,"template":"","meta":{"_et_pb_use_builder":"","_et_pb_old_content":"","_et_gb_content_width":"","_joinchat":[]},"product_brand":[],"product_cat":[513],"product_tag":[],"class_list":{"0":"post-782249","1":"product","2":"type-product","3":"status-publish","4":"has-post-thumbnail","6":"product_cat-berholte-kompressoren","8":"first","9":"instock","10":"purchasable","11":"product-type-simple"},"_links":{"self":[{"href":"https:\/\/www.novadistribution.eu\/de\/wp-json\/wp\/v2\/product\/782249","targetHints":{"allow":["GET"]}}],"collection":[{"href":"https:\/\/www.novadistribution.eu\/de\/wp-json\/wp\/v2\/product"}],"about":[{"href":"https:\/\/www.novadistribution.eu\/de\/wp-json\/wp\/v2\/types\/product"}],"wp:featuredmedia":[{"embeddable":true,"href":"https:\/\/www.novadistribution.eu\/de\/wp-json\/wp\/v2\/media\/782250"}],"wp:attachment":[{"href":"https:\/\/www.novadistribution.eu\/de\/wp-json\/wp\/v2\/media?parent=782249"}],"wp:term":[{"taxonomy":"product_brand","embeddable":true,"href":"https:\/\/www.novadistribution.eu\/de\/wp-json\/wp\/v2\/product_brand?post=782249"},{"taxonomy":"product_cat","embeddable":true,"href":"https:\/\/www.novadistribution.eu\/de\/wp-json\/wp\/v2\/product_cat?post=782249"},{"taxonomy":"product_tag","embeddable":true,"href":"https:\/\/www.novadistribution.eu\/de\/wp-json\/wp\/v2\/product_tag?post=782249"}],"curies":[{"name":"wp","href":"https:\/\/api.w.org\/{rel}","templated":true}]}}