{"id":782273,"date":"2020-10-15T20:19:36","date_gmt":"2020-10-15T20:19:36","guid":{"rendered":"https:\/\/www.novadistribution.eu\/?post_type=product&#038;p=782273"},"modified":"2024-08-07T12:28:13","modified_gmt":"2024-08-07T12:28:13","slug":"mikroprozessor-vector-ndelvecmic-nd-12-00438-11","status":"publish","type":"product","link":"https:\/\/www.novadistribution.eu\/de\/prodotti\/elektronik\/mikroprozessor-vector-ndelvecmic-nd-12-00438-11\/","title":{"rendered":"Mikroprozessor Vector NDELVECMIC (ND-12-00438-11)"},"content":{"rendered":"<p><span class=\"tlid-translation translation\" lang=\"de\"><span class=\"\" title=\"\"><strong>Mikroprozessor<\/strong> f\u00fcr<strong> Carrier Transicold<\/strong>-Einheiten:<\/span><\/span><\/p>\n<p><span class=\"tlid-translation translation\" lang=\"de\"><span class=\"\" title=\"\">Vector ALL RANGE <\/span><\/span><\/p>\n<p><span class=\"tlid-translation translation\" lang=\"de\"><span class=\"\" title=\"\">Komplett \u00fcberholter Mikroprozessor.<\/span><\/span><\/p>\n<p><span class=\"tlid-translation translation\" lang=\"de\"><span class=\"\" title=\"\">Der Mikroprozessor wird mit einem Karosserietauschprogramm geliefert.<\/span><\/span><\/p>\n<p><span class=\"tlid-translation translation\" lang=\"de\"><span class=\"\" title=\"\">Der R\u00fcckholk\u00f6rper muss \u00fcberholt werden.<\/span><\/span><\/p>\n","protected":false},"excerpt":{"rendered":"<p>OEM-Umrechnungscodes:<\/p>\n<p>12-00438-11<\/p>\n<p>Alte OEM-Codes:<\/p>\n<p>12-56438-08<br \/>\n12-56438-50<br \/>\n12-00438-10<br \/>\n12-00438-09<br \/>\n12-00438-07<br \/>\n12-00438-18<\/p>\n","protected":false},"featured_media":782274,"template":"","meta":{"_et_pb_use_builder":"","_et_pb_old_content":"","_et_gb_content_width":"","_joinchat":[]},"product_brand":[],"product_cat":[519],"product_tag":[],"class_list":{"0":"post-782273","1":"product","2":"type-product","3":"status-publish","4":"has-post-thumbnail","6":"product_cat-elektronik","8":"first","9":"instock","10":"purchasable","11":"product-type-simple"},"_links":{"self":[{"href":"https:\/\/www.novadistribution.eu\/de\/wp-json\/wp\/v2\/product\/782273","targetHints":{"allow":["GET"]}}],"collection":[{"href":"https:\/\/www.novadistribution.eu\/de\/wp-json\/wp\/v2\/product"}],"about":[{"href":"https:\/\/www.novadistribution.eu\/de\/wp-json\/wp\/v2\/types\/product"}],"wp:featuredmedia":[{"embeddable":true,"href":"https:\/\/www.novadistribution.eu\/de\/wp-json\/wp\/v2\/media\/782274"}],"wp:attachment":[{"href":"https:\/\/www.novadistribution.eu\/de\/wp-json\/wp\/v2\/media?parent=782273"}],"wp:term":[{"taxonomy":"product_brand","embeddable":true,"href":"https:\/\/www.novadistribution.eu\/de\/wp-json\/wp\/v2\/product_brand?post=782273"},{"taxonomy":"product_cat","embeddable":true,"href":"https:\/\/www.novadistribution.eu\/de\/wp-json\/wp\/v2\/product_cat?post=782273"},{"taxonomy":"product_tag","embeddable":true,"href":"https:\/\/www.novadistribution.eu\/de\/wp-json\/wp\/v2\/product_tag?post=782273"}],"curies":[{"name":"wp","href":"https:\/\/api.w.org\/{rel}","templated":true}]}}