{"id":782465,"date":"2021-04-20T19:37:09","date_gmt":"2021-04-20T19:37:09","guid":{"rendered":"https:\/\/www.novadistribution.eu\/?post_type=product&#038;p=782465"},"modified":"2021-04-20T19:37:09","modified_gmt":"2021-04-20T19:37:09","slug":"diesel-start-stopp-beschleunigungsmagnetventil-ndssgctpp-nd-29-70345-00","status":"publish","type":"product","link":"https:\/\/www.novadistribution.eu\/de\/prodotti\/magnet\/hubmagnete-carrier-transicold\/diesel-start-stopp-beschleunigungsmagnetventil-ndssgctpp-nd-29-70345-00\/","title":{"rendered":"Diesel-Start\/Stopp\/Beschleunigungsmagnetventil NDSSGCTPP (ND-29-70345-00)"},"content":{"rendered":"<p>Diesel-Stop\/Drehzahl-Magnetventil 12V Kubota Motor CT369TV e CT491TV.<\/p>\n<p>Geeignet f\u00fcr Carrier Transicold K\u00fchlaggregate:<\/p>\n<p>&#8211; Vector;<\/p>\n<p>Magnetventil mit variabler Geschwindigkeit, Vollmetallgeh\u00e4use, verst\u00e4rkte \u00d6ldichtungen, Magnete mit langer Lebensdauer.<\/p>\n<p>Hergestellt in Italien<\/p>\n<p>Dies ist ein Produkt von Nova Distribution.<\/p>\n","protected":false},"excerpt":{"rendered":"<div class=\"text\">\n<div class=\"woocommerce-product-details__short-description\">\n<p><span class=\"tlid-translation translation\"><span class=\"\" title=\"\">OEM-Umrechnungscodes<\/span><\/span>:<\/p>\n<p>29-70345-00<\/p>\n<p>297034500<\/p>\n<p>&nbsp;<\/p>\n<\/div>\n<\/div>\n","protected":false},"featured_media":782466,"template":"","meta":{"_et_pb_use_builder":"","_et_pb_old_content":"","_et_gb_content_width":"","_joinchat":[]},"product_brand":[],"product_cat":[453],"product_tag":[],"class_list":{"0":"post-782465","1":"product","2":"type-product","3":"status-publish","4":"has-post-thumbnail","6":"product_cat-hubmagnete-carrier-transicold","8":"first","9":"instock","10":"purchasable","11":"product-type-simple"},"_links":{"self":[{"href":"https:\/\/www.novadistribution.eu\/de\/wp-json\/wp\/v2\/product\/782465","targetHints":{"allow":["GET"]}}],"collection":[{"href":"https:\/\/www.novadistribution.eu\/de\/wp-json\/wp\/v2\/product"}],"about":[{"href":"https:\/\/www.novadistribution.eu\/de\/wp-json\/wp\/v2\/types\/product"}],"wp:featuredmedia":[{"embeddable":true,"href":"https:\/\/www.novadistribution.eu\/de\/wp-json\/wp\/v2\/media\/782466"}],"wp:attachment":[{"href":"https:\/\/www.novadistribution.eu\/de\/wp-json\/wp\/v2\/media?parent=782465"}],"wp:term":[{"taxonomy":"product_brand","embeddable":true,"href":"https:\/\/www.novadistribution.eu\/de\/wp-json\/wp\/v2\/product_brand?post=782465"},{"taxonomy":"product_cat","embeddable":true,"href":"https:\/\/www.novadistribution.eu\/de\/wp-json\/wp\/v2\/product_cat?post=782465"},{"taxonomy":"product_tag","embeddable":true,"href":"https:\/\/www.novadistribution.eu\/de\/wp-json\/wp\/v2\/product_tag?post=782465"}],"curies":[{"name":"wp","href":"https:\/\/api.w.org\/{rel}","templated":true}]}}