{"id":782582,"date":"2021-06-01T11:46:03","date_gmt":"2021-06-01T11:46:03","guid":{"rendered":"https:\/\/www.novadistribution.eu\/?post_type=product&#038;p=782582"},"modified":"2024-12-30T13:56:34","modified_gmt":"2024-12-30T13:56:34","slug":"tur-vector-ndvecsfs-nd-79-60459-10","status":"publish","type":"product","link":"https:\/\/www.novadistribution.eu\/de\/prodotti\/karosserie-und-paneele\/vector-4\/tur-vector-ndvecsfs-nd-79-60459-10\/","title":{"rendered":"T\u00fcr Vector NDVECSFS (ND-79-60459-10)"},"content":{"rendered":"<blockquote class=\"wp-embedded-content\" data-secret=\"5efP4fP1mV\"><p><a href=\"https:\/\/www.novadistribution.eu\/de\/tueren-und-paneele-fuer-carrier-transicold-vector-kunststoff-hergestellt\/\">T\u00fcren und Paneele f\u00fcr Carrier Transicold Vector \u00a9 Kunststoff hergestellt<\/a><\/p><\/blockquote>\n<p><iframe loading=\"lazy\" class=\"wp-embedded-content\" sandbox=\"allow-scripts\" security=\"restricted\" style=\"position: absolute; visibility: hidden;\" title=\"&#8222;T\u00fcren und Paneele f\u00fcr Carrier Transicold Vector \u00a9 Kunststoff hergestellt&#8220; &#8211; NOVA DISTRIBUTION SRL\" src=\"https:\/\/www.novadistribution.eu\/de\/tueren-und-paneele-fuer-carrier-transicold-vector-kunststoff-hergestellt\/embed\/#?secret=Q7T2dnzioG#?secret=5efP4fP1mV\" data-secret=\"5efP4fP1mV\" width=\"600\" height=\"338\" frameborder=\"0\" marginwidth=\"0\" marginheight=\"0\" scrolling=\"no\"><\/iframe><\/p>\n<p>Frontt\u00fcr f\u00fcr Carrier Transicold-Ger\u00e4te:<\/p>\n<p>Vector 1350;<\/p>\n<p>Vector 1550;<\/p>\n<p>Vector 1950;<\/p>\n<p>Vector 1800\/1850 (Lackieren erforderlich);<\/p>\n<p>T\u00fcren perfekt kompatibel mit den Originalen.<\/p>\n<p>Hergestellt aus KUNSTSTOFF, nicht aus Fiberglas,mit recyceltem Kunststoff und vollst\u00e4ndig recycelbar.<\/p>\n<p>WIDERSTANDSF\u00c4HIG. FLEXIBEL und LEICHT.<\/p>\n<p>Dies ist ein Produkt von NOVA DISTRIBUTION.HERGESTELLT IN ITALIEN<\/p>\n<p>ACHTUNG: Die Verf\u00fcgbarkeit der Scharniere kann variieren.<\/p>\n","protected":false},"excerpt":{"rendered":"<div class=\"text\">\n<div class=\"woocommerce-product-details__short-description\">\n<p><span class=\"VIiyi\" lang=\"de\"><span class=\"JLqJ4b ChMk0b\" data-language-for-alternatives=\"de\" data-language-to-translate-into=\"it\" data-phrase-index=\"0\">OEM-Umwandlungscodes:<\/span><\/span><\/p>\n<p>79-60459-10<\/p>\n<p>796045910<\/p>\n<p><span class=\"VIiyi\" lang=\"de\"><span class=\"JLqJ4b ChMk0b\" data-language-for-alternatives=\"de\" data-language-to-translate-into=\"it\" data-phrase-index=\"0\">Alte OEM-Codes:<\/span><\/span><\/p>\n<p>&nbsp;<\/p>\n<p>&nbsp;<\/p>\n<\/div>\n<\/div>\n","protected":false},"featured_media":782583,"template":"","meta":{"_et_pb_use_builder":"","_et_pb_old_content":"","_et_gb_content_width":"","_joinchat":[]},"product_brand":[],"product_cat":[543],"product_tag":[],"class_list":{"0":"post-782582","1":"product","2":"type-product","3":"status-publish","4":"has-post-thumbnail","6":"product_cat-vector-4","8":"first","9":"instock","10":"purchasable","11":"product-type-simple"},"_links":{"self":[{"href":"https:\/\/www.novadistribution.eu\/de\/wp-json\/wp\/v2\/product\/782582","targetHints":{"allow":["GET"]}}],"collection":[{"href":"https:\/\/www.novadistribution.eu\/de\/wp-json\/wp\/v2\/product"}],"about":[{"href":"https:\/\/www.novadistribution.eu\/de\/wp-json\/wp\/v2\/types\/product"}],"wp:featuredmedia":[{"embeddable":true,"href":"https:\/\/www.novadistribution.eu\/de\/wp-json\/wp\/v2\/media\/782583"}],"wp:attachment":[{"href":"https:\/\/www.novadistribution.eu\/de\/wp-json\/wp\/v2\/media?parent=782582"}],"wp:term":[{"taxonomy":"product_brand","embeddable":true,"href":"https:\/\/www.novadistribution.eu\/de\/wp-json\/wp\/v2\/product_brand?post=782582"},{"taxonomy":"product_cat","embeddable":true,"href":"https:\/\/www.novadistribution.eu\/de\/wp-json\/wp\/v2\/product_cat?post=782582"},{"taxonomy":"product_tag","embeddable":true,"href":"https:\/\/www.novadistribution.eu\/de\/wp-json\/wp\/v2\/product_tag?post=782582"}],"curies":[{"name":"wp","href":"https:\/\/api.w.org\/{rel}","templated":true}]}}