{"id":782627,"date":"2021-10-11T17:45:09","date_gmt":"2021-10-11T17:45:09","guid":{"rendered":"https:\/\/www.novadistribution.eu\/?post_type=product&#038;p=782627"},"modified":"2023-09-21T19:15:51","modified_gmt":"2023-09-21T19:15:51","slug":"l-sensor-ndbo1505-nd-12-00592-14","status":"publish","type":"product","link":"https:\/\/www.novadistribution.eu\/de\/prodotti\/elektrische-teile\/sensoren\/l-sensor-ndbo1505-nd-12-00592-14\/","title":{"rendered":"\u00d6l-Sensor NDBO1505 (ND-12-00592-14)"},"content":{"rendered":"<p>\u00d6ldrucksensor f\u00fcr <strong>Carrier Transicold<\/strong> Ger\u00e4te:<\/p>\n<p>Maxima (alle);<\/p>\n<p>Vector (alle);<\/p>\n<p>Supra (alle);<\/p>\n<p>Ersatzsensor f\u00fcr Kubota 1505\/1105 &#8211; Carrier 4.91\/3.69 Motoren.<\/p>\n","protected":false},"excerpt":{"rendered":"<p>OEM-Code:<\/p>\n<p>12-00592-14<\/p>\n<p>Alte OEM-Codes:<\/p>\n<p>12-00456-00<\/p>\n<p>12-00592-00<\/p>\n","protected":false},"featured_media":782628,"template":"","meta":{"_et_pb_use_builder":"","_et_pb_old_content":"","_et_gb_content_width":"","_joinchat":[]},"product_brand":[],"product_cat":[507,567],"product_tag":[],"class_list":{"0":"post-782627","1":"product","2":"type-product","3":"status-publish","4":"has-post-thumbnail","6":"product_cat-elektrische-teile","7":"product_cat-sensoren","9":"first","10":"instock","11":"purchasable","12":"product-type-simple"},"_links":{"self":[{"href":"https:\/\/www.novadistribution.eu\/de\/wp-json\/wp\/v2\/product\/782627","targetHints":{"allow":["GET"]}}],"collection":[{"href":"https:\/\/www.novadistribution.eu\/de\/wp-json\/wp\/v2\/product"}],"about":[{"href":"https:\/\/www.novadistribution.eu\/de\/wp-json\/wp\/v2\/types\/product"}],"wp:featuredmedia":[{"embeddable":true,"href":"https:\/\/www.novadistribution.eu\/de\/wp-json\/wp\/v2\/media\/782628"}],"wp:attachment":[{"href":"https:\/\/www.novadistribution.eu\/de\/wp-json\/wp\/v2\/media?parent=782627"}],"wp:term":[{"taxonomy":"product_brand","embeddable":true,"href":"https:\/\/www.novadistribution.eu\/de\/wp-json\/wp\/v2\/product_brand?post=782627"},{"taxonomy":"product_cat","embeddable":true,"href":"https:\/\/www.novadistribution.eu\/de\/wp-json\/wp\/v2\/product_cat?post=782627"},{"taxonomy":"product_tag","embeddable":true,"href":"https:\/\/www.novadistribution.eu\/de\/wp-json\/wp\/v2\/product_tag?post=782627"}],"curies":[{"name":"wp","href":"https:\/\/api.w.org\/{rel}","templated":true}]}}