{"id":784043,"date":"2024-04-22T16:21:17","date_gmt":"2024-04-22T16:21:17","guid":{"rendered":"https:\/\/www.novadistribution.eu\/?post_type=product&#038;p=784043"},"modified":"2024-04-22T16:40:37","modified_gmt":"2024-04-22T16:40:37","slug":"ldruckschalter-ndbo395-nd-41-7064","status":"publish","type":"product","link":"https:\/\/www.novadistribution.eu\/de\/prodotti\/elektrische-teile\/sensoren\/ldruckschalter-ndbo395-nd-41-7064\/","title":{"rendered":"\u00d6ldruckschalter NDBO395 (ND-41-7064)"},"content":{"rendered":"<p><strong>\u00d6ldruckschalter f\u00fcr Yanmar-Motoren<\/strong>:<\/p>\n<p><strong>3.70\/ 3.76\/ 3.95<\/strong><\/p>\n<p>Geeignet f\u00fcr<strong> Thermo King<\/strong>-Ger\u00e4te:<\/p>\n<p><strong>MD<\/strong>:\u00a0 \u00a0 \u00a0 \u00a0 100\/ 200\/ 300<\/p>\n<p><strong>T<\/strong>:\u00a0 \u00a0 \u00a0 \u00a0 \u00a0 \u00a0 \u00a0500\/ 600\/ 800\/ 1000\/ 1200\/ Spectrum<\/p>\n<p><strong>TS<\/strong>:\u00a0 \u00a0 \u00a0 \u00a0 \u00a0 200\/ 300\/ 500\/ 600\/ Spectrum<\/p>\n<p><strong>UT<\/strong>:<\/p>\n<p><strong>UTS<\/strong>:<\/p>\n<p>Nicht-Originalprodukt<\/p>\n","protected":false},"excerpt":{"rendered":"<p>OEM-Umwandlungscodes:<\/p>\n<p>41-7064<\/p>\n<p>417064<\/p>\n<p>41-0389<\/p>\n<p>410389<\/p>\n","protected":false},"featured_media":784044,"template":"","meta":{"_et_pb_use_builder":"","_et_pb_old_content":"","_et_gb_content_width":"","_joinchat":[]},"product_brand":[],"product_cat":[567],"product_tag":[],"class_list":{"0":"post-784043","1":"product","2":"type-product","3":"status-publish","4":"has-post-thumbnail","6":"product_cat-sensoren","8":"first","9":"instock","10":"purchasable","11":"product-type-simple"},"_links":{"self":[{"href":"https:\/\/www.novadistribution.eu\/de\/wp-json\/wp\/v2\/product\/784043","targetHints":{"allow":["GET"]}}],"collection":[{"href":"https:\/\/www.novadistribution.eu\/de\/wp-json\/wp\/v2\/product"}],"about":[{"href":"https:\/\/www.novadistribution.eu\/de\/wp-json\/wp\/v2\/types\/product"}],"wp:featuredmedia":[{"embeddable":true,"href":"https:\/\/www.novadistribution.eu\/de\/wp-json\/wp\/v2\/media\/784044"}],"wp:attachment":[{"href":"https:\/\/www.novadistribution.eu\/de\/wp-json\/wp\/v2\/media?parent=784043"}],"wp:term":[{"taxonomy":"product_brand","embeddable":true,"href":"https:\/\/www.novadistribution.eu\/de\/wp-json\/wp\/v2\/product_brand?post=784043"},{"taxonomy":"product_cat","embeddable":true,"href":"https:\/\/www.novadistribution.eu\/de\/wp-json\/wp\/v2\/product_cat?post=784043"},{"taxonomy":"product_tag","embeddable":true,"href":"https:\/\/www.novadistribution.eu\/de\/wp-json\/wp\/v2\/product_tag?post=784043"}],"curies":[{"name":"wp","href":"https:\/\/api.w.org\/{rel}","templated":true}]}}