{"id":785345,"date":"2024-10-24T15:11:47","date_gmt":"2024-10-24T15:11:47","guid":{"rendered":"https:\/\/www.novadistribution.eu\/?post_type=product&#038;p=785345"},"modified":"2026-01-29T14:54:52","modified_gmt":"2026-01-29T13:54:52","slug":"batterieladegerat-neos-ndcbneos12-nd-12-00746-00","status":"publish","type":"product","link":"https:\/\/www.novadistribution.eu\/de\/prodotti\/elektrische-teile\/transformatoren-und-batterieladegerate\/batterieladegerat-neos-ndcbneos12-nd-12-00746-00\/","title":{"rendered":"Batterieladeger\u00e4t NEOS NDCBNEOS12 (ND-12-00746-00)"},"content":{"rendered":"<p><strong>Caricabatterie 12V<\/strong><\/p>\n<p>Geeignet f\u00fcr <strong>Carrier Transicold<\/strong> Ger\u00e4te:<\/p>\n<p><strong>NEOS<\/strong>:<\/p>\n<p>Aufgearbeitetes Produkt Das Batterieladeger\u00e4t wird mit einem Austauschprogramm geliefert.<\/p>\n<p>Zur\u00fcckgegebene Batterieladeger\u00e4te m\u00fcssen aufarbeitungsf\u00e4hig sein.<\/p>\n","protected":false},"excerpt":{"rendered":"<p>OEM-Umwandlungscodes:<\/p>\n<p>12-00746-00<\/p>\n<p>120074600<\/p>\n<p>76-61216-00<\/p>\n<p>766121600<\/p>\n<p>CAR1K21A10<\/p>\n","protected":false},"featured_media":785346,"template":"","meta":{"_et_pb_use_builder":"","_et_pb_old_content":"","_et_gb_content_width":"","_joinchat":[]},"product_brand":[],"product_cat":[573],"product_tag":[],"class_list":{"0":"post-785345","1":"product","2":"type-product","3":"status-publish","4":"has-post-thumbnail","6":"product_cat-transformatoren-und-batterieladegerate","8":"first","9":"instock","10":"purchasable","11":"product-type-simple"},"_links":{"self":[{"href":"https:\/\/www.novadistribution.eu\/de\/wp-json\/wp\/v2\/product\/785345","targetHints":{"allow":["GET"]}}],"collection":[{"href":"https:\/\/www.novadistribution.eu\/de\/wp-json\/wp\/v2\/product"}],"about":[{"href":"https:\/\/www.novadistribution.eu\/de\/wp-json\/wp\/v2\/types\/product"}],"wp:featuredmedia":[{"embeddable":true,"href":"https:\/\/www.novadistribution.eu\/de\/wp-json\/wp\/v2\/media\/785346"}],"wp:attachment":[{"href":"https:\/\/www.novadistribution.eu\/de\/wp-json\/wp\/v2\/media?parent=785345"}],"wp:term":[{"taxonomy":"product_brand","embeddable":true,"href":"https:\/\/www.novadistribution.eu\/de\/wp-json\/wp\/v2\/product_brand?post=785345"},{"taxonomy":"product_cat","embeddable":true,"href":"https:\/\/www.novadistribution.eu\/de\/wp-json\/wp\/v2\/product_cat?post=785345"},{"taxonomy":"product_tag","embeddable":true,"href":"https:\/\/www.novadistribution.eu\/de\/wp-json\/wp\/v2\/product_tag?post=785345"}],"curies":[{"name":"wp","href":"https:\/\/api.w.org\/{rel}","templated":true}]}}