{"id":785465,"date":"2024-11-15T10:52:47","date_gmt":"2024-11-15T10:52:47","guid":{"rendered":"https:\/\/www.novadistribution.eu\/?post_type=product&#038;p=785465"},"modified":"2024-11-15T10:54:29","modified_gmt":"2024-11-15T10:54:29","slug":"vektor-ausgleichsbehalter-deckel-ndctvaext-nd-58-04663-02","status":"publish","type":"product","link":"https:\/\/www.novadistribution.eu\/de\/prodotti\/zubehor\/vektor-ausgleichsbehalter-deckel-ndctvaext-nd-58-04663-02\/","title":{"rendered":"Vektor Ausgleichsbeh\u00e4lter deckel NDCTVAEXT (ND-58-04663-02)"},"content":{"rendered":"<p><strong>Deckel f\u00fcr den Ausgleichsbeh\u00e4lter<\/strong><\/p>\n<p>Geeignet f\u00fcr <strong>Carrier Transicold<\/strong> Ger\u00e4te:<\/p>\n<p><strong>Vector<\/strong>:\u00a0 \u00a0 1350\/ 1550\/ 1800\/ 1950\/ MT<\/p>\n<p><strong>Maxima<\/strong>:\u00a0 100\/ 1200\/ 1300\/ MT<\/p>\n<p>Nicht originales Produkt<\/p>\n","protected":false},"excerpt":{"rendered":"<p>OEM-Umwandlungscodes:<\/p>\n<p>58-04663-02<\/p>\n<p>580466302<\/p>\n<p>30-60014-00<\/p>\n<p>306001400<\/p>\n","protected":false},"featured_media":785466,"template":"","meta":{"_et_pb_use_builder":"","_et_pb_old_content":"","_et_gb_content_width":"","_joinchat":[]},"product_brand":[],"product_cat":[405],"product_tag":[],"class_list":{"0":"post-785465","1":"product","2":"type-product","3":"status-publish","4":"has-post-thumbnail","6":"product_cat-zubehor","8":"first","9":"instock","10":"purchasable","11":"product-type-simple"},"_links":{"self":[{"href":"https:\/\/www.novadistribution.eu\/de\/wp-json\/wp\/v2\/product\/785465","targetHints":{"allow":["GET"]}}],"collection":[{"href":"https:\/\/www.novadistribution.eu\/de\/wp-json\/wp\/v2\/product"}],"about":[{"href":"https:\/\/www.novadistribution.eu\/de\/wp-json\/wp\/v2\/types\/product"}],"wp:featuredmedia":[{"embeddable":true,"href":"https:\/\/www.novadistribution.eu\/de\/wp-json\/wp\/v2\/media\/785466"}],"wp:attachment":[{"href":"https:\/\/www.novadistribution.eu\/de\/wp-json\/wp\/v2\/media?parent=785465"}],"wp:term":[{"taxonomy":"product_brand","embeddable":true,"href":"https:\/\/www.novadistribution.eu\/de\/wp-json\/wp\/v2\/product_brand?post=785465"},{"taxonomy":"product_cat","embeddable":true,"href":"https:\/\/www.novadistribution.eu\/de\/wp-json\/wp\/v2\/product_cat?post=785465"},{"taxonomy":"product_tag","embeddable":true,"href":"https:\/\/www.novadistribution.eu\/de\/wp-json\/wp\/v2\/product_tag?post=785465"}],"curies":[{"name":"wp","href":"https:\/\/api.w.org\/{rel}","templated":true}]}}