{"id":7375,"date":"2024-12-10T16:39:42","date_gmt":"2024-12-10T15:39:42","guid":{"rendered":"https:\/\/www.novadistribution.eu\/contatti\/"},"modified":"2024-12-13T10:47:34","modified_gmt":"2024-12-13T09:47:34","slug":"contact-us","status":"publish","type":"page","link":"https:\/\/www.novadistribution.eu\/es\/contact-us\/","title":{"rendered":"Contacto"},"content":{"rendered":"<p>[et_pb_section fb_built=\u00bb1&#8243; _builder_version=\u00bb4.14.8&#8243; _module_preset=\u00bbdefault\u00bb use_background_color_gradient=\u00bbon\u00bb background_color_gradient_start=\u00bbrgba(0,0,0,0.5)\u00bb background_color_gradient_end=\u00bbrgba(0,0,0,0.5)\u00bb background_color_gradient_overlays_image=\u00bbon\u00bb background_image=\u00bbhttps:\/\/www.novadistribution.eu\/wp-content\/uploads\/2024\/12\/8.jpg\u00bb global_colors_info=\u00bb{}\u00bb][et_pb_row _builder_version=\u00bb4.14.8&#8243; _module_preset=\u00bbdefault\u00bb width=\u00bb90%\u00bb max_width=\u00bb1440px\u00bb global_colors_info=\u00bb{}\u00bb][et_pb_column type=\u00bb4_4&#8243; _builder_version=\u00bb4.14.8&#8243; _module_preset=\u00bbdefault\u00bb global_colors_info=\u00bb{}\u00bb][et_pb_text _builder_version=\u00bb4.14.8&#8243; _module_preset=\u00bbdefault\u00bb header_font=\u00bbBebas Neue||||||||\u00bb header_text_color=\u00bb#FFFFFF\u00bb header_font_size=\u00bb45px\u00bb custom_margin=\u00bb||4px|||\u00bb global_colors_info=\u00bb{}\u00bb]<\/p>\n<h1 style=\"text-align: center;\">Cont\u00e1ctenos<\/h1>\n<p>[\/et_pb_text][et_pb_text _builder_version=\u00bb4.14.8&#8243; _module_preset=\u00bbdefault\u00bb text_font=\u00bbOswald||||||||\u00bb text_text_color=\u00bb#FFFFFF\u00bb text_font_size=\u00bb20px\u00bb global_colors_info=\u00bb{}\u00bb]<\/p>\n<p style=\"text-align: center;\">Para mas informacion<\/p>\n<p>[\/et_pb_text][\/et_pb_column][\/et_pb_row][\/et_pb_section][et_pb_section fb_built=\u00bb1&#8243; _builder_version=\u00bb4.14.8&#8243; _module_preset=\u00bbdefault\u00bb locked=\u00bboff\u00bb global_colors_info=\u00bb{}\u00bb][et_pb_row column_structure=\u00bb1_2,1_2&#8243; _builder_version=\u00bb4.14.8&#8243; _module_preset=\u00bbdefault\u00bb width=\u00bb90%\u00bb max_width=\u00bb1440px\u00bb global_colors_info=\u00bb{}\u00bb][et_pb_column type=\u00bb1_2&#8243; _builder_version=\u00bb4.14.8&#8243; _module_preset=\u00bbdefault\u00bb global_colors_info=\u00bb{}\u00bb][dsm_contact_form_7 cf7_library=\u00bb13247&#8243; _builder_version=\u00bb4.14.8&#8243; _module_preset=\u00bbdefault\u00bb custom_button_one=\u00bbon\u00bb button_one_text_size=\u00bb15px\u00bb button_one_text_color=\u00bb#FFFFFF\u00bb button_one_bg_color=\u00bb#c5393c\u00bb button_one_font=\u00bbInter|700|||||||\u00bb hover_enabled=\u00bb0&#8243; border_radii_image=\u00bbon|5px|5px|5px|5px\u00bb border_width_all_image=\u00bb2px\u00bb global_colors_info=\u00bb{}\u00bb sticky_enabled=\u00bb0&#8243;][\/dsm_contact_form_7][\/et_pb_column][et_pb_column type=\u00bb1_2&#8243; _builder_version=\u00bb4.14.8&#8243; _module_preset=\u00bbdefault\u00bb global_colors_info=\u00bb{}\u00bb][et_pb_blurb title=\u00bbDIRECCI\u00d3N\u00bb use_icon=\u00bbon\u00bb font_icon=\u00bb&#xf3c5;||fa||900&#8243; icon_color=\u00bb#FFFFFF\u00bb image_icon_background_color=\u00bb#c5393c\u00bb icon_placement=\u00bbleft\u00bb image_icon_width=\u00bb20px\u00bb content_max_width=\u00bb100%\u00bb _builder_version=\u00bb4.14.8&#8243; _module_preset=\u00bbdefault\u00bb header_font=\u00bbBebas Neue||||||||\u00bb header_font_size=\u00bb25px\u00bb body_font=\u00bbOswald||||||||\u00bb body_text_color=\u00bb#000000&#8243; body_font_size=\u00bb18px\u00bb body_link_text_color=\u00bb#000000&#8243; image_icon_custom_padding=\u00bb14px|16px|14px|16px|true|true\u00bb border_radii_image=\u00bbon|3px|3px|3px|3px\u00bb global_colors_info=\u00bb{}\u00bb]<\/p>\n<p><a href=\"https:\/\/www.google.com\/maps?ll=44.652919,10.878287&amp;z=6&amp;t=m&amp;hl=en&amp;gl=US&amp;mapclient=embed&amp;cid=14611802176543321950\" target=\"_blank\" rel=\"noopener\">Via C. Sallustio 61 &#8211; 41123 MODENA (MO)<\/a><\/p>\n<p>[\/et_pb_blurb][et_pb_blurb title=\u00bbemail\u00bb use_icon=\u00bbon\u00bb font_icon=\u00bb&#xe076;||divi||400&#8243; icon_color=\u00bb#FFFFFF\u00bb image_icon_background_color=\u00bb#c5393c\u00bb icon_placement=\u00bbleft\u00bb image_icon_width=\u00bb20px\u00bb content_max_width=\u00bb100%\u00bb _builder_version=\u00bb4.14.8&#8243; _module_preset=\u00bbdefault\u00bb header_font=\u00bbBebas Neue||||||||\u00bb header_font_size=\u00bb25px\u00bb body_font=\u00bbOswald||||||||\u00bb body_text_color=\u00bb#000000&#8243; body_font_size=\u00bb18px\u00bb body_link_text_color=\u00bb#000000&#8243; image_icon_custom_padding=\u00bb14px|14px|14px|14px|true|true\u00bb border_radii_image=\u00bbon|3px|3px|3px|3px\u00bb global_colors_info=\u00bb{}\u00bb]<\/p>\n<p><a href=\"mailto:info@novadistribution.eu\">info@novadistribution.eu<\/a><\/p>\n<p>[\/et_pb_blurb][et_pb_blurb title=\u00bbChiamaci per maggiori info\u00bb use_icon=\u00bbon\u00bb font_icon=\u00bb&#xf879;||fa||900&#8243; icon_color=\u00bb#FFFFFF\u00bb image_icon_background_color=\u00bb#c5393c\u00bb icon_placement=\u00bbleft\u00bb image_icon_width=\u00bb20px\u00bb content_max_width=\u00bb100%\u00bb _builder_version=\u00bb4.14.8&#8243; _module_preset=\u00bbdefault\u00bb header_font=\u00bbBebas Neue||||||||\u00bb header_font_size=\u00bb25px\u00bb body_font=\u00bbOswald||||||||\u00bb body_text_color=\u00bb#000000&#8243; body_font_size=\u00bb18px\u00bb body_link_text_color=\u00bb#000000&#8243; image_icon_custom_padding=\u00bb14px|14px|14px|14px|true|true\u00bb border_radii_image=\u00bbon|3px|3px|3px|3px\u00bb global_colors_info=\u00bb{}\u00bb]<\/p>\n<p><a href=\"tel:+39059335611\">+39 059 335611<\/a><\/p>\n<p>[\/et_pb_blurb][et_pb_blurb title=\u00bbWe speak english\u00bb use_icon=\u00bbon\u00bb font_icon=\u00bb&#xf3cd;||fa||900&#8243; icon_color=\u00bb#FFFFFF\u00bb image_icon_background_color=\u00bb#c5393c\u00bb icon_placement=\u00bbleft\u00bb image_icon_width=\u00bb20px\u00bb content_max_width=\u00bb100%\u00bb _builder_version=\u00bb4.14.8&#8243; _module_preset=\u00bbdefault\u00bb header_font=\u00bbBebas Neue||||||||\u00bb header_font_size=\u00bb25px\u00bb body_font=\u00bbOswald||||||||\u00bb body_text_color=\u00bb#000000&#8243; body_font_size=\u00bb18px\u00bb body_link_text_color=\u00bb#000000&#8243; image_icon_custom_padding=\u00bb14px|14px|14px|14px|true|true\u00bb border_radii_image=\u00bbon|3px|3px|3px|3px\u00bb global_colors_info=\u00bb{}\u00bb]<\/p>\n<p><a href=\"tel:+393293919062\">+39 329 3919062<\/a><\/p>\n<p>[\/et_pb_blurb][et_pb_blurb title=\u00bb\u043c\u044b \u0433\u043e\u0432\u043e\u0440\u0438\u043c \u043f\u043e \u0440\u0443\u0441\u0441\u043a\u0438\u00bb use_icon=\u00bbon\u00bb font_icon=\u00bb&#xf3cd;||fa||900&#8243; icon_color=\u00bb#FFFFFF\u00bb image_icon_background_color=\u00bb#c5393c\u00bb icon_placement=\u00bbleft\u00bb image_icon_width=\u00bb20px\u00bb content_max_width=\u00bb100%\u00bb _builder_version=\u00bb4.14.8&#8243; _module_preset=\u00bbdefault\u00bb header_font=\u00bbBebas Neue||||||||\u00bb header_font_size=\u00bb25px\u00bb body_font=\u00bbOswald||||||||\u00bb body_text_color=\u00bb#000000&#8243; body_font_size=\u00bb18px\u00bb body_link_text_color=\u00bb#000000&#8243; image_icon_custom_padding=\u00bb14px|14px|14px|14px|true|true\u00bb border_radii_image=\u00bbon|3px|3px|3px|3px\u00bb global_colors_info=\u00bb{}\u00bb]<\/p>\n<p><a href=\"tel:+393247705995\">+39 324 7705995<\/a><\/p>\n<p>[\/et_pb_blurb][\/et_pb_column][\/et_pb_row][\/et_pb_section][et_pb_section fb_built=\u00bb1&#8243; fullwidth=\u00bbon\u00bb _builder_version=\u00bb4.14.8&#8243; _module_preset=\u00bbdefault\u00bb global_colors_info=\u00bb{}\u00bb][et_pb_fullwidth_code _builder_version=\u00bb4.14.8&#8243; _module_preset=\u00bbdefault\u00bb global_colors_info=\u00bb{}\u00bb]<iframe src=\"https:\/\/www.google.com\/maps\/embed?pb=!1m18!1m12!1m3!1d5812768.512584349!2d1.1224274250000013!3d44.65291930000001!2m3!1f0!2f0!3f0!3m2!1i1024!2i768!4f13.1!3m3!1m2!1s0x477fefc13570f59f%3A0xcac78ca9b524ef5e!2sNova%20Distribution%20Srl%20-%20Ricambi%20per%20il%20trasporto%20refrigerato!5e0!3m2!1sen!2s!4v1733758870267!5m2!1sen!2s\" width=\"100%\" height=\"550\" style=\"border:0;\" allowfullscreen=\"\" loading=\"lazy\" referrerpolicy=\"no-referrer-when-downgrade\"><\/iframe>[\/et_pb_fullwidth_code][\/et_pb_section]<\/p>\n","protected":false},"excerpt":{"rendered":"<p>Cont\u00e1ctenosPara mas informacion<div class=\"et_pb_with_border et_pb_module dsm_contact_form_7 dsm_contact_form_7_0\">\n\t\t\t\t\n\t\t\t\t\n\t\t\t\t\n\t\t\t\t\n\t\t\t\t<div class=\"et_pb_module_inner\">\n\t\t\t\t\t<div class=\"\">\n\t\t\t\t\n<div class=\"wpcf7 no-js\" id=\"wpcf7-f13247-o1\" lang=\"es-ES\" dir=\"ltr\" data-wpcf7-id=\"13247\">\n<div class=\"screen-reader-response\"><p role=\"status\" aria-live=\"polite\" aria-atomic=\"true\"><\/p> <ul><\/ul><\/div>\n<form action=\"\/es\/wp-json\/wp\/v2\/pages\/7375#wpcf7-f13247-o1\" method=\"post\" class=\"wpcf7-form init\" aria-label=\"Formulario de contacto\" novalidate=\"novalidate\" data-status=\"init\">\n<div style=\"display: none;\">\n<input type=\"hidden\" name=\"_wpcf7\" value=\"13247\" \/>\n<input type=\"hidden\" name=\"_wpcf7_version\" value=\"6.0.6\" \/>\n<input type=\"hidden\" name=\"_wpcf7_locale\" value=\"es_ES\" \/>\n<input type=\"hidden\" name=\"_wpcf7_unit_tag\" value=\"wpcf7-f13247-o1\" \/>\n<input type=\"hidden\" name=\"_wpcf7_container_post\" value=\"0\" \/>\n<input type=\"hidden\" name=\"_wpcf7_posted_data_hash\" value=\"\" \/>\n<\/div>\n<div class=\"riga-flex\">\n\t<p>Nombre e Apellido*<span class=\"wpcf7-form-control-wrap\" data-name=\"your-name\"><input size=\"40\" maxlength=\"400\" class=\"wpcf7-form-control wpcf7-text wpcf7-validates-as-required\" aria-required=\"true\" aria-invalid=\"false\" placeholder=\"\" value=\"\" type=\"text\" name=\"your-name\" \/><\/span>\n\t<\/p>\n\t<p>Ciudad<span class=\"wpcf7-form-control-wrap\" data-name=\"citta\"><input size=\"40\" maxlength=\"400\" class=\"wpcf7-form-control wpcf7-text\" aria-invalid=\"false\" placeholder=\"\" value=\"\" type=\"text\" name=\"citta\" \/><\/span>\n\t<\/p>\n<\/div>\n<div class=\"riga-flex\">\n\t<p>Tel\u00e9fono<span class=\"wpcf7-form-control-wrap\" data-name=\"your-phone\"><input size=\"40\" maxlength=\"400\" class=\"wpcf7-form-control wpcf7-tel wpcf7-text wpcf7-validates-as-tel\" aria-invalid=\"false\" placeholder=\"\" value=\"\" type=\"tel\" name=\"your-phone\" \/><\/span>\n\t<\/p>\n\t<p>Correo electr\u00f3nico*<span class=\"wpcf7-form-control-wrap\" data-name=\"your-email\"><input size=\"40\" maxlength=\"400\" class=\"wpcf7-form-control wpcf7-email wpcf7-validates-as-required wpcf7-text wpcf7-validates-as-email\" aria-required=\"true\" aria-invalid=\"false\" placeholder=\"\" value=\"\" type=\"email\" name=\"your-email\" \/><\/span>\n\t<\/p>\n<\/div>\n<p class=\"rgnS\">Nombre de empresa <span class=\"wpcf7-form-control-wrap\" data-name=\"ragione\"><input size=\"40\" maxlength=\"400\" class=\"wpcf7-form-control wpcf7-text\" aria-invalid=\"false\" placeholder=\"\" value=\"\" type=\"text\" name=\"ragione\" \/><\/span>\n<\/p>\n<p class=\"infz\">Nota<span class=\"wpcf7-form-control-wrap\" data-name=\"your-message\"><textarea cols=\"40\" rows=\"10\" maxlength=\"2000\" class=\"wpcf7-form-control wpcf7-textarea\" aria-invalid=\"false\" placeholder=\"\" name=\"your-message\"><\/textarea><\/span>\n<\/p>\n<div class=\"privacy\">\n\t<p>El abajo firmante proporciona, a continuaci\u00f3n, la informaci\u00f3n relativa al uso de los datos personales facilitados por usted al cumplimentar este formulario, de conformidad con las normas establecidas en el Reglamento UE 2016\/679, relativo a la protecci\u00f3n de las personas f\u00edsicas en lo que respecta al tratamiento de datos personales, as\u00ed como la libre circulaci\u00f3n de dichos datos (tambi\u00e9n conocido como GDPR). Los datos que le conciernen, facilitados espont\u00e1neamente por usted al cumplimentar formularios inform\u00e1ticos, se recogen exclusivamente para permitir el contacto con la empresa y, eventualmente, ejecutar el contrato celebrado con usted. El suministro, por su parte, de los datos en cuesti\u00f3n es obligatorio; su posible negativa no nos permitir\u00e1 proporcionarle el producto\/servicio que solicit\u00f3 (potencialmente exponi\u00e9ndolo a responsabilidad por incumplimiento de contrato) y, en cualquier caso, procesar su solicitud. Dentro de nuestra estructura, s\u00f3lo el personal responsable de realizar las operaciones de tratamiento de datos podr\u00e1 tener conocimiento de los datos, siempre con las finalidades antes mencionadas. Tambi\u00e9n le recordamos que, realizando una solicitud espec\u00edfica al responsable del tratamiento, podr\u00e1 ejercer todos los derechos previstos en los art\u00edculos 15 a 22 del citado Reglamento UE, que le permiten, en particular, el derecho a solicitar el acceso. a los datos personales y a extraer copia (art. 15 RGPD), rectificaci\u00f3n (art. 16 RGPD) y cancelaci\u00f3n de los mismos (art. 17 RGPD), la limitaci\u00f3n del tratamiento que te concierne (art. 18 RGPD), la portabilidad de datos (art. 20 RGPD, cuando se cumplan las condiciones) y a oponerse al tratamiento que le concierne (art. 21 y 22 RGPD, para las hip\u00f3tesis mencionadas en el mismo y, en particular, al tratamiento con fines de marketing o que tenga como resultado un proceso automatizado de toma de decisiones, incluida la elaboraci\u00f3n de perfiles, que produzca efectos jur\u00eddicos sobre \u00e9l, cuando se cumplan las condiciones). Tambi\u00e9n le recordamos su derecho, si el tratamiento se basa en el consentimiento, a revocar dicho consentimiento en cualquier momento, sin perjuicio de la licitud del tratamiento basado en el consentimiento prestado antes de la revocaci\u00f3n; Para ello, puede darse de baja en cualquier momento poni\u00e9ndose en contacto con el responsable del tratamiento a trav\u00e9s de los datos de contacto publicados en el propio sitio. Tambi\u00e9n le informamos del derecho a presentar una reclamaci\u00f3n ante la Autoridad Garante para la Protecci\u00f3n de Datos Personales, como autoridad de control que opera en Italia, y a presentar un recurso judicial, tanto contra una decisi\u00f3n de la Autoridad Garante como contra el propietario del el propio tratamiento y\/o un responsable del tratamiento.\n\t<\/p>\n<\/div>\n<p><span class=\"wpcf7-form-control-wrap\" data-name=\"checkbox-899\"><span class=\"wpcf7-form-control wpcf7-checkbox wpcf7-validates-as-required\"><span class=\"wpcf7-list-item first last\"><input type=\"checkbox\" name=\"checkbox-899[]\" value=\"*  He le\u00eddo y acepto las condiciones de privacidad\" \/><span class=\"wpcf7-list-item-label\">*  He le\u00eddo y acepto las condiciones de privacidad<\/span><\/span><\/span><\/span>\n<\/p>\n<p><button class=\"wpcf7-form-control wpcf7-submit has-spinner et_pb_button et_pb_bg_layout_light\" type=\"submit\" value=\"Enviar\">Enviar<\/button>\n<\/p><div class=\"wpcf7-response-output\" aria-hidden=\"true\"><\/div>\n<\/form>\n<\/div>\n\n\t\t\t<\/div>\n\t\t\t\t<\/div>\n\t\t\t<\/div>Via C. Sallustio 61 &#8211; 41123 MODENA (MO)info@novadistribution.eu+39 059 335611+39 329 3919062+39 324 7705995<\/p>\n","protected":false},"author":1,"featured_media":0,"parent":0,"menu_order":0,"comment_status":"closed","ping_status":"closed","template":"","meta":{"_et_pb_use_builder":"on","_et_pb_old_content":"","_et_gb_content_width":"","_joinchat":[],"footnotes":""},"class_list":["post-7375","page","type-page","status-publish","hentry"],"_links":{"self":[{"href":"https:\/\/www.novadistribution.eu\/es\/wp-json\/wp\/v2\/pages\/7375","targetHints":{"allow":["GET"]}}],"collection":[{"href":"https:\/\/www.novadistribution.eu\/es\/wp-json\/wp\/v2\/pages"}],"about":[{"href":"https:\/\/www.novadistribution.eu\/es\/wp-json\/wp\/v2\/types\/page"}],"author":[{"embeddable":true,"href":"https:\/\/www.novadistribution.eu\/es\/wp-json\/wp\/v2\/users\/1"}],"replies":[{"embeddable":true,"href":"https:\/\/www.novadistribution.eu\/es\/wp-json\/wp\/v2\/comments?post=7375"}],"version-history":[{"count":5,"href":"https:\/\/www.novadistribution.eu\/es\/wp-json\/wp\/v2\/pages\/7375\/revisions"}],"predecessor-version":[{"id":13379,"href":"https:\/\/www.novadistribution.eu\/es\/wp-json\/wp\/v2\/pages\/7375\/revisions\/13379"}],"wp:attachment":[{"href":"https:\/\/www.novadistribution.eu\/es\/wp-json\/wp\/v2\/media?parent=7375"}],"curies":[{"name":"wp","href":"https:\/\/api.w.org\/{rel}","templated":true}]}}