{"id":780375,"date":"2019-01-17T11:51:40","date_gmt":"2019-01-17T11:51:40","guid":{"rendered":"https:\/\/www.novadistribution.eu\/?post_type=product&#038;p=780375"},"modified":"2019-01-17T12:02:07","modified_gmt":"2019-01-17T12:02:07","slug":"embrague-ndsup1100-nd-50-01171-24","status":"publish","type":"product","link":"https:\/\/www.novadistribution.eu\/es\/prodotti\/embragues\/embragues-carrier-transicold\/embrague-ndsup1100-nd-50-01171-24\/","title":{"rendered":"Embrague NDSUP1100 (ND-50-01171-24)"},"content":{"rendered":"<div class=\"text-wrap tlid-copy-target\">\n<div class=\"result-shield-container tlid-copy-target\">\n<p><span class=\"tlid-translation translation\"><span class=\"\" title=\"\"><strong>Embrague<\/strong> adecuado para unidades <strong>Transicold Carrier:<\/strong><\/span><\/span><\/p>\n<p>Supra 850U (undermount)<\/p>\n<div class=\"result-shield-container tlid-copy-target\">\n<p><span class=\"\" title=\"\">El embrague est\u00e1 galvanizado, no est\u00e1 pintado, est\u00e1 totalmente equilibrado y est\u00e1 construido con material de fricci\u00f3n de larga duraci\u00f3n.<\/span><\/p>\n<p><span title=\"\">Este embrague es un producto <strong>NOVA DISTRIBUTION.<\/strong><\/span><\/p>\n<p><span title=\"\">Hecho en italia<\/span><\/p>\n<\/div>\n<\/div>\n<\/div>\n","protected":false},"excerpt":{"rendered":"<p><span class=\"tlid-translation translation\"><span class=\"\" title=\"\">C\u00f3digos de conversi\u00f3n OEM:<\/span><\/span><\/p>\n<p>50-01171-24<\/p>\n<p>500117124<\/p>\n<p><span title=\"\">C\u00f3digos OEM antiguos:<\/span><\/p>\n<p>50-60251-00<\/p>\n<p>506025100<\/p>\n<p>&nbsp;<\/p>\n","protected":false},"featured_media":780376,"template":"","meta":{"_et_pb_use_builder":"","_et_pb_old_content":"","_et_gb_content_width":"","_joinchat":[]},"product_brand":[],"product_cat":[440],"product_tag":[],"class_list":{"0":"post-780375","1":"product","2":"type-product","3":"status-publish","4":"has-post-thumbnail","6":"product_cat-embragues-carrier-transicold","8":"first","9":"instock","10":"purchasable","11":"product-type-simple"},"_links":{"self":[{"href":"https:\/\/www.novadistribution.eu\/es\/wp-json\/wp\/v2\/product\/780375","targetHints":{"allow":["GET"]}}],"collection":[{"href":"https:\/\/www.novadistribution.eu\/es\/wp-json\/wp\/v2\/product"}],"about":[{"href":"https:\/\/www.novadistribution.eu\/es\/wp-json\/wp\/v2\/types\/product"}],"wp:featuredmedia":[{"embeddable":true,"href":"https:\/\/www.novadistribution.eu\/es\/wp-json\/wp\/v2\/media\/780376"}],"wp:attachment":[{"href":"https:\/\/www.novadistribution.eu\/es\/wp-json\/wp\/v2\/media?parent=780375"}],"wp:term":[{"taxonomy":"product_brand","embeddable":true,"href":"https:\/\/www.novadistribution.eu\/es\/wp-json\/wp\/v2\/product_brand?post=780375"},{"taxonomy":"product_cat","embeddable":true,"href":"https:\/\/www.novadistribution.eu\/es\/wp-json\/wp\/v2\/product_cat?post=780375"},{"taxonomy":"product_tag","embeddable":true,"href":"https:\/\/www.novadistribution.eu\/es\/wp-json\/wp\/v2\/product_tag?post=780375"}],"curies":[{"name":"wp","href":"https:\/\/api.w.org\/{rel}","templated":true}]}}