{"id":780475,"date":"2019-01-21T20:33:00","date_gmt":"2019-01-21T20:33:00","guid":{"rendered":"https:\/\/www.novadistribution.eu\/?post_type=product&#038;p=780475"},"modified":"2019-04-03T08:48:39","modified_gmt":"2019-04-03T08:48:39","slug":"embrague-ndfrsl2w-nd-107-343","status":"publish","type":"product","link":"https:\/\/www.novadistribution.eu\/es\/prodotti\/embragues\/embragues-thermo-king\/embrague-ndfrsl2w-nd-107-343\/","title":{"rendered":"Embrague NDFRSL2W (ND-107-343)"},"content":{"rendered":"<div class=\"text-wrap tlid-copy-target\">\n<div class=\"result-shield-container tlid-copy-target\">\n<p><strong>Embrague<\/strong> adecuado para unidades Thermo King:<\/p>\n<p>SB III \/ 200 \/ 210<\/p>\n<p>SL 100 \/ 200 \/ 300 \/ 400<\/p>\n<p><span class=\"tlid-translation translation\"><span class=\"\" title=\"\">El embrague est\u00e1 galvanizado, no pintado con rociado, totalmente equilibrado y construido con material de fricci\u00f3n de larga duraci\u00f3n.<\/span><\/span><\/p>\n<p>Este embrague es un producto <strong>NOVA DISTRIBUTION.<\/strong><\/p>\n<p><em>Hecho en italia<\/em><\/p>\n<\/div>\n<\/div>\n","protected":false},"excerpt":{"rendered":"<div class=\"text\">\n<div class=\"woocommerce-product-details__short-description\">\n<div class=\"text\">\n<div class=\"woocommerce-product-details__short-description\">\n<p><span class=\"tlid-translation translation\"><span class=\"\" title=\"\">C\u00f3digos de conversi\u00f3n OEM:<\/span><\/span><\/p>\n<p>107-349<\/p>\n<p>1070349<\/p>\n<p>107-0349<\/p>\n<p><span class=\"tlid-translation translation\"><span class=\"\" title=\"\">C\u00f3digos OEM antiguos:<\/span><\/span><\/p>\n<p>107-291<\/p>\n<p>1070291<\/p>\n<p>107-0291<\/p>\n<\/div>\n<\/div>\n<\/div>\n<\/div>\n","protected":false},"featured_media":780476,"template":"","meta":{"_et_pb_use_builder":"","_et_pb_old_content":"","_et_gb_content_width":"","_joinchat":[]},"product_brand":[],"product_cat":[428,446],"product_tag":[],"class_list":{"0":"post-780475","1":"product","2":"type-product","3":"status-publish","4":"has-post-thumbnail","6":"product_cat-embragues","7":"product_cat-embragues-thermo-king","9":"first","10":"instock","11":"purchasable","12":"product-type-simple"},"_links":{"self":[{"href":"https:\/\/www.novadistribution.eu\/es\/wp-json\/wp\/v2\/product\/780475","targetHints":{"allow":["GET"]}}],"collection":[{"href":"https:\/\/www.novadistribution.eu\/es\/wp-json\/wp\/v2\/product"}],"about":[{"href":"https:\/\/www.novadistribution.eu\/es\/wp-json\/wp\/v2\/types\/product"}],"wp:featuredmedia":[{"embeddable":true,"href":"https:\/\/www.novadistribution.eu\/es\/wp-json\/wp\/v2\/media\/780476"}],"wp:attachment":[{"href":"https:\/\/www.novadistribution.eu\/es\/wp-json\/wp\/v2\/media?parent=780475"}],"wp:term":[{"taxonomy":"product_brand","embeddable":true,"href":"https:\/\/www.novadistribution.eu\/es\/wp-json\/wp\/v2\/product_brand?post=780475"},{"taxonomy":"product_cat","embeddable":true,"href":"https:\/\/www.novadistribution.eu\/es\/wp-json\/wp\/v2\/product_cat?post=780475"},{"taxonomy":"product_tag","embeddable":true,"href":"https:\/\/www.novadistribution.eu\/es\/wp-json\/wp\/v2\/product_tag?post=780475"}],"curies":[{"name":"wp","href":"https:\/\/api.w.org\/{rel}","templated":true}]}}