{"id":780497,"date":"2019-02-02T18:14:51","date_gmt":"2019-02-02T18:14:51","guid":{"rendered":"https:\/\/www.novadistribution.eu\/?post_type=product&#038;p=780497"},"modified":"2020-05-20T14:42:57","modified_gmt":"2020-05-20T14:42:57","slug":"embrague-ndfrslpw-nd-107-344-nd-107-364","status":"publish","type":"product","link":"https:\/\/www.novadistribution.eu\/es\/prodotti\/embragues\/embragues-thermo-king\/embrague-ndfrslpw-nd-107-344-nd-107-364\/","title":{"rendered":"Embrague NDFRSLPW (ND-107-344\/ND-107-364)"},"content":{"rendered":"<p><strong>Embrague<\/strong> adecuado para unidades Thermo King:<\/p>\n<p>SLX 100 \/ 200 \/ 300 \/ 400<\/p>\n<p>SLe 100 \/ 200 \/ 300 \/ 400<\/p>\n<p><span class=\"tlid-translation translation\"><span class=\"\" title=\"\">El embrague est\u00e1 galvanizado, no pintado con rociado, totalmente equilibrado y construido con material de fricci\u00f3n de larga duraci\u00f3n.<\/span><\/span><\/p>\n<p>Este embrague es un producto <strong>NOVA DISTRIBUTION.<\/strong><\/p>\n<p><em>Hecho en italia<\/em><\/p>\n<p>&nbsp;<\/p>\n","protected":false},"excerpt":{"rendered":"<div class=\"text\">\n<div class=\"woocommerce-product-details__short-description\">\n<div class=\"text\">\n<div class=\"woocommerce-product-details__short-description\">\n<p><span class=\"tlid-translation translation\"><span class=\"\" title=\"\">C\u00f3digos de conversi\u00f3n OEM:<\/span><\/span><\/p>\n<p>107-344<\/p>\n<p>1070344<\/p>\n<p>107-0344<\/p>\n<p>107-364<\/p>\n<p>1070364<\/p>\n<p>&nbsp;<\/p>\n<\/div>\n<\/div>\n<\/div>\n<\/div>\n","protected":false},"featured_media":780498,"template":"","meta":{"_et_pb_use_builder":"","_et_pb_old_content":"","_et_gb_content_width":"","_joinchat":[]},"product_brand":[],"product_cat":[446],"product_tag":[],"class_list":{"0":"post-780497","1":"product","2":"type-product","3":"status-publish","4":"has-post-thumbnail","6":"product_cat-embragues-thermo-king","8":"first","9":"instock","10":"purchasable","11":"product-type-simple"},"_links":{"self":[{"href":"https:\/\/www.novadistribution.eu\/es\/wp-json\/wp\/v2\/product\/780497","targetHints":{"allow":["GET"]}}],"collection":[{"href":"https:\/\/www.novadistribution.eu\/es\/wp-json\/wp\/v2\/product"}],"about":[{"href":"https:\/\/www.novadistribution.eu\/es\/wp-json\/wp\/v2\/types\/product"}],"wp:featuredmedia":[{"embeddable":true,"href":"https:\/\/www.novadistribution.eu\/es\/wp-json\/wp\/v2\/media\/780498"}],"wp:attachment":[{"href":"https:\/\/www.novadistribution.eu\/es\/wp-json\/wp\/v2\/media?parent=780497"}],"wp:term":[{"taxonomy":"product_brand","embeddable":true,"href":"https:\/\/www.novadistribution.eu\/es\/wp-json\/wp\/v2\/product_brand?post=780497"},{"taxonomy":"product_cat","embeddable":true,"href":"https:\/\/www.novadistribution.eu\/es\/wp-json\/wp\/v2\/product_cat?post=780497"},{"taxonomy":"product_tag","embeddable":true,"href":"https:\/\/www.novadistribution.eu\/es\/wp-json\/wp\/v2\/product_tag?post=780497"}],"curies":[{"name":"wp","href":"https:\/\/api.w.org\/{rel}","templated":true}]}}