{"id":780541,"date":"2019-02-13T21:46:33","date_gmt":"2019-02-13T21:46:33","guid":{"rendered":"https:\/\/www.novadistribution.eu\/?post_type=product&#038;p=780541"},"modified":"2019-02-13T22:07:43","modified_gmt":"2019-02-13T22:07:43","slug":"solenoide-de-parada-de-combustible-ndssgtk-nd-42-100","status":"publish","type":"product","link":"https:\/\/www.novadistribution.eu\/es\/prodotti\/solenoides\/solenoides-thermo-king\/solenoide-de-parada-de-combustible-ndssgtk-nd-42-100\/","title":{"rendered":"Solenoide de parada de combustible NDSSGTK (ND-42-100)"},"content":{"rendered":"<p>12V solenoide de parada de combustible para Yanmar TK4.82 TK4.86 TK3.95 TK3.76 motores.<\/p>\n<p>Puede utilizarse en unidades:<\/p>\n<p>&#8211; SL 100\/200\/300\/400<\/p>\n<p>&#8211; SLe 100\/200\/300\/400<\/p>\n<p>&#8211; TS 200\/300\/500\/600<\/p>\n<p>&#8211; UTS<\/p>\n<p>&#8211; SLX 100\/200\/400<\/p>\n<p>&#8211; SLXe 100\/200\/400<\/p>\n<p>Electroim\u00e1n con cuerpo totalmente met\u00e1lico, juntas para evitar fugas de aceite y electroimanes de larga duraci\u00f3n.<\/p>\n<p>Made in Italy<\/p>\n<p>Producto fabricado con componentes con certificaci\u00f3n ISO 9001<\/p>\n","protected":false},"excerpt":{"rendered":"<p>C\u00f3digos de conversi\u00f3n OEM:<\/p>\n<p>42-100<\/p>\n<p>42100<\/p>\n<p>420100<\/p>\n<p>Vecchi codici OEM:<\/p>\n<p>41-4306<\/p>\n<p>41-3291<\/p>\n<p>41-4363<\/p>\n","protected":false},"featured_media":780542,"template":"","meta":{"_et_pb_use_builder":"","_et_pb_old_content":"","_et_gb_content_width":"","_joinchat":[]},"product_brand":[],"product_cat":[458],"product_tag":[],"class_list":{"0":"post-780541","1":"product","2":"type-product","3":"status-publish","4":"has-post-thumbnail","6":"product_cat-solenoides-thermo-king","8":"first","9":"instock","10":"purchasable","11":"product-type-simple"},"_links":{"self":[{"href":"https:\/\/www.novadistribution.eu\/es\/wp-json\/wp\/v2\/product\/780541","targetHints":{"allow":["GET"]}}],"collection":[{"href":"https:\/\/www.novadistribution.eu\/es\/wp-json\/wp\/v2\/product"}],"about":[{"href":"https:\/\/www.novadistribution.eu\/es\/wp-json\/wp\/v2\/types\/product"}],"wp:featuredmedia":[{"embeddable":true,"href":"https:\/\/www.novadistribution.eu\/es\/wp-json\/wp\/v2\/media\/780542"}],"wp:attachment":[{"href":"https:\/\/www.novadistribution.eu\/es\/wp-json\/wp\/v2\/media?parent=780541"}],"wp:term":[{"taxonomy":"product_brand","embeddable":true,"href":"https:\/\/www.novadistribution.eu\/es\/wp-json\/wp\/v2\/product_brand?post=780541"},{"taxonomy":"product_cat","embeddable":true,"href":"https:\/\/www.novadistribution.eu\/es\/wp-json\/wp\/v2\/product_cat?post=780541"},{"taxonomy":"product_tag","embeddable":true,"href":"https:\/\/www.novadistribution.eu\/es\/wp-json\/wp\/v2\/product_tag?post=780541"}],"curies":[{"name":"wp","href":"https:\/\/api.w.org\/{rel}","templated":true}]}}