{"id":780811,"date":"2019-07-03T11:26:23","date_gmt":"2019-07-03T11:26:23","guid":{"rendered":"https:\/\/www.novadistribution.eu\/?post_type=product&#038;p=780811"},"modified":"2019-07-03T11:45:59","modified_gmt":"2019-07-03T11:45:59","slug":"embrague-ndfrvec-nd-50-60445-02","status":"publish","type":"product","link":"https:\/\/www.novadistribution.eu\/es\/prodotti\/embragues\/embragues-carrier-transicold\/embrague-ndfrvec-nd-50-60445-02\/","title":{"rendered":"Embrague NDFRVEC (ND-50-60445-02)"},"content":{"rendered":"<div class=\"text-wrap tlid-copy-target\">\n<div class=\"result-shield-container tlid-copy-target\">\n<div class=\"text-wrap tlid-copy-target\">\n<div class=\"result-shield-container tlid-copy-target\">\n<p><span class=\"tlid-translation translation\"><span class=\"\" title=\"\"><strong>Embrague<\/strong> adecuado para unidades <strong>Transicold Carrier:<\/strong><\/span><\/span><\/p>\n<p><span class=\"\" title=\"\">Vector 1350<br \/>\n<\/span><\/p>\n<p><span class=\"\" title=\"\">El embrague est\u00e1 galvanizado, no est\u00e1 pintado, est\u00e1 totalmente equilibrado y est\u00e1 construido con material de fricci\u00f3n de larga duraci\u00f3n.<\/span><\/p>\n<p><span title=\"\">Este embrague es un producto <strong>NOVA DISTRIBUTION.<\/strong><\/span><\/p>\n<p><span title=\"\">Hecho en italia<\/span><\/p>\n<\/div>\n<\/div>\n<\/div>\n<\/div>\n","protected":false},"excerpt":{"rendered":"<div class=\"text\">\n<div class=\"woocommerce-product-details__short-description\">\n<p><span class=\"tlid-translation translation\"><span class=\"\" title=\"\">C\u00f3digos de conversi\u00f3n OEM:<\/span><\/span><\/p>\n<p>50-60445-02<\/p>\n<p>506044502<\/p>\n<p><span title=\"\">C\u00f3digos OEM antiguos:<\/span><\/p>\n<p>50-60445-01<\/p>\n<p>506044501<\/p>\n<p>&nbsp;<\/p>\n<\/div>\n<\/div>\n","protected":false},"featured_media":780812,"template":"","meta":{"_et_pb_use_builder":"","_et_pb_old_content":"","_et_gb_content_width":"","_joinchat":[]},"product_brand":[],"product_cat":[440],"product_tag":[],"class_list":{"0":"post-780811","1":"product","2":"type-product","3":"status-publish","4":"has-post-thumbnail","6":"product_cat-embragues-carrier-transicold","8":"first","9":"instock","10":"purchasable","11":"product-type-simple"},"_links":{"self":[{"href":"https:\/\/www.novadistribution.eu\/es\/wp-json\/wp\/v2\/product\/780811","targetHints":{"allow":["GET"]}}],"collection":[{"href":"https:\/\/www.novadistribution.eu\/es\/wp-json\/wp\/v2\/product"}],"about":[{"href":"https:\/\/www.novadistribution.eu\/es\/wp-json\/wp\/v2\/types\/product"}],"wp:featuredmedia":[{"embeddable":true,"href":"https:\/\/www.novadistribution.eu\/es\/wp-json\/wp\/v2\/media\/780812"}],"wp:attachment":[{"href":"https:\/\/www.novadistribution.eu\/es\/wp-json\/wp\/v2\/media?parent=780811"}],"wp:term":[{"taxonomy":"product_brand","embeddable":true,"href":"https:\/\/www.novadistribution.eu\/es\/wp-json\/wp\/v2\/product_brand?post=780811"},{"taxonomy":"product_cat","embeddable":true,"href":"https:\/\/www.novadistribution.eu\/es\/wp-json\/wp\/v2\/product_cat?post=780811"},{"taxonomy":"product_tag","embeddable":true,"href":"https:\/\/www.novadistribution.eu\/es\/wp-json\/wp\/v2\/product_tag?post=780811"}],"curies":[{"name":"wp","href":"https:\/\/api.w.org\/{rel}","templated":true}]}}