{"id":782005,"date":"2020-07-09T19:21:55","date_gmt":"2020-07-09T19:21:55","guid":{"rendered":"https:\/\/www.novadistribution.eu\/?post_type=product&#038;p=782005"},"modified":"2020-07-09T19:21:55","modified_gmt":"2020-07-09T19:21:55","slug":"embrague-ndfrsmx-nd-107-341","status":"publish","type":"product","link":"https:\/\/www.novadistribution.eu\/es\/prodotti\/embragues\/embragues-thermo-king\/embrague-ndfrsmx-nd-107-341\/","title":{"rendered":"Embrague NDFRSMX (ND-107-341)"},"content":{"rendered":"<p><strong>Embrague<\/strong> adecuado para unidades Thermo King:<\/p>\n<p>SMX\/II<\/p>\n<p>SB II\/III<\/p>\n<p><span class=\"tlid-translation translation\"><span class=\"\" title=\"\">El embrague est\u00e1 galvanizado, no pintado con rociado, totalmente equilibrado y construido con material de fricci\u00f3n de larga duraci\u00f3n.<\/span><\/span><\/p>\n<p>Este embrague es un producto <strong>NOVA DISTRIBUTION.<\/strong><\/p>\n<p><em>Hecho en italia<\/em><\/p>\n<p>&nbsp;<\/p>\n","protected":false},"excerpt":{"rendered":"<p><span class=\"tlid-translation translation\"><span class=\"\" title=\"\">C\u00f3digos de conversi\u00f3n OEM:<\/span><\/span><\/p>\n<p>107-341<\/p>\n<p>1070341<\/p>\n<p><span class=\"tlid-translation translation\"><span class=\"\" title=\"\">C\u00f3digos OEM antiguos:<\/span><\/span><\/p>\n","protected":false},"featured_media":782006,"template":"","meta":{"_et_pb_use_builder":"","_et_pb_old_content":"","_et_gb_content_width":"","_joinchat":[]},"product_brand":[],"product_cat":[446],"product_tag":[],"class_list":{"0":"post-782005","1":"product","2":"type-product","3":"status-publish","4":"has-post-thumbnail","6":"product_cat-embragues-thermo-king","8":"first","9":"instock","10":"purchasable","11":"product-type-simple"},"_links":{"self":[{"href":"https:\/\/www.novadistribution.eu\/es\/wp-json\/wp\/v2\/product\/782005","targetHints":{"allow":["GET"]}}],"collection":[{"href":"https:\/\/www.novadistribution.eu\/es\/wp-json\/wp\/v2\/product"}],"about":[{"href":"https:\/\/www.novadistribution.eu\/es\/wp-json\/wp\/v2\/types\/product"}],"wp:featuredmedia":[{"embeddable":true,"href":"https:\/\/www.novadistribution.eu\/es\/wp-json\/wp\/v2\/media\/782006"}],"wp:attachment":[{"href":"https:\/\/www.novadistribution.eu\/es\/wp-json\/wp\/v2\/media?parent=782005"}],"wp:term":[{"taxonomy":"product_brand","embeddable":true,"href":"https:\/\/www.novadistribution.eu\/es\/wp-json\/wp\/v2\/product_brand?post=782005"},{"taxonomy":"product_cat","embeddable":true,"href":"https:\/\/www.novadistribution.eu\/es\/wp-json\/wp\/v2\/product_cat?post=782005"},{"taxonomy":"product_tag","embeddable":true,"href":"https:\/\/www.novadistribution.eu\/es\/wp-json\/wp\/v2\/product_tag?post=782005"}],"curies":[{"name":"wp","href":"https:\/\/api.w.org\/{rel}","templated":true}]}}