{"id":782149,"date":"2020-09-15T12:02:08","date_gmt":"2020-09-15T12:02:08","guid":{"rendered":"https:\/\/www.novadistribution.eu\/?post_type=product&#038;p=782149"},"modified":"2023-09-21T19:09:43","modified_gmt":"2023-09-21T19:09:43","slug":"transformador-serie-v-ndtrtkv-nd-41-7942-nd-41-7943","status":"publish","type":"product","link":"https:\/\/www.novadistribution.eu\/es\/prodotti\/partes-electricas\/transformadores-y-cargadores-de-baterias\/transformador-serie-v-ndtrtkv-nd-41-7942-nd-41-7943\/","title":{"rendered":"Transformador serie V NDTRTKV (ND-41-7942 \/ ND-41-7943)"},"content":{"rendered":"<p>Transformador para unidades de refrigeraci\u00f3n <strong>Thermo King:<\/strong><\/p>\n<p>V100\/200;<\/p>\n<p>V300\/500;<\/p>\n<p>V700<\/p>\n<p>Tensi\u00f3n primaria 230V-400V, Amperios 600VA, Hz 50\/60;<\/p>\n<p>Soluci\u00f3n \u00fanica para todos los c\u00f3digos OEM 41-7942, 41-7943<\/p>\n<p><strong>Fabricado en Italia<\/strong><\/p>\n<p>Este es un producto de <strong>NOVA DISTRIBUTION<\/strong><\/p>\n","protected":false},"excerpt":{"rendered":"<p>C\u00f3digos de conversi\u00f3n OEM:<\/p>\n<p>41-7942<\/p>\n<p>417942<\/p>\n<p>41-7943<\/p>\n<p>417943<\/p>\n<p>C\u00f3digos OEM antiguos:<\/p>\n<p>41-5797<\/p>\n<p>415797<\/p>\n<p>41-5706<\/p>\n<p>415706<\/p>\n<p>&nbsp;<\/p>\n","protected":false},"featured_media":782150,"template":"","meta":{"_et_pb_use_builder":"","_et_pb_old_content":"","_et_gb_content_width":"","_joinchat":[]},"product_brand":[],"product_cat":[506,572],"product_tag":[],"class_list":{"0":"post-782149","1":"product","2":"type-product","3":"status-publish","4":"has-post-thumbnail","6":"product_cat-partes-electricas","7":"product_cat-transformadores-y-cargadores-de-baterias","9":"first","10":"instock","11":"purchasable","12":"product-type-simple"},"_links":{"self":[{"href":"https:\/\/www.novadistribution.eu\/es\/wp-json\/wp\/v2\/product\/782149","targetHints":{"allow":["GET"]}}],"collection":[{"href":"https:\/\/www.novadistribution.eu\/es\/wp-json\/wp\/v2\/product"}],"about":[{"href":"https:\/\/www.novadistribution.eu\/es\/wp-json\/wp\/v2\/types\/product"}],"wp:featuredmedia":[{"embeddable":true,"href":"https:\/\/www.novadistribution.eu\/es\/wp-json\/wp\/v2\/media\/782150"}],"wp:attachment":[{"href":"https:\/\/www.novadistribution.eu\/es\/wp-json\/wp\/v2\/media?parent=782149"}],"wp:term":[{"taxonomy":"product_brand","embeddable":true,"href":"https:\/\/www.novadistribution.eu\/es\/wp-json\/wp\/v2\/product_brand?post=782149"},{"taxonomy":"product_cat","embeddable":true,"href":"https:\/\/www.novadistribution.eu\/es\/wp-json\/wp\/v2\/product_cat?post=782149"},{"taxonomy":"product_tag","embeddable":true,"href":"https:\/\/www.novadistribution.eu\/es\/wp-json\/wp\/v2\/product_tag?post=782149"}],"curies":[{"name":"wp","href":"https:\/\/api.w.org\/{rel}","templated":true}]}}