{"id":782681,"date":"2021-12-02T16:36:48","date_gmt":"2021-12-02T16:36:48","guid":{"rendered":"https:\/\/www.novadistribution.eu\/?post_type=product&#038;p=782681"},"modified":"2024-07-09T17:05:36","modified_gmt":"2024-07-09T17:05:36","slug":"junta-logica-tk-sr2-ndeltksr2c-nd-45-2268","status":"publish","type":"product","link":"https:\/\/www.novadistribution.eu\/es\/prodotti\/electronica\/junta-logica-tk-sr2-ndeltksr2c-nd-45-2268\/","title":{"rendered":"Junta l\u00f3gica TK SR2 NDELTKSR2C (ND-45-2268)"},"content":{"rendered":"<p>Placa de microprocesador y rel\u00e9s para unidades de refrigeraci\u00f3n <strong>Thermo King<\/strong>:<\/p>\n<p>&#8211; SL<\/p>\n<p>&#8211; SLe<\/p>\n<p>&#8211; SLX<\/p>\n<p>Microprocesador reacondicionado a nuevo.<\/p>\n<p>El microprocesador se suministra con un programa de intercambio.<\/p>\n<p>La devoluci\u00f3n debe ser reacondicionable.<\/p>\n","protected":false},"excerpt":{"rendered":"<p><span class=\"tlid-translation translation\"><span class=\"\" title=\"\">C\u00f3digos de conversi\u00f3n<\/span><\/span> OEM:<\/p>\n<p>45-2268<\/p>\n<p><span title=\"\">C\u00f3digos OEM antiguos<\/span>:<\/p>\n<p>45-2127<br \/>\n45-2149<br \/>\n45-5363<br \/>\n45-2275<br \/>\n1E52009G01<br \/>\n1E52010G04<br \/>\n45-2276<br \/>\n1E9268G01<br \/>\n1E29268G01<br \/>\n1E35103G02<br \/>\n1E52011G01<br \/>\n1E929268G01<br \/>\n41-5363<br \/>\n1E19306G01<\/p>\n","protected":false},"featured_media":782682,"template":"","meta":{"_et_pb_use_builder":"","_et_pb_old_content":"","_et_gb_content_width":"","_joinchat":[]},"product_brand":[],"product_cat":[518],"product_tag":[],"class_list":{"0":"post-782681","1":"product","2":"type-product","3":"status-publish","4":"has-post-thumbnail","6":"product_cat-electronica","8":"first","9":"instock","10":"purchasable","11":"product-type-simple"},"_links":{"self":[{"href":"https:\/\/www.novadistribution.eu\/es\/wp-json\/wp\/v2\/product\/782681","targetHints":{"allow":["GET"]}}],"collection":[{"href":"https:\/\/www.novadistribution.eu\/es\/wp-json\/wp\/v2\/product"}],"about":[{"href":"https:\/\/www.novadistribution.eu\/es\/wp-json\/wp\/v2\/types\/product"}],"wp:featuredmedia":[{"embeddable":true,"href":"https:\/\/www.novadistribution.eu\/es\/wp-json\/wp\/v2\/media\/782682"}],"wp:attachment":[{"href":"https:\/\/www.novadistribution.eu\/es\/wp-json\/wp\/v2\/media?parent=782681"}],"wp:term":[{"taxonomy":"product_brand","embeddable":true,"href":"https:\/\/www.novadistribution.eu\/es\/wp-json\/wp\/v2\/product_brand?post=782681"},{"taxonomy":"product_cat","embeddable":true,"href":"https:\/\/www.novadistribution.eu\/es\/wp-json\/wp\/v2\/product_cat?post=782681"},{"taxonomy":"product_tag","embeddable":true,"href":"https:\/\/www.novadistribution.eu\/es\/wp-json\/wp\/v2\/product_tag?post=782681"}],"curies":[{"name":"wp","href":"https:\/\/api.w.org\/{rel}","templated":true}]}}