{"id":785197,"date":"2024-09-17T16:21:55","date_gmt":"2024-09-17T16:21:55","guid":{"rendered":"https:\/\/www.novadistribution.eu\/?post_type=product&#038;p=785197"},"modified":"2024-09-17T16:48:21","modified_gmt":"2024-09-17T16:48:21","slug":"placa-de-reles-supra-ndelsupsr-nd-12-00460-06","status":"publish","type":"product","link":"https:\/\/www.novadistribution.eu\/es\/prodotti\/electronica\/placa-de-reles-supra-ndelsupsr-nd-12-00460-06\/","title":{"rendered":"Placa De Rel\u00e9s Supra NDELSUPSR (ND-12-00460-06)"},"content":{"rendered":"<p><strong>Placa de rel\u00e9 de temperatura \u00fanica<\/strong><\/p>\n<p>Adecuado para unidades\u00a0<strong>Carrier Transicold<\/strong>:<\/p>\n<p><strong>Supra<\/strong>:\u00a0 \u00a0750MT\/ 850MT\/ 950<\/p>\n<p>Este es un producto reacondicionado y viene con programa de intercambio<\/p>\n<p>La devoluci\u00f3n debe ser renovable<\/p>\n","protected":false},"excerpt":{"rendered":"<p>C\u00f3digos de conversi\u00f3n OEM:<\/p>\n<p>12-00460-08<\/p>\n<p>120046008<\/p>\n<p>12-00460-07<\/p>\n<p>120046007<\/p>\n<p>12-00460-06<\/p>\n<p>120046006<\/p>\n<p>12-00460-05<\/p>\n<p>120046005<\/p>\n<p>12-00460-04<\/p>\n<p>120046004<\/p>\n<p>12-00460-03<\/p>\n<p>120046003<\/p>\n<p>12-00460-02<\/p>\n<p>120046002<\/p>\n<p>12-00460-01<\/p>\n<p>120046001<\/p>\n","protected":false},"featured_media":785198,"template":"","meta":{"_et_pb_use_builder":"","_et_pb_old_content":"","_et_gb_content_width":"","_joinchat":[]},"product_brand":[],"product_cat":[518],"product_tag":[],"class_list":{"0":"post-785197","1":"product","2":"type-product","3":"status-publish","4":"has-post-thumbnail","6":"product_cat-electronica","8":"first","9":"instock","10":"purchasable","11":"product-type-simple"},"_links":{"self":[{"href":"https:\/\/www.novadistribution.eu\/es\/wp-json\/wp\/v2\/product\/785197","targetHints":{"allow":["GET"]}}],"collection":[{"href":"https:\/\/www.novadistribution.eu\/es\/wp-json\/wp\/v2\/product"}],"about":[{"href":"https:\/\/www.novadistribution.eu\/es\/wp-json\/wp\/v2\/types\/product"}],"wp:featuredmedia":[{"embeddable":true,"href":"https:\/\/www.novadistribution.eu\/es\/wp-json\/wp\/v2\/media\/785198"}],"wp:attachment":[{"href":"https:\/\/www.novadistribution.eu\/es\/wp-json\/wp\/v2\/media?parent=785197"}],"wp:term":[{"taxonomy":"product_brand","embeddable":true,"href":"https:\/\/www.novadistribution.eu\/es\/wp-json\/wp\/v2\/product_brand?post=785197"},{"taxonomy":"product_cat","embeddable":true,"href":"https:\/\/www.novadistribution.eu\/es\/wp-json\/wp\/v2\/product_cat?post=785197"},{"taxonomy":"product_tag","embeddable":true,"href":"https:\/\/www.novadistribution.eu\/es\/wp-json\/wp\/v2\/product_tag?post=785197"}],"curies":[{"name":"wp","href":"https:\/\/api.w.org\/{rel}","templated":true}]}}