{"id":785485,"date":"2024-11-18T16:25:27","date_gmt":"2024-11-18T16:25:27","guid":{"rendered":"https:\/\/www.novadistribution.eu\/?post_type=product&#038;p=785485"},"modified":"2024-11-18T16:26:30","modified_gmt":"2024-11-18T16:26:30","slug":"deposito-de-expansion-slx-ndtkvaslx-nd-12-1028","status":"publish","type":"product","link":"https:\/\/www.novadistribution.eu\/es\/prodotti\/accesorios\/deposito-de-expansion-slx-ndtkvaslx-nd-12-1028\/","title":{"rendered":"Dep\u00f3sito de expansi\u00f3n SLX NDTKVASLX (ND-12-1028)"},"content":{"rendered":"<p><strong>Dep\u00f3sito de expansi\u00f3n con tapa<\/strong><\/p>\n<p>Adecuado para unidades <strong>Thermo King<\/strong>:<\/p>\n<p><strong>SLX<\/strong>:<\/p>\n<p>Producto no original<\/p>\n","protected":false},"excerpt":{"rendered":"<p>C\u00f3digos de conversi\u00f3n OEM:<\/p>\n<p>12-1028<\/p>\n<p>121028<\/p>\n<p>12-0920<\/p>\n<p>120920<\/p>\n","protected":false},"featured_media":785486,"template":"","meta":{"_et_pb_use_builder":"","_et_pb_old_content":"","_et_gb_content_width":"","_joinchat":[]},"product_brand":[],"product_cat":[404],"product_tag":[],"class_list":{"0":"post-785485","1":"product","2":"type-product","3":"status-publish","4":"has-post-thumbnail","6":"product_cat-accesorios","8":"first","9":"instock","10":"purchasable","11":"product-type-simple"},"_links":{"self":[{"href":"https:\/\/www.novadistribution.eu\/es\/wp-json\/wp\/v2\/product\/785485","targetHints":{"allow":["GET"]}}],"collection":[{"href":"https:\/\/www.novadistribution.eu\/es\/wp-json\/wp\/v2\/product"}],"about":[{"href":"https:\/\/www.novadistribution.eu\/es\/wp-json\/wp\/v2\/types\/product"}],"wp:featuredmedia":[{"embeddable":true,"href":"https:\/\/www.novadistribution.eu\/es\/wp-json\/wp\/v2\/media\/785486"}],"wp:attachment":[{"href":"https:\/\/www.novadistribution.eu\/es\/wp-json\/wp\/v2\/media?parent=785485"}],"wp:term":[{"taxonomy":"product_brand","embeddable":true,"href":"https:\/\/www.novadistribution.eu\/es\/wp-json\/wp\/v2\/product_brand?post=785485"},{"taxonomy":"product_cat","embeddable":true,"href":"https:\/\/www.novadistribution.eu\/es\/wp-json\/wp\/v2\/product_cat?post=785485"},{"taxonomy":"product_tag","embeddable":true,"href":"https:\/\/www.novadistribution.eu\/es\/wp-json\/wp\/v2\/product_tag?post=785485"}],"curies":[{"name":"wp","href":"https:\/\/api.w.org\/{rel}","templated":true}]}}