{"id":785797,"date":"2025-02-10T15:03:26","date_gmt":"2025-02-10T15:03:26","guid":{"rendered":"https:\/\/www.novadistribution.eu\/?post_type=product&#038;p=785797"},"modified":"2025-03-18T16:54:38","modified_gmt":"2025-03-18T16:54:38","slug":"piston-05g-37cfm-ndcc05gpistp-nd-17-44070-00-2","status":"publish","type":"product","link":"https:\/\/www.novadistribution.eu\/es\/prodotti\/repuestos-compresores\/repuestos-carrier-transicold\/piston-05g-37cfm-ndcc05gpistp-nd-17-44070-00-2\/","title":{"rendered":"Pist\u00f3n 05G 37CFM NDCC05GPISTP (ND-17-44070-00)"},"content":{"rendered":"<p><strong>Pist\u00f3n moldeado est\u00e1ndar<\/strong><\/p>\n<p>Adecuado para unidades <strong>Carrier Transicold<\/strong>:<\/p>\n<p><strong>Compresor 05G Twin Port 37CFM<\/strong><\/p>\n<p>Producto no original<\/p>\n","protected":false},"excerpt":{"rendered":"<p>C\u00f3digos de conversi\u00f3n OEM:<\/p>\n<p>17-44070-00<\/p>\n<p>1744007000<\/p>\n","protected":false},"featured_media":785798,"template":"","meta":{"_et_pb_use_builder":"","_et_pb_old_content":"","_et_gb_content_width":"","_joinchat":[]},"product_brand":[],"product_cat":[638],"product_tag":[],"class_list":{"0":"post-785797","1":"product","2":"type-product","3":"status-publish","4":"has-post-thumbnail","6":"product_cat-repuestos-carrier-transicold","8":"first","9":"instock","10":"purchasable","11":"product-type-simple"},"_links":{"self":[{"href":"https:\/\/www.novadistribution.eu\/es\/wp-json\/wp\/v2\/product\/785797","targetHints":{"allow":["GET"]}}],"collection":[{"href":"https:\/\/www.novadistribution.eu\/es\/wp-json\/wp\/v2\/product"}],"about":[{"href":"https:\/\/www.novadistribution.eu\/es\/wp-json\/wp\/v2\/types\/product"}],"wp:featuredmedia":[{"embeddable":true,"href":"https:\/\/www.novadistribution.eu\/es\/wp-json\/wp\/v2\/media\/785798"}],"wp:attachment":[{"href":"https:\/\/www.novadistribution.eu\/es\/wp-json\/wp\/v2\/media?parent=785797"}],"wp:term":[{"taxonomy":"product_brand","embeddable":true,"href":"https:\/\/www.novadistribution.eu\/es\/wp-json\/wp\/v2\/product_brand?post=785797"},{"taxonomy":"product_cat","embeddable":true,"href":"https:\/\/www.novadistribution.eu\/es\/wp-json\/wp\/v2\/product_cat?post=785797"},{"taxonomy":"product_tag","embeddable":true,"href":"https:\/\/www.novadistribution.eu\/es\/wp-json\/wp\/v2\/product_tag?post=785797"}],"curies":[{"name":"wp","href":"https:\/\/api.w.org\/{rel}","templated":true}]}}