{"id":785989,"date":"2025-02-28T10:25:41","date_gmt":"2025-02-28T10:25:41","guid":{"rendered":"https:\/\/www.novadistribution.eu\/?post_type=product&#038;p=785989"},"modified":"2025-02-28T10:51:41","modified_gmt":"2025-02-28T10:51:41","slug":"anillos-de-piston-ndcc05kgfp-nd-17-40055-00","status":"publish","type":"product","link":"https:\/\/www.novadistribution.eu\/es\/prodotti\/repuestos-compresores\/repuestos-carrier-transicold\/anillos-de-piston-ndcc05kgfp-nd-17-40055-00\/","title":{"rendered":"Anillos de pist\u00f3n NDCC05KGFP (ND-17-40055-00)"},"content":{"rendered":"<p><strong>Segmentos de pist\u00f3n est\u00e1ndar<\/strong><\/p>\n<p>Adecuado para unidades <strong>Carrier Transicold<\/strong>:<\/p>\n<p><strong>Compresor<\/strong>:\u00a0 \u00a0 05K2\/ 05K4\/ 05G\/ 05GTP\/ 06D\/ Twin Port<\/p>\n<p>Producto no original<\/p>\n","protected":false},"excerpt":{"rendered":"<p>C\u00f3digos de conversi\u00f3n OEM:<\/p>\n<p>17-40055-00<\/p>\n<p>174005500<\/p>\n","protected":false},"featured_media":785990,"template":"","meta":{"_et_pb_use_builder":"","_et_pb_old_content":"","_et_gb_content_width":"","_joinchat":[]},"product_brand":[],"product_cat":[638],"product_tag":[],"class_list":{"0":"post-785989","1":"product","2":"type-product","3":"status-publish","4":"has-post-thumbnail","6":"product_cat-repuestos-carrier-transicold","8":"first","9":"instock","10":"purchasable","11":"product-type-simple"},"_links":{"self":[{"href":"https:\/\/www.novadistribution.eu\/es\/wp-json\/wp\/v2\/product\/785989","targetHints":{"allow":["GET"]}}],"collection":[{"href":"https:\/\/www.novadistribution.eu\/es\/wp-json\/wp\/v2\/product"}],"about":[{"href":"https:\/\/www.novadistribution.eu\/es\/wp-json\/wp\/v2\/types\/product"}],"wp:featuredmedia":[{"embeddable":true,"href":"https:\/\/www.novadistribution.eu\/es\/wp-json\/wp\/v2\/media\/785990"}],"wp:attachment":[{"href":"https:\/\/www.novadistribution.eu\/es\/wp-json\/wp\/v2\/media?parent=785989"}],"wp:term":[{"taxonomy":"product_brand","embeddable":true,"href":"https:\/\/www.novadistribution.eu\/es\/wp-json\/wp\/v2\/product_brand?post=785989"},{"taxonomy":"product_cat","embeddable":true,"href":"https:\/\/www.novadistribution.eu\/es\/wp-json\/wp\/v2\/product_cat?post=785989"},{"taxonomy":"product_tag","embeddable":true,"href":"https:\/\/www.novadistribution.eu\/es\/wp-json\/wp\/v2\/product_tag?post=785989"}],"curies":[{"name":"wp","href":"https:\/\/api.w.org\/{rel}","templated":true}]}}