{"id":780297,"date":"2018-12-19T15:03:02","date_gmt":"2018-12-19T15:03:02","guid":{"rendered":"https:\/\/www.novadistribution.eu\/?post_type=product&#038;p=780297"},"modified":"2020-02-18T17:40:09","modified_gmt":"2020-02-18T17:40:09","slug":"embrayage-ndtut3w-nd-107-349","status":"publish","type":"product","link":"https:\/\/www.novadistribution.eu\/fr\/prodotti\/embrayages\/thermo-king-embrayages\/embrayage-ndtut3w-nd-107-349\/","title":{"rendered":"Embrayage NDTUT3W (ND-107-349)"},"content":{"rendered":"<div class=\"text-wrap tlid-copy-target\">\n<div class=\"result-shield-container tlid-copy-target\">\n<p><strong>Embrayage<\/strong> adapt\u00e9 aux unit\u00e9s <strong>Thermo King<\/strong>:<\/p>\n<p>MD, TD, KD, RD, TS, UTS<br \/>\n<span class=\"tlid-translation translation\"><span class=\"\" title=\"\">L&#8217;embrayage est galvanis\u00e9, pas peint \u00e0 la bombe, enti\u00e8rement \u00e9quilibr\u00e9 et construit avec un mat\u00e9riau de friction de longue dur\u00e9e.<\/span><\/span><\/p>\n<p>Cet embrayage est un produit <strong>NOVA DISTRIBUTION.<\/strong><\/p>\n<p><em>FABRIQU\u00c9 EN ITALIE<\/em><\/p>\n<hr \/>\n<p><iframe loading=\"lazy\" src=\"https:\/\/www.youtube.com\/embed\/3ngCaP7PdFw\" width=\"407\" height=\"230\" frameborder=\"0\" allowfullscreen=\"allowfullscreen\"><\/iframe>\n<\/div>\n<\/div>\n<div class=\"tlid-result-transliteration-container result-transliteration-container transliteration-container\">\n<div class=\"tlid-transliteration-content transliteration-content full\"><\/div>\n<\/div>\n<p>&nbsp;<\/p>\n<p>&nbsp;<\/p>\n","protected":false},"excerpt":{"rendered":"<p><span class=\"tlid-translation translation\"><span class=\"\" title=\"\">Codes de conversion OEM:<\/span><\/span><\/p>\n<ul>\n<li>107-349<\/li>\n<li>1070349<\/li>\n<li>107-0349<\/li>\n<\/ul>\n<p><span class=\"tlid-translation translation\"><span class=\"\" title=\"\">Anciens codes OEM:<\/span><\/span><\/p>\n<ul>\n<li>107-291<\/li>\n<li>1070291<\/li>\n<li>107-0291<\/li>\n<\/ul>\n","protected":false},"featured_media":780298,"template":"","meta":{"_et_pb_use_builder":"","_et_pb_old_content":"","_et_gb_content_width":"","_joinchat":[]},"product_brand":[],"product_cat":[430,448],"product_tag":[],"class_list":{"0":"post-780297","1":"product","2":"type-product","3":"status-publish","4":"has-post-thumbnail","6":"product_cat-embrayages","7":"product_cat-thermo-king-embrayages","9":"first","10":"instock","11":"purchasable","12":"product-type-simple"},"_links":{"self":[{"href":"https:\/\/www.novadistribution.eu\/fr\/wp-json\/wp\/v2\/product\/780297","targetHints":{"allow":["GET"]}}],"collection":[{"href":"https:\/\/www.novadistribution.eu\/fr\/wp-json\/wp\/v2\/product"}],"about":[{"href":"https:\/\/www.novadistribution.eu\/fr\/wp-json\/wp\/v2\/types\/product"}],"wp:featuredmedia":[{"embeddable":true,"href":"https:\/\/www.novadistribution.eu\/fr\/wp-json\/wp\/v2\/media\/780298"}],"wp:attachment":[{"href":"https:\/\/www.novadistribution.eu\/fr\/wp-json\/wp\/v2\/media?parent=780297"}],"wp:term":[{"taxonomy":"product_brand","embeddable":true,"href":"https:\/\/www.novadistribution.eu\/fr\/wp-json\/wp\/v2\/product_brand?post=780297"},{"taxonomy":"product_cat","embeddable":true,"href":"https:\/\/www.novadistribution.eu\/fr\/wp-json\/wp\/v2\/product_cat?post=780297"},{"taxonomy":"product_tag","embeddable":true,"href":"https:\/\/www.novadistribution.eu\/fr\/wp-json\/wp\/v2\/product_tag?post=780297"}],"curies":[{"name":"wp","href":"https:\/\/api.w.org\/{rel}","templated":true}]}}