{"id":780411,"date":"2019-01-18T16:39:15","date_gmt":"2019-01-18T16:39:15","guid":{"rendered":"https:\/\/www.novadistribution.eu\/?post_type=product&#038;p=780411"},"modified":"2019-01-18T16:39:15","modified_gmt":"2019-01-18T16:39:15","slug":"embrayage-ndsup2ws-nd-50-01171-21","status":"publish","type":"product","link":"https:\/\/www.novadistribution.eu\/fr\/prodotti\/embrayages\/carrier-transicold-embrayages\/embrayage-ndsup2ws-nd-50-01171-21\/","title":{"rendered":"Embrayage NDSUP2WS (ND-50-01171-21)"},"content":{"rendered":"<div class=\"text-wrap tlid-copy-target\">\n<div class=\"result-shield-container tlid-copy-target\">\n<p><strong>Embrayage<\/strong> adapt\u00e9 aux unit\u00e9s <strong>Carrier Transicold<\/strong>:<\/p>\n<p>Supra 550\/544<\/p>\n<p>Supra 850\/844<\/p>\n<p><span class=\"tlid-translation translation\"><span class=\"\" title=\"\">L\u2019embrayage est galvanis\u00e9, pas peint \u00e0 la bombe, enti\u00e8rement \u00e9quilibr\u00e9 et construit avec un mat\u00e9riau de friction de longue dur\u00e9e.<\/span><\/span><\/p>\n<p>Cet embrayage est un produit <strong>NOVA DISTRIBUTION.<\/strong><\/p>\n<p><em>FABRIQU\u00c9 EN ITALIE<\/em><\/p>\n<\/div>\n<\/div>\n","protected":false},"excerpt":{"rendered":"<p><span class=\"tlid-translation translation\"><span class=\"\" title=\"\">Codes de conversion OEM:<\/span><\/span><\/p>\n<p>50-01171-21<\/p>\n<p>500117121<\/p>\n<p><span class=\"tlid-translation translation\"><span class=\"\" title=\"\">Anciens codes OEM:<\/span><\/span><\/p>\n<p>50-60209-00<\/p>\n<p>506020900<\/p>\n<p>&nbsp;<\/p>\n<p>&nbsp;<\/p>\n<p>&nbsp;<\/p>\n","protected":false},"featured_media":780412,"template":"","meta":{"_et_pb_use_builder":"","_et_pb_old_content":"","_et_gb_content_width":"","_joinchat":[]},"product_brand":[],"product_cat":[442],"product_tag":[],"class_list":{"0":"post-780411","1":"product","2":"type-product","3":"status-publish","4":"has-post-thumbnail","6":"product_cat-carrier-transicold-embrayages","8":"first","9":"instock","10":"purchasable","11":"product-type-simple"},"_links":{"self":[{"href":"https:\/\/www.novadistribution.eu\/fr\/wp-json\/wp\/v2\/product\/780411","targetHints":{"allow":["GET"]}}],"collection":[{"href":"https:\/\/www.novadistribution.eu\/fr\/wp-json\/wp\/v2\/product"}],"about":[{"href":"https:\/\/www.novadistribution.eu\/fr\/wp-json\/wp\/v2\/types\/product"}],"wp:featuredmedia":[{"embeddable":true,"href":"https:\/\/www.novadistribution.eu\/fr\/wp-json\/wp\/v2\/media\/780412"}],"wp:attachment":[{"href":"https:\/\/www.novadistribution.eu\/fr\/wp-json\/wp\/v2\/media?parent=780411"}],"wp:term":[{"taxonomy":"product_brand","embeddable":true,"href":"https:\/\/www.novadistribution.eu\/fr\/wp-json\/wp\/v2\/product_brand?post=780411"},{"taxonomy":"product_cat","embeddable":true,"href":"https:\/\/www.novadistribution.eu\/fr\/wp-json\/wp\/v2\/product_cat?post=780411"},{"taxonomy":"product_tag","embeddable":true,"href":"https:\/\/www.novadistribution.eu\/fr\/wp-json\/wp\/v2\/product_tag?post=780411"}],"curies":[{"name":"wp","href":"https:\/\/api.w.org\/{rel}","templated":true}]}}