{"id":780459,"date":"2019-01-19T18:10:55","date_gmt":"2019-01-19T18:10:55","guid":{"rendered":"https:\/\/www.novadistribution.eu\/?post_type=product&#038;p=780459"},"modified":"2021-08-17T15:14:30","modified_gmt":"2021-08-17T15:14:30","slug":"embrayage-ndsup950-nd-50-01171-22","status":"publish","type":"product","link":"https:\/\/www.novadistribution.eu\/fr\/prodotti\/embrayages\/carrier-transicold-embrayages\/embrayage-ndsup950-nd-50-01171-22\/","title":{"rendered":"Embrayage NDSUP950 (ND-50-01171-22)"},"content":{"rendered":"<div class=\"text-wrap tlid-copy-target\">\n<div class=\"result-shield-container tlid-copy-target\">\n<p><strong>Embrayage<\/strong> adapt\u00e9 aux unit\u00e9s <strong>Carrier Transicold<\/strong>:<\/p>\n<p>Supra 950\/944<\/p>\n<p>Supra 950U\/944U<\/p>\n<p>Supra 1150\/ MT \/ City<\/p>\n<p>Supra 1250 \/ MT<\/p>\n<p>Supra 1050 \/ MT<\/p>\n<p>Oasis 300\/350<\/p>\n<p><span class=\"tlid-translation translation\"><span class=\"\" title=\"\">L\u2019embrayage est galvanis\u00e9, pas peint \u00e0 la bombe, enti\u00e8rement \u00e9quilibr\u00e9 et construit avec un mat\u00e9riau de friction de longue dur\u00e9e.<\/span><\/span><\/p>\n<p>Cet embrayage est un produit <strong>NOVA DISTRIBUTION.<\/strong><\/p>\n<p><em>FABRIQU\u00c9 EN ITALIE<\/em><\/p>\n<\/div>\n<\/div>\n","protected":false},"excerpt":{"rendered":"<div class=\"text\">\n<div class=\"woocommerce-product-details__short-description\">\n<p><span class=\"tlid-translation translation\"><span class=\"\" title=\"\">Codes de conversion OEM:<\/span><\/span><\/p>\n<p>50-01171-22<\/p>\n<p>500117122<\/p>\n<p><span class=\"tlid-translation translation\"><span class=\"\" title=\"\">Anciens codes OEM:<\/span><\/span><\/p>\n<p>50-50051-04<\/p>\n<p>505005104<\/p>\n<p>50-60093-00<\/p>\n<p>506009300<\/p>\n<\/div>\n<\/div>\n","protected":false},"featured_media":780460,"template":"","meta":{"_et_pb_use_builder":"","_et_pb_old_content":"","_et_gb_content_width":"","_joinchat":[]},"product_brand":[],"product_cat":[442],"product_tag":[],"class_list":{"0":"post-780459","1":"product","2":"type-product","3":"status-publish","4":"has-post-thumbnail","6":"product_cat-carrier-transicold-embrayages","8":"first","9":"instock","10":"purchasable","11":"product-type-simple"},"_links":{"self":[{"href":"https:\/\/www.novadistribution.eu\/fr\/wp-json\/wp\/v2\/product\/780459","targetHints":{"allow":["GET"]}}],"collection":[{"href":"https:\/\/www.novadistribution.eu\/fr\/wp-json\/wp\/v2\/product"}],"about":[{"href":"https:\/\/www.novadistribution.eu\/fr\/wp-json\/wp\/v2\/types\/product"}],"wp:featuredmedia":[{"embeddable":true,"href":"https:\/\/www.novadistribution.eu\/fr\/wp-json\/wp\/v2\/media\/780460"}],"wp:attachment":[{"href":"https:\/\/www.novadistribution.eu\/fr\/wp-json\/wp\/v2\/media?parent=780459"}],"wp:term":[{"taxonomy":"product_brand","embeddable":true,"href":"https:\/\/www.novadistribution.eu\/fr\/wp-json\/wp\/v2\/product_brand?post=780459"},{"taxonomy":"product_cat","embeddable":true,"href":"https:\/\/www.novadistribution.eu\/fr\/wp-json\/wp\/v2\/product_cat?post=780459"},{"taxonomy":"product_tag","embeddable":true,"href":"https:\/\/www.novadistribution.eu\/fr\/wp-json\/wp\/v2\/product_tag?post=780459"}],"curies":[{"name":"wp","href":"https:\/\/api.w.org\/{rel}","templated":true}]}}