{"id":780525,"date":"2019-02-10T17:45:01","date_gmt":"2019-02-10T17:45:01","guid":{"rendered":"https:\/\/www.novadistribution.eu\/?post_type=product&#038;p=780525"},"modified":"2019-02-13T21:57:08","modified_gmt":"2019-02-13T21:57:08","slug":"solenoide-d-arret-de-carburant-ndssgct-nd-29-70206-00","status":"publish","type":"product","link":"https:\/\/www.novadistribution.eu\/fr\/prodotti\/solenoides-2\/solenoides-carrier-transicold-2\/solenoide-d-arret-de-carburant-ndssgct-nd-29-70206-00\/","title":{"rendered":"Sol\u00e9no\u00efde d&rsquo;arr\u00eat de carburant NDSSGCT (ND-29-70206-00)"},"content":{"rendered":"<p><span class=\"tlid-translation translation\"><span class=\"\" title=\"\">Arr\u00eat sol\u00e9no\u00efde diesel 12 V pour moteurs Kubota CT369TV et CT491TV.<\/span><\/span><\/p>\n<p><span title=\"\">Peut \u00eatre utilis\u00e9 sur les unit\u00e9s:<\/span><\/p>\n<p><span title=\"\">&#8211; Maxima 1000\/1200\/1300 \/ Plus (toutes les versions)<\/span><\/p>\n<p><span class=\"\" title=\"\">&#8211; Supra 944\/950\/1050\/1150\/1250<\/span><\/p>\n<p><span class=\"\" title=\"\">Sol\u00e9no\u00efde avec un corps enti\u00e8rement m\u00e9tallique, des joints d&rsquo;\u00e9tanch\u00e9it\u00e9 pour emp\u00eacher les d\u00e9versements de p\u00e9trole et des \u00e9lectroaimants \u00e0 longue dur\u00e9e de vie.<\/span><\/p>\n<p><span title=\"\">Fabriqu\u00e9 en Italie<\/span><\/p>\n<p><span title=\"\">Produit fabriqu\u00e9 avec des composants certifi\u00e9s ISO 9001<\/span><\/p>\n","protected":false},"excerpt":{"rendered":"<p>Code de conversion OEM:<\/p>\n<p>29-70206-00<\/p>\n<p>297020600<\/p>\n<p>29-7020600<\/p>\n<p><span class=\"tlid-translation translation\"><span class=\"\" title=\"\">Anciens codes<\/span><\/span> OEM:<\/p>\n<p>25-15010-00<\/p>\n<p>25-15230-01<\/p>\n","protected":false},"featured_media":780526,"template":"","meta":{"_et_pb_use_builder":"","_et_pb_old_content":"","_et_gb_content_width":"","_joinchat":[]},"product_brand":[],"product_cat":[454],"product_tag":[],"class_list":{"0":"post-780525","1":"product","2":"type-product","3":"status-publish","4":"has-post-thumbnail","6":"product_cat-solenoides-carrier-transicold-2","8":"first","9":"instock","10":"purchasable","11":"product-type-simple"},"_links":{"self":[{"href":"https:\/\/www.novadistribution.eu\/fr\/wp-json\/wp\/v2\/product\/780525","targetHints":{"allow":["GET"]}}],"collection":[{"href":"https:\/\/www.novadistribution.eu\/fr\/wp-json\/wp\/v2\/product"}],"about":[{"href":"https:\/\/www.novadistribution.eu\/fr\/wp-json\/wp\/v2\/types\/product"}],"wp:featuredmedia":[{"embeddable":true,"href":"https:\/\/www.novadistribution.eu\/fr\/wp-json\/wp\/v2\/media\/780526"}],"wp:attachment":[{"href":"https:\/\/www.novadistribution.eu\/fr\/wp-json\/wp\/v2\/media?parent=780525"}],"wp:term":[{"taxonomy":"product_brand","embeddable":true,"href":"https:\/\/www.novadistribution.eu\/fr\/wp-json\/wp\/v2\/product_brand?post=780525"},{"taxonomy":"product_cat","embeddable":true,"href":"https:\/\/www.novadistribution.eu\/fr\/wp-json\/wp\/v2\/product_cat?post=780525"},{"taxonomy":"product_tag","embeddable":true,"href":"https:\/\/www.novadistribution.eu\/fr\/wp-json\/wp\/v2\/product_tag?post=780525"}],"curies":[{"name":"wp","href":"https:\/\/api.w.org\/{rel}","templated":true}]}}