{"id":780549,"date":"2019-02-13T21:46:33","date_gmt":"2019-02-13T21:46:33","guid":{"rendered":"https:\/\/www.novadistribution.eu\/?post_type=product&#038;p=780549"},"modified":"2019-02-13T22:07:43","modified_gmt":"2019-02-13T22:07:43","slug":"solenoide-d-arret-du-carburant-ndssgtk-nd-42-100","status":"publish","type":"product","link":"https:\/\/www.novadistribution.eu\/fr\/prodotti\/solenoides-2\/solenoides-thermo-king-2\/solenoide-d-arret-du-carburant-ndssgtk-nd-42-100\/","title":{"rendered":"Sol\u00e9no\u00efde d&rsquo;arr\u00eat du carburant NDSSGTK (ND-42-100)"},"content":{"rendered":"<p>Sol\u00e9no\u00efde d&rsquo;arr\u00eat de carburant 12V pour moteurs Yanmar TK4.82 TK4.86 TK3.95 TK3.76.<\/p>\n<p>Peut \u00eatre utilis\u00e9 sur les unit\u00e9s:<\/p>\n<p>&#8211; SL 100\/200\/300\/400<\/p>\n<p>&#8211; SLe 100\/200\/300\/400<\/p>\n<p>&#8211; TS 200\/300\/500\/600<\/p>\n<p>&#8211; UTS<\/p>\n<p>&#8211; SLX 100\/200\/400<\/p>\n<p>&#8211; SLXe 100\/200\/400<\/p>\n<p>Sol\u00e9no\u00efde avec corps enti\u00e8rement m\u00e9tallique, joints d&rsquo;\u00e9tanch\u00e9it\u00e9 pour \u00e9viter les fuites d&rsquo;huile et \u00e9lectroaimants \u00e0 longue dur\u00e9e de vie.<\/p>\n<p>Made in Italy<\/p>\n<p>Produit fabriqu\u00e9 avec des composants certifi\u00e9s ISO 9001<\/p>\n","protected":false},"excerpt":{"rendered":"<p>Codes de conversion OEM:<\/p>\n<p>42-100<\/p>\n<p>42100<\/p>\n<p>420100<\/p>\n<p>Vecchi codici OEM:<\/p>\n<p>41-4306<\/p>\n<p>41-3291<\/p>\n<p>41-4363<\/p>\n","protected":false},"featured_media":780550,"template":"","meta":{"_et_pb_use_builder":"","_et_pb_old_content":"","_et_gb_content_width":"","_joinchat":[]},"product_brand":[],"product_cat":[460],"product_tag":[],"class_list":{"0":"post-780549","1":"product","2":"type-product","3":"status-publish","4":"has-post-thumbnail","6":"product_cat-solenoides-thermo-king-2","8":"first","9":"instock","10":"purchasable","11":"product-type-simple"},"_links":{"self":[{"href":"https:\/\/www.novadistribution.eu\/fr\/wp-json\/wp\/v2\/product\/780549","targetHints":{"allow":["GET"]}}],"collection":[{"href":"https:\/\/www.novadistribution.eu\/fr\/wp-json\/wp\/v2\/product"}],"about":[{"href":"https:\/\/www.novadistribution.eu\/fr\/wp-json\/wp\/v2\/types\/product"}],"wp:featuredmedia":[{"embeddable":true,"href":"https:\/\/www.novadistribution.eu\/fr\/wp-json\/wp\/v2\/media\/780550"}],"wp:attachment":[{"href":"https:\/\/www.novadistribution.eu\/fr\/wp-json\/wp\/v2\/media?parent=780549"}],"wp:term":[{"taxonomy":"product_brand","embeddable":true,"href":"https:\/\/www.novadistribution.eu\/fr\/wp-json\/wp\/v2\/product_brand?post=780549"},{"taxonomy":"product_cat","embeddable":true,"href":"https:\/\/www.novadistribution.eu\/fr\/wp-json\/wp\/v2\/product_cat?post=780549"},{"taxonomy":"product_tag","embeddable":true,"href":"https:\/\/www.novadistribution.eu\/fr\/wp-json\/wp\/v2\/product_tag?post=780549"}],"curies":[{"name":"wp","href":"https:\/\/api.w.org\/{rel}","templated":true}]}}