{"id":780573,"date":"2019-02-13T22:51:29","date_gmt":"2019-02-13T22:51:29","guid":{"rendered":"https:\/\/www.novadistribution.eu\/?post_type=product&#038;p=780573"},"modified":"2020-03-02T11:50:24","modified_gmt":"2020-03-02T11:50:24","slug":"solenoide-d-arret-de-carburant-ndssgctv-nd-25-38109-06sv","status":"publish","type":"product","link":"https:\/\/www.novadistribution.eu\/fr\/prodotti\/solenoides-2\/solenoides-carrier-transicold-2\/solenoide-d-arret-de-carburant-ndssgctv-nd-25-38109-06sv\/","title":{"rendered":"Sol\u00e9no\u00efde d\u2019arr\u00eat de carburant NDSSGCTV (ND-25-38109-06SV)"},"content":{"rendered":"<p><span class=\"tlid-translation translation\"><span class=\"\" title=\"\">Arr\u00eat sol\u00e9no\u00efde diesel 12 V pour moteurs<\/span><\/span> Kubota CT4133DI e CT4134TV.<\/p>\n<p><span title=\"\">Peut \u00eatre utilis\u00e9 sur les unit\u00e9s:<\/span><\/p>\n<p>&#8211; Vector 1850\/1850MT<\/p>\n<p>&#8211; Vector 1950\/1950MT<\/p>\n<p><span class=\"\" title=\"\">Sol\u00e9no\u00efde avec un corps enti\u00e8rement m\u00e9tallique, des joints d\u2019\u00e9tanch\u00e9it\u00e9 pour emp\u00eacher les d\u00e9versements de p\u00e9trole et des \u00e9lectroaimants \u00e0 longue dur\u00e9e de vie.<\/span><\/p>\n<p><span title=\"\">Fabriqu\u00e9 en Italie<\/span><\/p>\n<p><span title=\"\">Produit fabriqu\u00e9 avec des composants certifi\u00e9s ISO 9001<\/span><\/p>\n","protected":false},"excerpt":{"rendered":"<div class=\"text\">\n<div class=\"woocommerce-product-details__short-description\">\n<p>Code de conversion OEM:<\/p>\n<p>25-38109-06SV<\/p>\n<p>253810906SV<\/p>\n<p><span class=\"tlid-translation translation\"><span class=\"\" title=\"\">Anciens codes<\/span><\/span> OEM:<\/p>\n<p>25-38109-00<\/p>\n<p>25-38109-02SV<\/p>\n<p>25-39170-01<\/p>\n<\/div>\n<\/div>\n","protected":false},"featured_media":780574,"template":"","meta":{"_et_pb_use_builder":"","_et_pb_old_content":"","_et_gb_content_width":"","_joinchat":[]},"product_brand":[],"product_cat":[454],"product_tag":[],"class_list":{"0":"post-780573","1":"product","2":"type-product","3":"status-publish","4":"has-post-thumbnail","6":"product_cat-solenoides-carrier-transicold-2","8":"first","9":"instock","10":"purchasable","11":"product-type-simple"},"_links":{"self":[{"href":"https:\/\/www.novadistribution.eu\/fr\/wp-json\/wp\/v2\/product\/780573","targetHints":{"allow":["GET"]}}],"collection":[{"href":"https:\/\/www.novadistribution.eu\/fr\/wp-json\/wp\/v2\/product"}],"about":[{"href":"https:\/\/www.novadistribution.eu\/fr\/wp-json\/wp\/v2\/types\/product"}],"wp:featuredmedia":[{"embeddable":true,"href":"https:\/\/www.novadistribution.eu\/fr\/wp-json\/wp\/v2\/media\/780574"}],"wp:attachment":[{"href":"https:\/\/www.novadistribution.eu\/fr\/wp-json\/wp\/v2\/media?parent=780573"}],"wp:term":[{"taxonomy":"product_brand","embeddable":true,"href":"https:\/\/www.novadistribution.eu\/fr\/wp-json\/wp\/v2\/product_brand?post=780573"},{"taxonomy":"product_cat","embeddable":true,"href":"https:\/\/www.novadistribution.eu\/fr\/wp-json\/wp\/v2\/product_cat?post=780573"},{"taxonomy":"product_tag","embeddable":true,"href":"https:\/\/www.novadistribution.eu\/fr\/wp-json\/wp\/v2\/product_tag?post=780573"}],"curies":[{"name":"wp","href":"https:\/\/api.w.org\/{rel}","templated":true}]}}