{"id":780675,"date":"2019-06-26T22:12:21","date_gmt":"2019-06-26T22:12:21","guid":{"rendered":"https:\/\/www.novadistribution.eu\/?post_type=product&#038;p=780675"},"modified":"2020-07-02T16:38:01","modified_gmt":"2020-07-02T16:38:01","slug":"courroie-nd6041151-nd-50-60411-51","status":"publish","type":"product","link":"https:\/\/www.novadistribution.eu\/fr\/prodotti\/courroies\/courroies-carrier-transicold\/courroie-nd6041151-nd-50-60411-51\/","title":{"rendered":"Courroie ND6041151 (ND-50-60411-51)"},"content":{"rendered":"<p><strong><span class=\"tlid-translation translation\" lang=\"fr\"><span class=\"\" title=\"\">Courroie <\/span><\/span><\/strong><span class=\"tlid-translation translation\" lang=\"fr\"><span class=\"\" title=\"\">pour unit\u00e9s de r\u00e9frig\u00e9ration<\/span><\/span><strong><span class=\"tlid-translation translation\" lang=\"fr\"><span class=\"\" title=\"\"> Carrier Transicold:<\/span><\/span><\/strong><\/p>\n<p>Maxima plus<\/p>\n<p>Maxima 2<\/p>\n<p>Maxima 1000<\/p>\n<p>Maxima 1200<\/p>\n<p>Maxima 1300<\/p>\n<p>Courroie <span class=\"tlid-translation translation\" lang=\"fr\"><span class=\"\" title=\"\">compresseur \/ moteur \u00e9lectrique<\/span><\/span>.<\/p>\n","protected":false},"excerpt":{"rendered":"<div class=\"text\">\n<div class=\"woocommerce-product-details__short-description\">\n<p><span class=\"tlid-translation translation\"><span class=\"\" title=\"\">Codes de conversion OEM:<\/span><\/span><\/p>\n<p>50-60411-51<\/p>\n<p>506041151<\/p>\n<p><span class=\"tlid-translation translation\"><span class=\"\" title=\"\">Anciens codes OEM:<\/span><\/span><\/p>\n<p>50-60289-00<\/p>\n<p>506028900<\/p>\n<\/div>\n<\/div>\n","protected":false},"featured_media":780676,"template":"","meta":{"_et_pb_use_builder":"","_et_pb_old_content":"","_et_gb_content_width":"","_joinchat":[]},"product_brand":[],"product_cat":[484],"product_tag":[],"class_list":{"0":"post-780675","1":"product","2":"type-product","3":"status-publish","4":"has-post-thumbnail","6":"product_cat-courroies-carrier-transicold","8":"first","9":"instock","10":"purchasable","11":"product-type-simple"},"_links":{"self":[{"href":"https:\/\/www.novadistribution.eu\/fr\/wp-json\/wp\/v2\/product\/780675","targetHints":{"allow":["GET"]}}],"collection":[{"href":"https:\/\/www.novadistribution.eu\/fr\/wp-json\/wp\/v2\/product"}],"about":[{"href":"https:\/\/www.novadistribution.eu\/fr\/wp-json\/wp\/v2\/types\/product"}],"wp:featuredmedia":[{"embeddable":true,"href":"https:\/\/www.novadistribution.eu\/fr\/wp-json\/wp\/v2\/media\/780676"}],"wp:attachment":[{"href":"https:\/\/www.novadistribution.eu\/fr\/wp-json\/wp\/v2\/media?parent=780675"}],"wp:term":[{"taxonomy":"product_brand","embeddable":true,"href":"https:\/\/www.novadistribution.eu\/fr\/wp-json\/wp\/v2\/product_brand?post=780675"},{"taxonomy":"product_cat","embeddable":true,"href":"https:\/\/www.novadistribution.eu\/fr\/wp-json\/wp\/v2\/product_cat?post=780675"},{"taxonomy":"product_tag","embeddable":true,"href":"https:\/\/www.novadistribution.eu\/fr\/wp-json\/wp\/v2\/product_tag?post=780675"}],"curies":[{"name":"wp","href":"https:\/\/api.w.org\/{rel}","templated":true}]}}