{"id":781059,"date":"2019-07-23T13:25:45","date_gmt":"2019-07-23T13:25:45","guid":{"rendered":"https:\/\/www.novadistribution.eu\/?post_type=product&#038;p=781059"},"modified":"2020-07-02T16:39:14","modified_gmt":"2020-07-02T16:39:14","slug":"courroie-nd781626-nd-78-1626","status":"publish","type":"product","link":"https:\/\/www.novadistribution.eu\/fr\/prodotti\/courroies\/courroies-thermo-king\/courroie-nd781626-nd-78-1626\/","title":{"rendered":"Courroie ND781626 (ND-78-1626)"},"content":{"rendered":"<p><strong><span class=\"tlid-translation translation\" lang=\"fr\"><span class=\"\" title=\"\">Courroie <\/span><\/span><\/strong><span class=\"tlid-translation translation\" lang=\"fr\"><span class=\"\" title=\"\">de transmission pour unit\u00e9s de r\u00e9frig\u00e9ration<\/span><\/span><strong><span class=\"tlid-translation translation\" lang=\"fr\"><span class=\"\" title=\"\"> Thermo King:<\/span><\/span><\/strong><\/p>\n<p>SLX 100<\/p>\n<p>SLX 400<\/p>\n<p>SLX Spectrum<\/p>\n<p>Courroie <span lang=\"fr\" tabindex=\"0\">Moteur diesel \/ moteur \u00e9lectrique<\/span>.<\/p>\n","protected":false},"excerpt":{"rendered":"<p><span class=\"tlid-translation translation\"><span class=\"\" title=\"\">Codes de conversion OEM:<\/span><\/span><\/p>\n<p>78-1626<\/p>\n<p>781626<\/p>\n","protected":false},"featured_media":781060,"template":"","meta":{"_et_pb_use_builder":"","_et_pb_old_content":"","_et_gb_content_width":"","_joinchat":[]},"product_brand":[],"product_cat":[490],"product_tag":[],"class_list":{"0":"post-781059","1":"product","2":"type-product","3":"status-publish","4":"has-post-thumbnail","6":"product_cat-courroies-thermo-king","8":"first","9":"instock","10":"purchasable","11":"product-type-simple"},"_links":{"self":[{"href":"https:\/\/www.novadistribution.eu\/fr\/wp-json\/wp\/v2\/product\/781059","targetHints":{"allow":["GET"]}}],"collection":[{"href":"https:\/\/www.novadistribution.eu\/fr\/wp-json\/wp\/v2\/product"}],"about":[{"href":"https:\/\/www.novadistribution.eu\/fr\/wp-json\/wp\/v2\/types\/product"}],"wp:featuredmedia":[{"embeddable":true,"href":"https:\/\/www.novadistribution.eu\/fr\/wp-json\/wp\/v2\/media\/781060"}],"wp:attachment":[{"href":"https:\/\/www.novadistribution.eu\/fr\/wp-json\/wp\/v2\/media?parent=781059"}],"wp:term":[{"taxonomy":"product_brand","embeddable":true,"href":"https:\/\/www.novadistribution.eu\/fr\/wp-json\/wp\/v2\/product_brand?post=781059"},{"taxonomy":"product_cat","embeddable":true,"href":"https:\/\/www.novadistribution.eu\/fr\/wp-json\/wp\/v2\/product_cat?post=781059"},{"taxonomy":"product_tag","embeddable":true,"href":"https:\/\/www.novadistribution.eu\/fr\/wp-json\/wp\/v2\/product_tag?post=781059"}],"curies":[{"name":"wp","href":"https:\/\/api.w.org\/{rel}","templated":true}]}}