{"id":781131,"date":"2019-07-24T09:26:48","date_gmt":"2019-07-24T09:26:48","guid":{"rendered":"https:\/\/www.novadistribution.eu\/?post_type=product&#038;p=781131"},"modified":"2019-09-27T20:41:39","modified_gmt":"2019-09-27T20:41:39","slug":"courroie-nd6028810-nd-50-60288-10","status":"publish","type":"product","link":"https:\/\/www.novadistribution.eu\/fr\/prodotti\/courroies\/courroies-carrier-transicold\/courroie-nd6028810-nd-50-60288-10\/","title":{"rendered":"Courroie ND6028810 (ND-50-60288-10)"},"content":{"rendered":"<p><strong><span class=\"tlid-translation translation\" lang=\"fr\"><span class=\"\" title=\"\">Courroie <\/span><\/span><\/strong><span class=\"tlid-translation translation\" lang=\"fr\"><span class=\"\" title=\"\">pour unit\u00e9s de r\u00e9frig\u00e9ration<\/span><\/span><strong><span class=\"tlid-translation translation\" lang=\"fr\"><span class=\"\" title=\"\"> Carrier Transicold:<\/span><\/span><\/strong><\/p>\n<p>Supra 750<\/p>\n<p>Supra 750 MT<\/p>\n<p>Courroie <span lang=\"fr\" tabindex=\"0\">Alternateur \/ compresseur.<\/span><\/p>\n","protected":false},"excerpt":{"rendered":"<div class=\"text\">\n<div class=\"woocommerce-product-details__short-description\">\n<div class=\"text\">\n<div class=\"woocommerce-product-details__short-description\">\n<div class=\"text\">\n<div class=\"woocommerce-product-details__short-description\">\n<div class=\"text\">\n<div class=\"woocommerce-product-details__short-description\">\n<p><span class=\"tlid-translation translation\"><span class=\"\" title=\"\">Codes de conversion OEM:<\/span><\/span><\/p>\n<p>50-60288-10<\/p>\n<p>506028810<\/p>\n<p><span class=\"tlid-translation translation\"><span class=\"\" title=\"\">Anciens codes OEM:<\/span><\/span><\/p>\n<p>50-00179-01<\/p>\n<p>500017901<\/p>\n<\/div>\n<\/div>\n<\/div>\n<\/div>\n<\/div>\n<\/div>\n<\/div>\n<\/div>\n","protected":false},"featured_media":781132,"template":"","meta":{"_et_pb_use_builder":"","_et_pb_old_content":"","_et_gb_content_width":"","_joinchat":[]},"product_brand":[],"product_cat":[484],"product_tag":[],"class_list":{"0":"post-781131","1":"product","2":"type-product","3":"status-publish","4":"has-post-thumbnail","6":"product_cat-courroies-carrier-transicold","8":"first","9":"instock","10":"purchasable","11":"product-type-simple"},"_links":{"self":[{"href":"https:\/\/www.novadistribution.eu\/fr\/wp-json\/wp\/v2\/product\/781131","targetHints":{"allow":["GET"]}}],"collection":[{"href":"https:\/\/www.novadistribution.eu\/fr\/wp-json\/wp\/v2\/product"}],"about":[{"href":"https:\/\/www.novadistribution.eu\/fr\/wp-json\/wp\/v2\/types\/product"}],"wp:featuredmedia":[{"embeddable":true,"href":"https:\/\/www.novadistribution.eu\/fr\/wp-json\/wp\/v2\/media\/781132"}],"wp:attachment":[{"href":"https:\/\/www.novadistribution.eu\/fr\/wp-json\/wp\/v2\/media?parent=781131"}],"wp:term":[{"taxonomy":"product_brand","embeddable":true,"href":"https:\/\/www.novadistribution.eu\/fr\/wp-json\/wp\/v2\/product_brand?post=781131"},{"taxonomy":"product_cat","embeddable":true,"href":"https:\/\/www.novadistribution.eu\/fr\/wp-json\/wp\/v2\/product_cat?post=781131"},{"taxonomy":"product_tag","embeddable":true,"href":"https:\/\/www.novadistribution.eu\/fr\/wp-json\/wp\/v2\/product_tag?post=781131"}],"curies":[{"name":"wp","href":"https:\/\/api.w.org\/{rel}","templated":true}]}}