{"id":781155,"date":"2019-07-30T12:03:14","date_gmt":"2019-07-30T12:03:14","guid":{"rendered":"https:\/\/www.novadistribution.eu\/?post_type=product&#038;p=781155"},"modified":"2019-11-22T10:43:07","modified_gmt":"2019-11-22T10:43:07","slug":"courroie-nd780617-nd-78-0617","status":"publish","type":"product","link":"https:\/\/www.novadistribution.eu\/fr\/prodotti\/courroies\/courroies-thermo-king\/courroie-nd780617-nd-78-0617\/","title":{"rendered":"Courroie ND780617 (ND-78-0617)"},"content":{"rendered":"<p><strong><span class=\"tlid-translation translation\" lang=\"fr\"><span class=\"\" title=\"\">Courroie <\/span><\/span><\/strong><span class=\"tlid-translation translation\" lang=\"fr\"><span class=\"\" title=\"\">de transmission pour unit\u00e9s de r\u00e9frig\u00e9ration<\/span><\/span><strong><span class=\"tlid-translation translation\" lang=\"fr\"><span class=\"\" title=\"\"> Thermo King:<\/span><\/span><\/strong><\/p>\n<p>SL 100\/200\/300\/400<\/p>\n<p>SMX<\/p>\n<p>SMX II<\/p>\n<p>Courroie Moteur \u00e9lectrique \/ compresseur.<\/p>\n<p>Vendu par paire.<\/p>\n","protected":false},"excerpt":{"rendered":"<div class=\"text\">\n<div class=\"woocommerce-product-details__short-description\">\n<p><span class=\"tlid-translation translation\"><span class=\"\" title=\"\">Codes de conversion OEM:<\/span><\/span><\/p>\n<p>78-0617<\/p>\n<p>780617<\/p>\n<p>&nbsp;<\/p>\n<\/div>\n<\/div>\n","protected":false},"featured_media":781156,"template":"","meta":{"_et_pb_use_builder":"","_et_pb_old_content":"","_et_gb_content_width":"","_joinchat":[]},"product_brand":[],"product_cat":[490],"product_tag":[],"class_list":{"0":"post-781155","1":"product","2":"type-product","3":"status-publish","4":"has-post-thumbnail","6":"product_cat-courroies-thermo-king","8":"first","9":"instock","10":"purchasable","11":"product-type-simple"},"_links":{"self":[{"href":"https:\/\/www.novadistribution.eu\/fr\/wp-json\/wp\/v2\/product\/781155","targetHints":{"allow":["GET"]}}],"collection":[{"href":"https:\/\/www.novadistribution.eu\/fr\/wp-json\/wp\/v2\/product"}],"about":[{"href":"https:\/\/www.novadistribution.eu\/fr\/wp-json\/wp\/v2\/types\/product"}],"wp:featuredmedia":[{"embeddable":true,"href":"https:\/\/www.novadistribution.eu\/fr\/wp-json\/wp\/v2\/media\/781156"}],"wp:attachment":[{"href":"https:\/\/www.novadistribution.eu\/fr\/wp-json\/wp\/v2\/media?parent=781155"}],"wp:term":[{"taxonomy":"product_brand","embeddable":true,"href":"https:\/\/www.novadistribution.eu\/fr\/wp-json\/wp\/v2\/product_brand?post=781155"},{"taxonomy":"product_cat","embeddable":true,"href":"https:\/\/www.novadistribution.eu\/fr\/wp-json\/wp\/v2\/product_cat?post=781155"},{"taxonomy":"product_tag","embeddable":true,"href":"https:\/\/www.novadistribution.eu\/fr\/wp-json\/wp\/v2\/product_tag?post=781155"}],"curies":[{"name":"wp","href":"https:\/\/api.w.org\/{rel}","templated":true}]}}