{"id":781381,"date":"2019-12-21T19:07:44","date_gmt":"2019-12-21T19:07:44","guid":{"rendered":"https:\/\/www.novadistribution.eu\/?post_type=product&#038;p=781381"},"modified":"2024-06-11T10:08:03","modified_gmt":"2024-06-11T10:08:03","slug":"pompe-a-eau-ndpav1505-nd-25-33024-00","status":"publish","type":"product","link":"https:\/\/www.novadistribution.eu\/fr\/prodotti\/pompe-a-eau\/pompe-a-eau-ndpav1505-nd-25-33024-00\/","title":{"rendered":"Pompe \u00e0 eau NDPAV1505 (ND-25-33024-00)"},"content":{"rendered":"<p id=\"tw-target-text\" class=\"tw-data-text tw-text-large XcVN5d tw-ta\" dir=\"ltr\" style=\"text-align: left;\" data-placeholder=\"Traduzione\"><span lang=\"fr\"><strong>Pompe \u00e0 eau<\/strong> pour unit\u00e9 de r\u00e9frig\u00e9ration<strong> Carrier Transicold:<\/strong><\/span><\/p>\n<p>Maxima<br \/>\nMaxima II<br \/>\nMaxima 2<br \/>\nEurostar<br \/>\nMaxima Plus<br \/>\nMaxima 1000<br \/>\nMaxima 1200<br \/>\nMaxima 1200 Mt<br \/>\nMaxima 1300<br \/>\nMaxima 1300 Mt<\/p>\n<p id=\"tw-target-text\" class=\"tw-data-text tw-text-large XcVN5d tw-ta\" dir=\"ltr\" style=\"text-align: left;\" data-placeholder=\"Traduzione\"><strong><span lang=\"fr\">Moteur<\/span>:<br \/>\n<\/strong>CT 491, 4.91<br \/>\nCT491TV, CT4.91TV<br \/>\nKubota D1505<\/p>\n","protected":false},"excerpt":{"rendered":"<p><span class=\"tlid-translation translation\"><span class=\"\" title=\"\">Codes de conversion OEM:<\/span><\/span><\/p>\n<p>25-33024-00<\/p>\n<p>25-15425-00<\/p>\n<p><span class=\"tlid-translation translation\"><span class=\"\" title=\"\">Anciens codes OEM:<\/span><\/span><\/p>\n<p>94554201<\/p>\n<p>16-259130-32<\/p>\n<p>29-70262-00<\/p>\n","protected":false},"featured_media":781382,"template":"","meta":{"_et_pb_use_builder":"","_et_pb_old_content":"","_et_gb_content_width":"","_joinchat":[]},"product_brand":[],"product_cat":[496],"product_tag":[],"class_list":{"0":"post-781381","1":"product","2":"type-product","3":"status-publish","4":"has-post-thumbnail","6":"product_cat-pompe-a-eau","8":"first","9":"instock","10":"purchasable","11":"product-type-simple"},"_links":{"self":[{"href":"https:\/\/www.novadistribution.eu\/fr\/wp-json\/wp\/v2\/product\/781381","targetHints":{"allow":["GET"]}}],"collection":[{"href":"https:\/\/www.novadistribution.eu\/fr\/wp-json\/wp\/v2\/product"}],"about":[{"href":"https:\/\/www.novadistribution.eu\/fr\/wp-json\/wp\/v2\/types\/product"}],"wp:featuredmedia":[{"embeddable":true,"href":"https:\/\/www.novadistribution.eu\/fr\/wp-json\/wp\/v2\/media\/781382"}],"wp:attachment":[{"href":"https:\/\/www.novadistribution.eu\/fr\/wp-json\/wp\/v2\/media?parent=781381"}],"wp:term":[{"taxonomy":"product_brand","embeddable":true,"href":"https:\/\/www.novadistribution.eu\/fr\/wp-json\/wp\/v2\/product_brand?post=781381"},{"taxonomy":"product_cat","embeddable":true,"href":"https:\/\/www.novadistribution.eu\/fr\/wp-json\/wp\/v2\/product_cat?post=781381"},{"taxonomy":"product_tag","embeddable":true,"href":"https:\/\/www.novadistribution.eu\/fr\/wp-json\/wp\/v2\/product_tag?post=781381"}],"curies":[{"name":"wp","href":"https:\/\/api.w.org\/{rel}","templated":true}]}}