{"id":781407,"date":"2019-12-21T19:27:16","date_gmt":"2019-12-21T19:27:16","guid":{"rendered":"https:\/\/www.novadistribution.eu\/?post_type=product&#038;p=781407"},"modified":"2019-12-21T19:30:56","modified_gmt":"2019-12-21T19:30:56","slug":"pompe-a-eau-ndpa374-nd-13-0506","status":"publish","type":"product","link":"https:\/\/www.novadistribution.eu\/fr\/prodotti\/pompe-a-eau\/pompe-a-eau-ndpa374-nd-13-0506\/","title":{"rendered":"Pompe \u00e0 eau NDPA374 (ND-13-0506)"},"content":{"rendered":"<p id=\"tw-target-text\" class=\"tw-data-text tw-text-large XcVN5d tw-ta\" dir=\"ltr\" style=\"text-align: left;\" data-placeholder=\"Traduzione\"><span lang=\"fr\"><strong>Pompe \u00e0 eau<\/strong> pour unit\u00e9 de r\u00e9frig\u00e9ration <strong>Thermo King<\/strong>:<\/span><\/p>\n<p>MD-200<br \/>\nMD-300<br \/>\nTS-200<br \/>\nCD-II MAX<br \/>\nTS-300<br \/>\nUMD-II<br \/>\nMDII<br \/>\nKDII<br \/>\nCD MAX<br \/>\nKDII MAX<\/p>\n<p id=\"tw-target-text\" class=\"tw-data-text tw-text-large XcVN5d tw-ta\" dir=\"ltr\" style=\"text-align: left;\" data-placeholder=\"Traduzione\"><strong><span lang=\"fr\">Moteur<\/span>:<br \/>\n<\/strong><\/p>\n<p>&#8211; Yanmar 244, 2.44<br \/>\n&#8211; Yanmar 249, 2.49<br \/>\n&#8211; Yanmar 366, 3.66<br \/>\n&#8211; Yanmar 374, 3.74<\/p>\n","protected":false},"excerpt":{"rendered":"<div class=\"text\">\n<div class=\"woocommerce-product-details__short-description\">\n<p><span class=\"tlid-translation translation\"><span class=\"\" title=\"\">Codes de conversion OEM:<\/span><\/span><\/p>\n<p>13-0506<\/p>\n<p><span class=\"tlid-translation translation\"><span class=\"\" title=\"\">Anciens codes OEM:<\/span><\/span><\/p>\n<p>11-6090<br \/>\n11-8649<br \/>\n11-9452<\/p>\n<\/div>\n<\/div>\n","protected":false},"featured_media":781408,"template":"","meta":{"_et_pb_use_builder":"","_et_pb_old_content":"","_et_gb_content_width":"","_joinchat":[]},"product_brand":[],"product_cat":[496],"product_tag":[],"class_list":{"0":"post-781407","1":"product","2":"type-product","3":"status-publish","4":"has-post-thumbnail","6":"product_cat-pompe-a-eau","8":"first","9":"instock","10":"purchasable","11":"product-type-simple"},"_links":{"self":[{"href":"https:\/\/www.novadistribution.eu\/fr\/wp-json\/wp\/v2\/product\/781407","targetHints":{"allow":["GET"]}}],"collection":[{"href":"https:\/\/www.novadistribution.eu\/fr\/wp-json\/wp\/v2\/product"}],"about":[{"href":"https:\/\/www.novadistribution.eu\/fr\/wp-json\/wp\/v2\/types\/product"}],"wp:featuredmedia":[{"embeddable":true,"href":"https:\/\/www.novadistribution.eu\/fr\/wp-json\/wp\/v2\/media\/781408"}],"wp:attachment":[{"href":"https:\/\/www.novadistribution.eu\/fr\/wp-json\/wp\/v2\/media?parent=781407"}],"wp:term":[{"taxonomy":"product_brand","embeddable":true,"href":"https:\/\/www.novadistribution.eu\/fr\/wp-json\/wp\/v2\/product_brand?post=781407"},{"taxonomy":"product_cat","embeddable":true,"href":"https:\/\/www.novadistribution.eu\/fr\/wp-json\/wp\/v2\/product_cat?post=781407"},{"taxonomy":"product_tag","embeddable":true,"href":"https:\/\/www.novadistribution.eu\/fr\/wp-json\/wp\/v2\/product_tag?post=781407"}],"curies":[{"name":"wp","href":"https:\/\/api.w.org\/{rel}","templated":true}]}}