{"id":781431,"date":"2020-01-21T17:20:19","date_gmt":"2020-01-21T17:20:19","guid":{"rendered":"https:\/\/www.novadistribution.eu\/?post_type=product&#038;p=781431"},"modified":"2020-01-21T17:20:20","modified_gmt":"2020-01-21T17:20:20","slug":"courroie-nd6019706-nd-50-60197-06","status":"publish","type":"product","link":"https:\/\/www.novadistribution.eu\/fr\/prodotti\/courroies\/courroies-carrier-transicold\/courroie-nd6019706-nd-50-60197-06\/","title":{"rendered":"Courroie ND6019706 (ND-50-60197-06)"},"content":{"rendered":"<p><strong><span class=\"tlid-translation translation\" lang=\"fr\"><span class=\"\" title=\"\">Courroie <\/span><\/span><\/strong><span class=\"tlid-translation translation\" lang=\"fr\"><span class=\"\" title=\"\">de transmission pour unit\u00e9s de r\u00e9frig\u00e9ration<\/span><\/span><strong><span class=\"tlid-translation translation\" lang=\"fr\"><span class=\"\" title=\"\"> Carrier Transicold:<\/span><\/span><\/strong><\/p>\n<p>Maxima<br \/>\nMaxima Plus \/ MaximaPlus<br \/>\nMaxima II \/ MaximaII<br \/>\nMaxima 2 \/ Maxima2<br \/>\nMaxima 1000 \/ Maxima1000 to SN MB403109<br \/>\nMaxima 1200 \/ Maxima1200 to SN MB403109<br \/>\nMaxima 1200 Mt \/ Maxima1200Mt to SN MB403109<br \/>\nSupra 922 \/ Supra922 &lt;1990<br \/>\nSupra 944 \/ Supra944 &lt;1990<br \/>\nSupra 944 U \/ Supra944U<br \/>\nSupra 950 U \/ Supra950U<br \/>\nSupra 950 U Mt \/ Supra950UMt<br \/>\nSupra 950 \/ Supra950<br \/>\nSupra 950 Mt \/ Supra950Mt<br \/>\nSupra 988 U \/ Supra988U<br \/>\nGenesis TM800 \/ GenesisTM800<br \/>\nGenesis R90 \/ GenesisR90<\/p>\n<p id=\"tw-target-text\" class=\"tw-data-text tw-text-large XcVN5d tw-ta\" dir=\"ltr\" style=\"text-align: left;\" data-placeholder=\"Traduzione\"><span lang=\"fr\">Courroie de pompe \u00e0 eau Kubota.<br \/>\n<\/span><\/p>\n<p>&nbsp;<\/p>\n","protected":false},"excerpt":{"rendered":"<p><span class=\"tlid-translation translation\"><span class=\"\" title=\"\">Codes de conversion OEM:<\/span><\/span><\/p>\n<p>50-60197-06<\/p>\n<p>506019706<\/p>\n","protected":false},"featured_media":781432,"template":"","meta":{"_et_pb_use_builder":"","_et_pb_old_content":"","_et_gb_content_width":"","_joinchat":[]},"product_brand":[],"product_cat":[484],"product_tag":[],"class_list":{"0":"post-781431","1":"product","2":"type-product","3":"status-publish","4":"has-post-thumbnail","6":"product_cat-courroies-carrier-transicold","8":"first","9":"instock","10":"purchasable","11":"product-type-simple"},"_links":{"self":[{"href":"https:\/\/www.novadistribution.eu\/fr\/wp-json\/wp\/v2\/product\/781431","targetHints":{"allow":["GET"]}}],"collection":[{"href":"https:\/\/www.novadistribution.eu\/fr\/wp-json\/wp\/v2\/product"}],"about":[{"href":"https:\/\/www.novadistribution.eu\/fr\/wp-json\/wp\/v2\/types\/product"}],"wp:featuredmedia":[{"embeddable":true,"href":"https:\/\/www.novadistribution.eu\/fr\/wp-json\/wp\/v2\/media\/781432"}],"wp:attachment":[{"href":"https:\/\/www.novadistribution.eu\/fr\/wp-json\/wp\/v2\/media?parent=781431"}],"wp:term":[{"taxonomy":"product_brand","embeddable":true,"href":"https:\/\/www.novadistribution.eu\/fr\/wp-json\/wp\/v2\/product_brand?post=781431"},{"taxonomy":"product_cat","embeddable":true,"href":"https:\/\/www.novadistribution.eu\/fr\/wp-json\/wp\/v2\/product_cat?post=781431"},{"taxonomy":"product_tag","embeddable":true,"href":"https:\/\/www.novadistribution.eu\/fr\/wp-json\/wp\/v2\/product_tag?post=781431"}],"curies":[{"name":"wp","href":"https:\/\/api.w.org\/{rel}","templated":true}]}}