{"id":781821,"date":"2020-05-05T10:18:12","date_gmt":"2020-05-05T10:18:12","guid":{"rendered":"https:\/\/www.novadistribution.eu\/?post_type=product&#038;p=781821"},"modified":"2020-05-05T10:18:12","modified_gmt":"2020-05-05T10:18:12","slug":"courroie-nd781191-nd-78-1191","status":"publish","type":"product","link":"https:\/\/www.novadistribution.eu\/fr\/prodotti\/courroies\/courroies-thermo-king\/courroie-nd781191-nd-78-1191\/","title":{"rendered":"Courroie ND781191 (ND-78-1191)"},"content":{"rendered":"<p><strong><span class=\"tlid-translation translation\" lang=\"fr\"><span class=\"\" title=\"\">Courroie<\/span><\/span><\/strong><span class=\"tlid-translation translation\" lang=\"fr\"><span class=\"\" title=\"\"> pour unit\u00e9s de r\u00e9frig\u00e9ration<\/span><\/span><strong><span class=\"tlid-translation translation\" lang=\"fr\"><span class=\"\" title=\"\"> Thermo King:<\/span><\/span><\/strong><\/p>\n<p style=\"margin: 0px 0px 10px; padding: 0px; border: none; outline: none; box-sizing: border-box; position: relative; line-height: 1.4em; font-family: 'Pathway Gothic One'; color: #000000; font-size: 18px; font-style: normal; font-variant-ligatures: normal; font-variant-caps: normal; font-weight: 400; letter-spacing: normal; orphans: 2; text-align: start; text-indent: 0px; text-transform: none; white-space: normal; widows: 2; word-spacing: 0px; -webkit-text-stroke-width: 0px; text-decoration-style: initial; text-decoration-color: initial;\">UTS<\/p>\n<p style=\"margin: 0px 0px 10px; padding: 0px; border: none; outline: none; box-sizing: border-box; position: relative; line-height: 1.4em; font-family: 'Pathway Gothic One'; color: #000000; font-size: 18px; font-style: normal; font-variant-ligatures: normal; font-variant-caps: normal; font-weight: 400; letter-spacing: normal; orphans: 2; text-align: start; text-indent: 0px; text-transform: none; white-space: normal; widows: 2; word-spacing: 0px; -webkit-text-stroke-width: 0px; text-decoration-style: initial; text-decoration-color: initial;\">Courroie de alternateur.<\/p>\n","protected":false},"excerpt":{"rendered":"<p><span class=\"tlid-translation translation\"><span class=\"\" title=\"\">Codes de conversion OEM:<\/span><\/span><\/p>\n<p>78-1191<\/p>\n<p>781191<\/p>\n<p><span class=\"tlid-translation translation\"><span class=\"\" title=\"\">Anciens codes OEM:<\/span><\/span><\/p>\n","protected":false},"featured_media":781822,"template":"","meta":{"_et_pb_use_builder":"","_et_pb_old_content":"","_et_gb_content_width":"","_joinchat":[]},"product_brand":[],"product_cat":[490],"product_tag":[],"class_list":{"0":"post-781821","1":"product","2":"type-product","3":"status-publish","4":"has-post-thumbnail","6":"product_cat-courroies-thermo-king","8":"first","9":"instock","10":"purchasable","11":"product-type-simple"},"_links":{"self":[{"href":"https:\/\/www.novadistribution.eu\/fr\/wp-json\/wp\/v2\/product\/781821","targetHints":{"allow":["GET"]}}],"collection":[{"href":"https:\/\/www.novadistribution.eu\/fr\/wp-json\/wp\/v2\/product"}],"about":[{"href":"https:\/\/www.novadistribution.eu\/fr\/wp-json\/wp\/v2\/types\/product"}],"wp:featuredmedia":[{"embeddable":true,"href":"https:\/\/www.novadistribution.eu\/fr\/wp-json\/wp\/v2\/media\/781822"}],"wp:attachment":[{"href":"https:\/\/www.novadistribution.eu\/fr\/wp-json\/wp\/v2\/media?parent=781821"}],"wp:term":[{"taxonomy":"product_brand","embeddable":true,"href":"https:\/\/www.novadistribution.eu\/fr\/wp-json\/wp\/v2\/product_brand?post=781821"},{"taxonomy":"product_cat","embeddable":true,"href":"https:\/\/www.novadistribution.eu\/fr\/wp-json\/wp\/v2\/product_cat?post=781821"},{"taxonomy":"product_tag","embeddable":true,"href":"https:\/\/www.novadistribution.eu\/fr\/wp-json\/wp\/v2\/product_tag?post=781821"}],"curies":[{"name":"wp","href":"https:\/\/api.w.org\/{rel}","templated":true}]}}