{"id":782013,"date":"2020-07-09T19:21:55","date_gmt":"2020-07-09T19:21:55","guid":{"rendered":"https:\/\/www.novadistribution.eu\/?post_type=product&#038;p=782013"},"modified":"2020-07-09T19:21:55","modified_gmt":"2020-07-09T19:21:55","slug":"embrayage-ndfrsmx-nd-107-341","status":"publish","type":"product","link":"https:\/\/www.novadistribution.eu\/fr\/prodotti\/embrayages\/thermo-king-embrayages\/embrayage-ndfrsmx-nd-107-341\/","title":{"rendered":"Embrayage NDFRSMX (ND-107-341)"},"content":{"rendered":"<p><strong>Embrayage<\/strong> adapt\u00e9 aux unit\u00e9s <strong>Thermo King<\/strong>:<\/p>\n<p>SMX\/II<\/p>\n<p>SB II\/III<\/p>\n<p><span class=\"tlid-translation translation\"><span class=\"\" title=\"\">L\u2019embrayage est galvanis\u00e9, pas peint \u00e0 la bombe, enti\u00e8rement \u00e9quilibr\u00e9 et construit avec un mat\u00e9riau de friction de longue dur\u00e9e.<\/span><\/span><\/p>\n<p>Cet embrayage est un produit <strong>NOVA DISTRIBUTION.<\/strong><\/p>\n<p><em>FABRIQU\u00c9 EN ITALIE<\/em><\/p>\n<p>&nbsp;<\/p>\n","protected":false},"excerpt":{"rendered":"<p><span class=\"tlid-translation translation\"><span class=\"\" title=\"\">Codes de conversion OEM:<\/span><\/span><\/p>\n<p>107-341<\/p>\n<p>1070341<\/p>\n<p><span class=\"tlid-translation translation\"><span class=\"\" title=\"\">Anciens codes OEM:<\/span><\/span><\/p>\n","protected":false},"featured_media":782014,"template":"","meta":{"_et_pb_use_builder":"","_et_pb_old_content":"","_et_gb_content_width":"","_joinchat":[]},"product_brand":[],"product_cat":[448],"product_tag":[],"class_list":{"0":"post-782013","1":"product","2":"type-product","3":"status-publish","4":"has-post-thumbnail","6":"product_cat-thermo-king-embrayages","8":"first","9":"instock","10":"purchasable","11":"product-type-simple"},"_links":{"self":[{"href":"https:\/\/www.novadistribution.eu\/fr\/wp-json\/wp\/v2\/product\/782013","targetHints":{"allow":["GET"]}}],"collection":[{"href":"https:\/\/www.novadistribution.eu\/fr\/wp-json\/wp\/v2\/product"}],"about":[{"href":"https:\/\/www.novadistribution.eu\/fr\/wp-json\/wp\/v2\/types\/product"}],"wp:featuredmedia":[{"embeddable":true,"href":"https:\/\/www.novadistribution.eu\/fr\/wp-json\/wp\/v2\/media\/782014"}],"wp:attachment":[{"href":"https:\/\/www.novadistribution.eu\/fr\/wp-json\/wp\/v2\/media?parent=782013"}],"wp:term":[{"taxonomy":"product_brand","embeddable":true,"href":"https:\/\/www.novadistribution.eu\/fr\/wp-json\/wp\/v2\/product_brand?post=782013"},{"taxonomy":"product_cat","embeddable":true,"href":"https:\/\/www.novadistribution.eu\/fr\/wp-json\/wp\/v2\/product_cat?post=782013"},{"taxonomy":"product_tag","embeddable":true,"href":"https:\/\/www.novadistribution.eu\/fr\/wp-json\/wp\/v2\/product_tag?post=782013"}],"curies":[{"name":"wp","href":"https:\/\/api.w.org\/{rel}","templated":true}]}}