{"id":782085,"date":"2020-08-21T15:57:27","date_gmt":"2020-08-21T15:57:27","guid":{"rendered":"https:\/\/www.novadistribution.eu\/?post_type=product&#038;p=782085"},"modified":"2020-08-21T15:57:27","modified_gmt":"2020-08-21T15:57:27","slug":"vilebrequin-de-compresseur-05k4cr-nd-17-44725-00","status":"publish","type":"product","link":"https:\/\/www.novadistribution.eu\/fr\/prodotti\/compresseurs\/vilebrequin-de-compresseur\/vilebrequin-de-compresseur-05k4cr-nd-17-44725-00\/","title":{"rendered":"Vilebrequin de compresseur 05K4CR (ND-17-44725-00)"},"content":{"rendered":"<p><span lang=\"fr\">Vilebrequin de compresseur pour compresseur <strong>Carrier Transicold<\/strong><\/span>:<\/p>\n<p><strong>05K4<\/strong><\/p>\n<p><span lang=\"fr\">Enti\u00e8rement \u00e9quilibr\u00e9 et test\u00e9.<\/span><\/p>\n<p>&nbsp;<\/p>\n","protected":false},"excerpt":{"rendered":"<p><span class=\"tlid-translation translation\"><span class=\"\" title=\"\">Codes de conversion OEM:<\/span><\/span><\/p>\n<p>17-44725-00<\/p>\n<p>174472500<\/p>\n","protected":false},"featured_media":782086,"template":"","meta":{"_et_pb_use_builder":"","_et_pb_old_content":"","_et_gb_content_width":"","_joinchat":[]},"product_brand":[],"product_cat":[502],"product_tag":[],"class_list":{"0":"post-782085","1":"product","2":"type-product","3":"status-publish","4":"has-post-thumbnail","6":"product_cat-vilebrequin-de-compresseur","8":"first","9":"instock","10":"purchasable","11":"product-type-simple"},"_links":{"self":[{"href":"https:\/\/www.novadistribution.eu\/fr\/wp-json\/wp\/v2\/product\/782085","targetHints":{"allow":["GET"]}}],"collection":[{"href":"https:\/\/www.novadistribution.eu\/fr\/wp-json\/wp\/v2\/product"}],"about":[{"href":"https:\/\/www.novadistribution.eu\/fr\/wp-json\/wp\/v2\/types\/product"}],"wp:featuredmedia":[{"embeddable":true,"href":"https:\/\/www.novadistribution.eu\/fr\/wp-json\/wp\/v2\/media\/782086"}],"wp:attachment":[{"href":"https:\/\/www.novadistribution.eu\/fr\/wp-json\/wp\/v2\/media?parent=782085"}],"wp:term":[{"taxonomy":"product_brand","embeddable":true,"href":"https:\/\/www.novadistribution.eu\/fr\/wp-json\/wp\/v2\/product_brand?post=782085"},{"taxonomy":"product_cat","embeddable":true,"href":"https:\/\/www.novadistribution.eu\/fr\/wp-json\/wp\/v2\/product_cat?post=782085"},{"taxonomy":"product_tag","embeddable":true,"href":"https:\/\/www.novadistribution.eu\/fr\/wp-json\/wp\/v2\/product_tag?post=782085"}],"curies":[{"name":"wp","href":"https:\/\/api.w.org\/{rel}","templated":true}]}}