{"id":782133,"date":"2020-09-11T14:50:57","date_gmt":"2020-09-11T14:50:57","guid":{"rendered":"https:\/\/www.novadistribution.eu\/?post_type=product&#038;p=782133"},"modified":"2023-08-18T16:02:34","modified_gmt":"2023-08-18T16:02:34","slug":"vilebrequin-de-compresseur-nd22655-nd-22-655","status":"publish","type":"product","link":"https:\/\/www.novadistribution.eu\/fr\/prodotti\/compresseurs\/vilebrequin-de-compresseur\/vilebrequin-de-compresseur-nd22655-nd-22-655\/","title":{"rendered":"Vilebrequin de compresseur ND22655 (ND-22-655)"},"content":{"rendered":"<p><span lang=\"fr\">Vilebrequin de compresseur pour compresseur <strong>Thermo King<\/strong>:<\/span><\/p>\n<p><strong> X340<\/strong><\/p>\n<p><span lang=\"fr\">Enti\u00e8rement \u00e9quilibr\u00e9 et test\u00e9.<\/span><\/p>\n","protected":false},"excerpt":{"rendered":"<p><span class=\"tlid-translation translation\"><span class=\"\" title=\"\">Codes de conversion OEM:<\/span><\/span>:<\/p>\n<p>22-655<\/p>\n<p>22655<\/p>\n<p>220655<\/p>\n","protected":false},"featured_media":782134,"template":"","meta":{"_et_pb_use_builder":"","_et_pb_old_content":"","_et_gb_content_width":"","_joinchat":[]},"product_brand":[],"product_cat":[502],"product_tag":[],"class_list":{"0":"post-782133","1":"product","2":"type-product","3":"status-publish","4":"has-post-thumbnail","6":"product_cat-vilebrequin-de-compresseur","8":"first","9":"instock","10":"purchasable","11":"product-type-simple"},"_links":{"self":[{"href":"https:\/\/www.novadistribution.eu\/fr\/wp-json\/wp\/v2\/product\/782133","targetHints":{"allow":["GET"]}}],"collection":[{"href":"https:\/\/www.novadistribution.eu\/fr\/wp-json\/wp\/v2\/product"}],"about":[{"href":"https:\/\/www.novadistribution.eu\/fr\/wp-json\/wp\/v2\/types\/product"}],"wp:featuredmedia":[{"embeddable":true,"href":"https:\/\/www.novadistribution.eu\/fr\/wp-json\/wp\/v2\/media\/782134"}],"wp:attachment":[{"href":"https:\/\/www.novadistribution.eu\/fr\/wp-json\/wp\/v2\/media?parent=782133"}],"wp:term":[{"taxonomy":"product_brand","embeddable":true,"href":"https:\/\/www.novadistribution.eu\/fr\/wp-json\/wp\/v2\/product_brand?post=782133"},{"taxonomy":"product_cat","embeddable":true,"href":"https:\/\/www.novadistribution.eu\/fr\/wp-json\/wp\/v2\/product_cat?post=782133"},{"taxonomy":"product_tag","embeddable":true,"href":"https:\/\/www.novadistribution.eu\/fr\/wp-json\/wp\/v2\/product_tag?post=782133"}],"curies":[{"name":"wp","href":"https:\/\/api.w.org\/{rel}","templated":true}]}}