{"id":782157,"date":"2020-09-15T12:02:08","date_gmt":"2020-09-15T12:02:08","guid":{"rendered":"https:\/\/www.novadistribution.eu\/?post_type=product&#038;p=782157"},"modified":"2023-09-21T19:09:43","modified_gmt":"2023-09-21T19:09:43","slug":"transformateur-serie-v-ndtrtkv-nd-41-7942-nd-41-7943","status":"publish","type":"product","link":"https:\/\/www.novadistribution.eu\/fr\/prodotti\/pieces-electriques\/transformateurs-et-chargeurs-de-batterie\/transformateur-serie-v-ndtrtkv-nd-41-7942-nd-41-7943\/","title":{"rendered":"Transformateur S\u00e9rie V NDTRTKV (ND-41-7942 \/ ND-41-7943)"},"content":{"rendered":"<p>Transformateur pour les unit\u00e9s de r\u00e9frig\u00e9ration <strong>Thermo King<\/strong> :<\/p>\n<p>V100\/200 ;<\/p>\n<p>V300\/500 ;<\/p>\n<p>V700<\/p>\n<p>Tension primaire 230V-400V, Amp\u00e8re 600VA, Hz 50\/60 ;<\/p>\n<p>Solution unique pour les codes OEM 41-7942, 41-7943.<\/p>\n<p><strong>Fabriqu\u00e9 en Italie<\/strong><\/p>\n<p>Ceci est un produit <strong>NOVA DISTRIBUTION<\/strong><\/p>\n","protected":false},"excerpt":{"rendered":"<p>Codes de conversion OEM:<\/p>\n<p>41-7942<\/p>\n<p>417942<\/p>\n<p>41-7943<\/p>\n<p>417943<\/p>\n<p>Anciens codes OEM:<\/p>\n<p>41-5797<\/p>\n<p>415797<\/p>\n<p>41-5706<\/p>\n<p>415706<\/p>\n<p>&nbsp;<\/p>\n","protected":false},"featured_media":782158,"template":"","meta":{"_et_pb_use_builder":"","_et_pb_old_content":"","_et_gb_content_width":"","_joinchat":[]},"product_brand":[],"product_cat":[508,574],"product_tag":[],"class_list":{"0":"post-782157","1":"product","2":"type-product","3":"status-publish","4":"has-post-thumbnail","6":"product_cat-pieces-electriques","7":"product_cat-transformateurs-et-chargeurs-de-batterie","9":"first","10":"instock","11":"purchasable","12":"product-type-simple"},"_links":{"self":[{"href":"https:\/\/www.novadistribution.eu\/fr\/wp-json\/wp\/v2\/product\/782157","targetHints":{"allow":["GET"]}}],"collection":[{"href":"https:\/\/www.novadistribution.eu\/fr\/wp-json\/wp\/v2\/product"}],"about":[{"href":"https:\/\/www.novadistribution.eu\/fr\/wp-json\/wp\/v2\/types\/product"}],"wp:featuredmedia":[{"embeddable":true,"href":"https:\/\/www.novadistribution.eu\/fr\/wp-json\/wp\/v2\/media\/782158"}],"wp:attachment":[{"href":"https:\/\/www.novadistribution.eu\/fr\/wp-json\/wp\/v2\/media?parent=782157"}],"wp:term":[{"taxonomy":"product_brand","embeddable":true,"href":"https:\/\/www.novadistribution.eu\/fr\/wp-json\/wp\/v2\/product_brand?post=782157"},{"taxonomy":"product_cat","embeddable":true,"href":"https:\/\/www.novadistribution.eu\/fr\/wp-json\/wp\/v2\/product_cat?post=782157"},{"taxonomy":"product_tag","embeddable":true,"href":"https:\/\/www.novadistribution.eu\/fr\/wp-json\/wp\/v2\/product_tag?post=782157"}],"curies":[{"name":"wp","href":"https:\/\/api.w.org\/{rel}","templated":true}]}}