{"id":782349,"date":"2020-12-24T13:05:49","date_gmt":"2020-12-24T13:05:49","guid":{"rendered":"https:\/\/www.novadistribution.eu\/?post_type=product&#038;p=782349"},"modified":"2020-12-24T13:53:23","modified_gmt":"2020-12-24T13:53:23","slug":"kit-de-remplacement-des-machoires-d-embrayage-carrier-maxima-ndfrkit-nd-50-50020-01","status":"publish","type":"product","link":"https:\/\/www.novadistribution.eu\/fr\/prodotti\/embrayages\/carrier-transicold-embrayages\/kit-de-remplacement-des-machoires-d-embrayage-carrier-maxima-ndfrkit-nd-50-50020-01\/","title":{"rendered":"Kit de remplacement des m\u00e2choires d&#8217;embrayage Carrier Maxima NDFRKIT (ND-50-50020-01)"},"content":{"rendered":"<div class=\"result-shield-container tlid-copy-target\" style=\"margin: 0px; padding: 0px; border: none; outline: none; box-sizing: border-box; display: block; color: #000000; font-family: 'Pathway Gothic One'; font-size: 18px; font-style: normal; font-variant-ligatures: normal; font-variant-caps: normal; font-weight: 400; letter-spacing: normal; orphans: 2; text-align: start; text-indent: 0px; text-transform: none; white-space: normal; widows: 2; word-spacing: 0px; -webkit-text-stroke-width: 0px; background-color: #ffffff; text-decoration-thickness: initial; text-decoration-style: initial; text-decoration-color: initial;\">\n<p style=\"margin: 0px 0px 10px; padding: 0px; border: none; outline: none; box-sizing: border-box; position: relative; line-height: 1.4em; font-family: 'Pathway Gothic One' !important; color: #000000 !important;\"><span class=\"tlid-translation translation\" style=\"margin: 0px; padding: 0px; border: none; outline: none; box-sizing: border-box;\"><span class=\"\" style=\"margin: 0px; padding: 0px; border: none; outline: none; box-sizing: border-box;\" title=\"\">M\u00e2choires de rechange adapt\u00e9es \u00e0 l&#8217;embrayage <strong>Carrier Transicold<\/strong> MAXIMA:<br \/>\n<\/span><\/span><\/p>\n<p style=\"margin: 0px 0px 10px; padding: 0px; border: none; outline: none; box-sizing: border-box; position: relative; line-height: 1.4em; font-family: 'Pathway Gothic One' !important; color: #000000 !important;\"><span class=\"\" style=\"margin: 0px; padding: 0px; border: none; outline: none; box-sizing: border-box;\" title=\"\">Maxima, Maxima plus, Maxima 1000\/1200\/1300<\/span><\/p>\n<\/div>\n<div class=\"result-shield-container tlid-copy-target\" style=\"margin: 0px; padding: 0px; border: none; outline: none; box-sizing: border-box; display: block; color: #000000; font-family: 'Pathway Gothic One'; font-size: 18px; font-style: normal; font-variant-ligatures: normal; font-variant-caps: normal; font-weight: 400; letter-spacing: normal; orphans: 2; text-align: start; text-indent: 0px; text-transform: none; white-space: normal; widows: 2; word-spacing: 0px; -webkit-text-stroke-width: 0px; background-color: #ffffff; text-decoration-thickness: initial; text-decoration-style: initial; text-decoration-color: initial;\">\n<p style=\"margin: 0px 0px 10px; padding: 0px; border: none; outline: none; box-sizing: border-box; position: relative; line-height: 1.4em; font-family: 'Pathway Gothic One' !important; color: #000000 !important;\"><span class=\"tlid-translation translation\" style=\"margin: 0px; padding: 0px; border: none; outline: none; box-sizing: border-box;\"><span class=\"\" style=\"margin: 0px; padding: 0px; border: none; outline: none; box-sizing: border-box;\" title=\"\">Le kit est compos\u00e9 de 3 m\u00e2choires plus 6 ressorts.<\/span><\/span><\/p>\n<p style=\"margin: 0px 0px 10px; padding: 0px; border: none; outline: none; box-sizing: border-box; position: relative; line-height: 1.4em; font-family: 'Pathway Gothic One' !important; color: #000000 !important;\"><span class=\"\" style=\"margin: 0px; padding: 0px; border: none; outline: none; box-sizing: border-box;\" title=\"\">Ce kit est un produit <strong>NOVA DISTRIBUTION<\/strong>.<\/span><\/p>\n<p style=\"margin: 0px 0px 10px; padding: 0px; border: none; outline: none; box-sizing: border-box; position: relative; line-height: 1.4em; font-family: 'Pathway Gothic One' !important; color: #000000 !important;\"><span class=\"\" style=\"margin: 0px; padding: 0px; border: none; outline: none; box-sizing: border-box;\" title=\"\">FABRIQU\u00c9 EN ITALIE.<\/span><\/p>\n<\/div>\n","protected":false},"excerpt":{"rendered":"<p>Codes de conversion OEM:<\/p>\n<p>50-50020-01<\/p>\n<p>505002001<\/p>\n<p>Anciens codes OEM:<\/p>\n<p>50-60236-00,<\/p>\n<p>506023600<\/p>\n<p>50-50020-00<\/p>\n<p>505002000<\/p>\n","protected":false},"featured_media":782350,"template":"","meta":{"_et_pb_use_builder":"","_et_pb_old_content":"","_et_gb_content_width":"","_joinchat":[]},"product_brand":[],"product_cat":[442],"product_tag":[],"class_list":{"0":"post-782349","1":"product","2":"type-product","3":"status-publish","4":"has-post-thumbnail","6":"product_cat-carrier-transicold-embrayages","8":"first","9":"instock","10":"purchasable","11":"product-type-simple"},"_links":{"self":[{"href":"https:\/\/www.novadistribution.eu\/fr\/wp-json\/wp\/v2\/product\/782349","targetHints":{"allow":["GET"]}}],"collection":[{"href":"https:\/\/www.novadistribution.eu\/fr\/wp-json\/wp\/v2\/product"}],"about":[{"href":"https:\/\/www.novadistribution.eu\/fr\/wp-json\/wp\/v2\/types\/product"}],"wp:featuredmedia":[{"embeddable":true,"href":"https:\/\/www.novadistribution.eu\/fr\/wp-json\/wp\/v2\/media\/782350"}],"wp:attachment":[{"href":"https:\/\/www.novadistribution.eu\/fr\/wp-json\/wp\/v2\/media?parent=782349"}],"wp:term":[{"taxonomy":"product_brand","embeddable":true,"href":"https:\/\/www.novadistribution.eu\/fr\/wp-json\/wp\/v2\/product_brand?post=782349"},{"taxonomy":"product_cat","embeddable":true,"href":"https:\/\/www.novadistribution.eu\/fr\/wp-json\/wp\/v2\/product_cat?post=782349"},{"taxonomy":"product_tag","embeddable":true,"href":"https:\/\/www.novadistribution.eu\/fr\/wp-json\/wp\/v2\/product_tag?post=782349"}],"curies":[{"name":"wp","href":"https:\/\/api.w.org\/{rel}","templated":true}]}}