{"id":782421,"date":"2021-03-06T13:04:24","date_gmt":"2021-03-06T13:04:24","guid":{"rendered":"https:\/\/www.novadistribution.eu\/?post_type=product&#038;p=782421"},"modified":"2021-03-06T13:14:31","modified_gmt":"2021-03-06T13:14:31","slug":"pompe-a-eau-ndpa486-nd-13-0509","status":"publish","type":"product","link":"https:\/\/www.novadistribution.eu\/fr\/prodotti\/pompe-a-eau\/pompe-a-eau-ndpa486-nd-13-0509\/","title":{"rendered":"Pompe \u00e0 eau NDPA486 (ND-13-0509)"},"content":{"rendered":"<p><span lang=\"fr\"><strong>Pompe \u00e0 eau<\/strong> pour unit\u00e9 de r\u00e9frig\u00e9ration <strong>Thermo King<\/strong>:<\/span><\/p>\n<p>SL 100\/200\/300\/400<\/p>\n<p>SLe 100\/200\/300\/400<\/p>\n<p>SLX 100\/200\/300\/400<\/p>\n<p>SB all<\/p>\n<p><strong>Moteur:<\/strong><\/p>\n<p>\u2013 Yanmar 482, 4.82<\/p>\n<p>\u2013 Yanmar 486, 4.86<\/p>\n","protected":false},"excerpt":{"rendered":"<div class=\"text\">\n<div class=\"woocommerce-product-details__short-description\">\n<div class=\"text\">\n<div class=\"woocommerce-product-details__short-description\">\n<div class=\"text\">\n<div class=\"woocommerce-product-details__short-description\">\n<p><span class=\"tlid-translation translation\"><span class=\"\" title=\"\">Codes de conversion OEM:<\/span><\/span><\/p>\n<p>13-0509<\/p>\n<p><span class=\"tlid-translation translation\"><span class=\"\" title=\"\">Anciens codes OEM:<\/span><\/span><\/p>\n<p>11-9450<br \/>\n11-9499<\/p>\n<\/div>\n<\/div>\n<\/div>\n<\/div>\n<\/div>\n<\/div>\n","protected":false},"featured_media":782422,"template":"","meta":{"_et_pb_use_builder":"","_et_pb_old_content":"","_et_gb_content_width":"","_joinchat":[]},"product_brand":[],"product_cat":[496],"product_tag":[],"class_list":{"0":"post-782421","1":"product","2":"type-product","3":"status-publish","4":"has-post-thumbnail","6":"product_cat-pompe-a-eau","8":"first","9":"instock","10":"purchasable","11":"product-type-simple"},"_links":{"self":[{"href":"https:\/\/www.novadistribution.eu\/fr\/wp-json\/wp\/v2\/product\/782421","targetHints":{"allow":["GET"]}}],"collection":[{"href":"https:\/\/www.novadistribution.eu\/fr\/wp-json\/wp\/v2\/product"}],"about":[{"href":"https:\/\/www.novadistribution.eu\/fr\/wp-json\/wp\/v2\/types\/product"}],"wp:featuredmedia":[{"embeddable":true,"href":"https:\/\/www.novadistribution.eu\/fr\/wp-json\/wp\/v2\/media\/782422"}],"wp:attachment":[{"href":"https:\/\/www.novadistribution.eu\/fr\/wp-json\/wp\/v2\/media?parent=782421"}],"wp:term":[{"taxonomy":"product_brand","embeddable":true,"href":"https:\/\/www.novadistribution.eu\/fr\/wp-json\/wp\/v2\/product_brand?post=782421"},{"taxonomy":"product_cat","embeddable":true,"href":"https:\/\/www.novadistribution.eu\/fr\/wp-json\/wp\/v2\/product_cat?post=782421"},{"taxonomy":"product_tag","embeddable":true,"href":"https:\/\/www.novadistribution.eu\/fr\/wp-json\/wp\/v2\/product_tag?post=782421"}],"curies":[{"name":"wp","href":"https:\/\/api.w.org\/{rel}","templated":true}]}}