{"id":782469,"date":"2021-04-20T19:37:09","date_gmt":"2021-04-20T19:37:09","guid":{"rendered":"https:\/\/www.novadistribution.eu\/?post_type=product&#038;p=782469"},"modified":"2021-04-20T19:37:09","modified_gmt":"2021-04-20T19:37:09","slug":"solenoide-d-arret-depart-ndssgctpp-nd-29-70345-00","status":"publish","type":"product","link":"https:\/\/www.novadistribution.eu\/fr\/prodotti\/solenoides-2\/solenoides-carrier-transicold-2\/solenoide-d-arret-depart-ndssgctpp-nd-29-70345-00\/","title":{"rendered":"Sol\u00e9no\u00efde d&rsquo;arr\u00eat\/d\u00e9part NDSSGCTPP (ND-29-70345-00)"},"content":{"rendered":"<p>Sol\u00e9no\u00efde arr\u00eat\/vitesse diesel 12V moteur Kubota CT369TV e CT491TV.<\/p>\n<p>Convient aux unit\u00e9s de r\u00e9frig\u00e9ration Carrier Transicold :<\/p>\n<p>&#8211; Vector ;<\/p>\n<p>Sol\u00e9no\u00efde \u00e0 vitesse variable, corps enti\u00e8rement m\u00e9tallique, joints d&rsquo;huile renforc\u00e9s, aimants \u00e0 longue dur\u00e9e de vie.<\/p>\n<p>Fabriqu\u00e9 en Italie<\/p>\n<p>Ceci est un produit Nova Distribution.<\/p>\n","protected":false},"excerpt":{"rendered":"<div class=\"text\">\n<div class=\"woocommerce-product-details__short-description\">\n<p>Code de conversion OEM:<\/p>\n<p>29-70345-00<\/p>\n<p>297034500<\/p>\n<p>&nbsp;<\/p>\n<p>&nbsp;<\/p>\n<\/div>\n<\/div>\n","protected":false},"featured_media":782470,"template":"","meta":{"_et_pb_use_builder":"","_et_pb_old_content":"","_et_gb_content_width":"","_joinchat":[]},"product_brand":[],"product_cat":[454],"product_tag":[],"class_list":{"0":"post-782469","1":"product","2":"type-product","3":"status-publish","4":"has-post-thumbnail","6":"product_cat-solenoides-carrier-transicold-2","8":"first","9":"instock","10":"purchasable","11":"product-type-simple"},"_links":{"self":[{"href":"https:\/\/www.novadistribution.eu\/fr\/wp-json\/wp\/v2\/product\/782469","targetHints":{"allow":["GET"]}}],"collection":[{"href":"https:\/\/www.novadistribution.eu\/fr\/wp-json\/wp\/v2\/product"}],"about":[{"href":"https:\/\/www.novadistribution.eu\/fr\/wp-json\/wp\/v2\/types\/product"}],"wp:featuredmedia":[{"embeddable":true,"href":"https:\/\/www.novadistribution.eu\/fr\/wp-json\/wp\/v2\/media\/782470"}],"wp:attachment":[{"href":"https:\/\/www.novadistribution.eu\/fr\/wp-json\/wp\/v2\/media?parent=782469"}],"wp:term":[{"taxonomy":"product_brand","embeddable":true,"href":"https:\/\/www.novadistribution.eu\/fr\/wp-json\/wp\/v2\/product_brand?post=782469"},{"taxonomy":"product_cat","embeddable":true,"href":"https:\/\/www.novadistribution.eu\/fr\/wp-json\/wp\/v2\/product_cat?post=782469"},{"taxonomy":"product_tag","embeddable":true,"href":"https:\/\/www.novadistribution.eu\/fr\/wp-json\/wp\/v2\/product_tag?post=782469"}],"curies":[{"name":"wp","href":"https:\/\/api.w.org\/{rel}","templated":true}]}}