{"id":782493,"date":"2021-05-03T12:37:14","date_gmt":"2021-05-03T12:37:14","guid":{"rendered":"https:\/\/www.novadistribution.eu\/?post_type=product&#038;p=782493"},"modified":"2021-05-03T12:37:14","modified_gmt":"2021-05-03T12:37:14","slug":"culasse-ndtest1505-nd-25-15021-00","status":"publish","type":"product","link":"https:\/\/www.novadistribution.eu\/fr\/prodotti\/moteur-diesel\/culasse\/culasse-ndtest1505-nd-25-15021-00\/","title":{"rendered":"Culasse NDTEST1505 (ND-25-15021-00)"},"content":{"rendered":"<p>Culasse pour moteur diesel Carrier Transiold 4.91 \/ Kubota V1505, applications:<\/p>\n<p>Maxima<\/p>\n<p>Vector<\/p>\n<p>La culasse est livr\u00e9e nue, le si\u00e8ge de soupape doit \u00eatre pr\u00e9par\u00e9.<\/p>\n<p>La m\u00eame culasse peut \u00eatre utilis\u00e9e sur toutes les applications du moteur Kubota V1505 avec le num\u00e9ro de pi\u00e8ce 16065-03040.<\/p>\n","protected":false},"excerpt":{"rendered":"<div class=\"text\">\n<div class=\"woocommerce-product-details__short-description\">\n<p>Codes de conversion OEM::<\/p>\n<p>25-15021-00<\/p>\n<p>251502100<\/p>\n<p>16065-03040 Kubota<\/p>\n<p>Anciens codes OEM:<\/p>\n<\/div>\n<\/div>\n","protected":false},"featured_media":782494,"template":"","meta":{"_et_pb_use_builder":"","_et_pb_old_content":"","_et_gb_content_width":"","_joinchat":[]},"product_brand":[],"product_cat":[532],"product_tag":[],"class_list":{"0":"post-782493","1":"product","2":"type-product","3":"status-publish","4":"has-post-thumbnail","6":"product_cat-culasse","8":"first","9":"instock","10":"purchasable","11":"product-type-simple"},"_links":{"self":[{"href":"https:\/\/www.novadistribution.eu\/fr\/wp-json\/wp\/v2\/product\/782493","targetHints":{"allow":["GET"]}}],"collection":[{"href":"https:\/\/www.novadistribution.eu\/fr\/wp-json\/wp\/v2\/product"}],"about":[{"href":"https:\/\/www.novadistribution.eu\/fr\/wp-json\/wp\/v2\/types\/product"}],"wp:featuredmedia":[{"embeddable":true,"href":"https:\/\/www.novadistribution.eu\/fr\/wp-json\/wp\/v2\/media\/782494"}],"wp:attachment":[{"href":"https:\/\/www.novadistribution.eu\/fr\/wp-json\/wp\/v2\/media?parent=782493"}],"wp:term":[{"taxonomy":"product_brand","embeddable":true,"href":"https:\/\/www.novadistribution.eu\/fr\/wp-json\/wp\/v2\/product_brand?post=782493"},{"taxonomy":"product_cat","embeddable":true,"href":"https:\/\/www.novadistribution.eu\/fr\/wp-json\/wp\/v2\/product_cat?post=782493"},{"taxonomy":"product_tag","embeddable":true,"href":"https:\/\/www.novadistribution.eu\/fr\/wp-json\/wp\/v2\/product_tag?post=782493"}],"curies":[{"name":"wp","href":"https:\/\/api.w.org\/{rel}","templated":true}]}}