{"id":782513,"date":"2021-05-04T18:14:03","date_gmt":"2021-05-04T18:14:03","guid":{"rendered":"https:\/\/www.novadistribution.eu\/?post_type=product&#038;p=782513"},"modified":"2024-12-27T12:05:02","modified_gmt":"2024-12-27T12:05:02","slug":"porte-vector-ndvecslss-nd-79-60463-20","status":"publish","type":"product","link":"https:\/\/www.novadistribution.eu\/fr\/prodotti\/carrosserie-et-panneaux\/vector-5\/porte-vector-ndvecslss-nd-79-60463-20\/","title":{"rendered":"Porte Vector NDVECSLSS (ND-79-60463-20)"},"content":{"rendered":"<blockquote class=\"wp-embedded-content\" data-secret=\"golLzrzZ1D\"><p><a href=\"https:\/\/www.novadistribution.eu\/fr\/portes-et-panneaux-pour-carrier-transicold-vector-en-plastique\/\">Portes et panneaux pour Carrier Transicold Vector \u00a9 en plastique<\/a><\/p><\/blockquote>\n<p><iframe loading=\"lazy\" class=\"wp-embedded-content\" sandbox=\"allow-scripts\" security=\"restricted\" style=\"position: absolute; visibility: hidden;\" title=\"\u00ab\u00a0Portes et panneaux pour Carrier Transicold Vector \u00a9 en plastique\u00a0\u00bb &#8212; NOVA DISTRIBUTION SRL\" src=\"https:\/\/www.novadistribution.eu\/fr\/portes-et-panneaux-pour-carrier-transicold-vector-en-plastique\/embed\/#?secret=I7CIyiaEK3#?secret=golLzrzZ1D\" data-secret=\"golLzrzZ1D\" width=\"600\" height=\"338\" frameborder=\"0\" marginwidth=\"0\" marginheight=\"0\" scrolling=\"no\"><\/iframe><\/p>\n<p>Porte lat\u00e9rale sup\u00e9rieur pour les unit\u00e9s <strong>Carrier Transicold :<\/strong><\/p>\n<p>Vector 1350;<\/p>\n<p>Vector 1550;<\/p>\n<p>Vector 1950;<\/p>\n<p>Vector 1800\/1850 (peinture requise);<\/p>\n<p>Portes parfaitement compatibles.<\/p>\n<p>Fabriqu\u00e9 en PLASTIQUE, pas en fibre de verre, avec du plastique recycl\u00e9 et enti\u00e8rement recyclable.<\/p>\n<p>Plus R\u00c9SISTANT. FLEXIBLE et L\u00c9GER.<\/p>\n<p>Ceci est un produit NOVA DISTRIBUTION.<\/p>\n<p>FABRIQU\u00c9 EN ITALIE<\/p>\n<p>ATTENTION: la disponibilit\u00e9 des charni\u00e8res peut varier.<\/p>\n","protected":false},"excerpt":{"rendered":"<div class=\"text\">\n<div class=\"woocommerce-product-details__short-description\">\n<p>Codes de conversion OEM :<\/p>\n<p>79-60463-20<\/p>\n<p>Anciens codes OEM :<\/p>\n<p>79-60463-10<\/p>\n<p>79-60461-00<\/p>\n<p>79-60461-00<\/p>\n<\/div>\n<\/div>\n","protected":false},"featured_media":782514,"template":"","meta":{"_et_pb_use_builder":"","_et_pb_old_content":"","_et_gb_content_width":"","_joinchat":[]},"product_brand":[],"product_cat":[544],"product_tag":[],"class_list":{"0":"post-782513","1":"product","2":"type-product","3":"status-publish","4":"has-post-thumbnail","6":"product_cat-vector-5","8":"first","9":"instock","10":"purchasable","11":"product-type-simple"},"_links":{"self":[{"href":"https:\/\/www.novadistribution.eu\/fr\/wp-json\/wp\/v2\/product\/782513","targetHints":{"allow":["GET"]}}],"collection":[{"href":"https:\/\/www.novadistribution.eu\/fr\/wp-json\/wp\/v2\/product"}],"about":[{"href":"https:\/\/www.novadistribution.eu\/fr\/wp-json\/wp\/v2\/types\/product"}],"wp:featuredmedia":[{"embeddable":true,"href":"https:\/\/www.novadistribution.eu\/fr\/wp-json\/wp\/v2\/media\/782514"}],"wp:attachment":[{"href":"https:\/\/www.novadistribution.eu\/fr\/wp-json\/wp\/v2\/media?parent=782513"}],"wp:term":[{"taxonomy":"product_brand","embeddable":true,"href":"https:\/\/www.novadistribution.eu\/fr\/wp-json\/wp\/v2\/product_brand?post=782513"},{"taxonomy":"product_cat","embeddable":true,"href":"https:\/\/www.novadistribution.eu\/fr\/wp-json\/wp\/v2\/product_cat?post=782513"},{"taxonomy":"product_tag","embeddable":true,"href":"https:\/\/www.novadistribution.eu\/fr\/wp-json\/wp\/v2\/product_tag?post=782513"}],"curies":[{"name":"wp","href":"https:\/\/api.w.org\/{rel}","templated":true}]}}