{"id":782651,"date":"2021-11-26T14:09:54","date_gmt":"2021-11-26T14:09:54","guid":{"rendered":"https:\/\/www.novadistribution.eu\/?post_type=product&#038;p=782651"},"modified":"2024-12-30T15:28:02","modified_gmt":"2024-12-30T15:28:02","slug":"porte-vector-ndveclsd-nd-79-60462-20","status":"publish","type":"product","link":"https:\/\/www.novadistribution.eu\/fr\/prodotti\/carrosserie-et-panneaux\/vector-5\/porte-vector-ndveclsd-nd-79-60462-20\/","title":{"rendered":"Porte Vector NDVECLSD (ND-79-60462-20)"},"content":{"rendered":"<blockquote class=\"wp-embedded-content\" data-secret=\"hm41iYYaRW\"><p><a href=\"https:\/\/www.novadistribution.eu\/fr\/portes-et-panneaux-pour-carrier-transicold-vector-en-plastique\/\">Portes et panneaux pour Carrier Transicold Vector \u00a9 en plastique<\/a><\/p><\/blockquote>\n<p><iframe loading=\"lazy\" class=\"wp-embedded-content\" sandbox=\"allow-scripts\" security=\"restricted\" style=\"position: absolute; visibility: hidden;\" title=\"\u00ab\u00a0Portes et panneaux pour Carrier Transicold Vector \u00a9 en plastique\u00a0\u00bb &#8212; NOVA DISTRIBUTION SRL\" src=\"https:\/\/www.novadistribution.eu\/fr\/portes-et-panneaux-pour-carrier-transicold-vector-en-plastique\/embed\/#?secret=wT8ic53ntr#?secret=hm41iYYaRW\" data-secret=\"hm41iYYaRW\" width=\"600\" height=\"338\" frameborder=\"0\" marginwidth=\"0\" marginheight=\"0\" scrolling=\"no\"><\/iframe><\/p>\n<p>Panneau sup\u00e9rieur\/porte de bord de route convenant \u00e0 <strong>Carrier Transicold<\/strong> :<\/p>\n<p>Vecteur 1350 ;<\/p>\n<p>Vecteur 1550 ;<\/p>\n<p>Vecteur 1950 ;<\/p>\n<p>Vecteur 1800\/1850 (peinture requise) ;<\/p>\n<p>Enti\u00e8rement interchangeable avec les panneaux d&rsquo;origine ;<\/p>\n<p>Fabriqu\u00e9 en <strong>PLASTIQUE<\/strong>, et non en fibre de verre, enti\u00e8rement recyclable et fabriqu\u00e9 \u00e0 partir de plastique recycl\u00e9 ;<\/p>\n<p>PLUS L\u00c9G\u00c8RE, FLEXIBLE et DURABLE.<\/p>\n<p>Il s&rsquo;agit d&rsquo;un produit de NOVA DISTRIBUTION.<\/p>\n<p>FABRIQU\u00c9 EN ITALIE<\/p>\n<p>ATTENTION : la disponibilit\u00e9 des charni\u00e8res peut changer.<\/p>\n","protected":false},"excerpt":{"rendered":"<div class=\"text\">\n<div class=\"woocommerce-product-details__short-description\">\n<div class=\"text\">\n<div class=\"woocommerce-product-details__short-description\">\n<p>Codes de conversion OEM:<\/p>\n<p>79-60462-20<\/p>\n<p>796046220<\/p>\n<p>Anciens codes OEM:<\/p>\n<p>79-60462-10<\/p>\n<p>796046210<\/p>\n<p>79-60462-00<\/p>\n<p>796046200<\/p>\n<\/div>\n<\/div>\n<\/div>\n<\/div>\n","protected":false},"featured_media":782652,"template":"","meta":{"_et_pb_use_builder":"","_et_pb_old_content":"","_et_gb_content_width":"","_joinchat":[]},"product_brand":[],"product_cat":[544],"product_tag":[],"class_list":{"0":"post-782651","1":"product","2":"type-product","3":"status-publish","4":"has-post-thumbnail","6":"product_cat-vector-5","8":"first","9":"instock","10":"purchasable","11":"product-type-simple"},"_links":{"self":[{"href":"https:\/\/www.novadistribution.eu\/fr\/wp-json\/wp\/v2\/product\/782651","targetHints":{"allow":["GET"]}}],"collection":[{"href":"https:\/\/www.novadistribution.eu\/fr\/wp-json\/wp\/v2\/product"}],"about":[{"href":"https:\/\/www.novadistribution.eu\/fr\/wp-json\/wp\/v2\/types\/product"}],"wp:featuredmedia":[{"embeddable":true,"href":"https:\/\/www.novadistribution.eu\/fr\/wp-json\/wp\/v2\/media\/782652"}],"wp:attachment":[{"href":"https:\/\/www.novadistribution.eu\/fr\/wp-json\/wp\/v2\/media?parent=782651"}],"wp:term":[{"taxonomy":"product_brand","embeddable":true,"href":"https:\/\/www.novadistribution.eu\/fr\/wp-json\/wp\/v2\/product_brand?post=782651"},{"taxonomy":"product_cat","embeddable":true,"href":"https:\/\/www.novadistribution.eu\/fr\/wp-json\/wp\/v2\/product_cat?post=782651"},{"taxonomy":"product_tag","embeddable":true,"href":"https:\/\/www.novadistribution.eu\/fr\/wp-json\/wp\/v2\/product_tag?post=782651"}],"curies":[{"name":"wp","href":"https:\/\/api.w.org\/{rel}","templated":true}]}}