{"id":782669,"date":"2021-12-02T16:05:59","date_gmt":"2021-12-02T16:05:59","guid":{"rendered":"https:\/\/www.novadistribution.eu\/?post_type=product&#038;p=782669"},"modified":"2024-07-09T15:22:09","modified_gmt":"2024-07-09T15:22:09","slug":"carte-logique-tk-sr3-ndeltksr3-nd-845-2739","status":"publish","type":"product","link":"https:\/\/www.novadistribution.eu\/fr\/prodotti\/lectronique\/carte-logique-tk-sr3-ndeltksr3-nd-845-2739\/","title":{"rendered":"Carte logique TK SR3 NDELTKSR3 (ND-845-2739)"},"content":{"rendered":"<p><strong>Microprocesseur avec port USB<\/strong><\/p>\n<p>pour les unit\u00e9s de r\u00e9frig\u00e9ration <strong>Thermo King<\/strong> :<\/p>\n<p>&#8211; <strong>SL<\/strong>:\u00a0 \u00a0 \u00a0 \u00a0 \u00a0 \u00a0 \u00a0 300\/ 400<\/p>\n<p>&#8211; <strong>SLX\/SLXe<\/strong> &#8211; 100\/ 200\/ 300\/ 400\/ SPECTRUM\/ WHISPER<\/p>\n<p>Microprocesseur reconditionn\u00e9 \u00e0 neuf.<\/p>\n<p>Le microprocesseur est fourni avec un programme d&rsquo;\u00e9change.<\/p>\n<p>Le retour doit \u00eatre reconditionnable.<\/p>\n","protected":false},"excerpt":{"rendered":"<p>Code de conversion OEM:<\/p>\n<p>845-2739<\/p>\n<p>Anciens codes OEM:<\/p>\n<p>45-2724<\/p>\n<p>45-2446<br \/>\n45-2362<br \/>\n45-2739<br \/>\n1E60325G09<br \/>\n45-2615<br \/>\n45-2617<br \/>\n45-2613<br \/>\n45-2391<\/p>\n<p>&nbsp;<\/p>\n<p>&nbsp;<\/p>\n","protected":false},"featured_media":782670,"template":"","meta":{"_et_pb_use_builder":"","_et_pb_old_content":"","_et_gb_content_width":"","_joinchat":[]},"product_brand":[],"product_cat":[520],"product_tag":[],"class_list":{"0":"post-782669","1":"product","2":"type-product","3":"status-publish","4":"has-post-thumbnail","6":"product_cat-lectronique","8":"first","9":"instock","10":"purchasable","11":"product-type-simple"},"_links":{"self":[{"href":"https:\/\/www.novadistribution.eu\/fr\/wp-json\/wp\/v2\/product\/782669","targetHints":{"allow":["GET"]}}],"collection":[{"href":"https:\/\/www.novadistribution.eu\/fr\/wp-json\/wp\/v2\/product"}],"about":[{"href":"https:\/\/www.novadistribution.eu\/fr\/wp-json\/wp\/v2\/types\/product"}],"wp:featuredmedia":[{"embeddable":true,"href":"https:\/\/www.novadistribution.eu\/fr\/wp-json\/wp\/v2\/media\/782670"}],"wp:attachment":[{"href":"https:\/\/www.novadistribution.eu\/fr\/wp-json\/wp\/v2\/media?parent=782669"}],"wp:term":[{"taxonomy":"product_brand","embeddable":true,"href":"https:\/\/www.novadistribution.eu\/fr\/wp-json\/wp\/v2\/product_brand?post=782669"},{"taxonomy":"product_cat","embeddable":true,"href":"https:\/\/www.novadistribution.eu\/fr\/wp-json\/wp\/v2\/product_cat?post=782669"},{"taxonomy":"product_tag","embeddable":true,"href":"https:\/\/www.novadistribution.eu\/fr\/wp-json\/wp\/v2\/product_tag?post=782669"}],"curies":[{"name":"wp","href":"https:\/\/api.w.org\/{rel}","templated":true}]}}