{"id":782687,"date":"2021-12-02T16:36:48","date_gmt":"2021-12-02T16:36:48","guid":{"rendered":"https:\/\/www.novadistribution.eu\/?post_type=product&#038;p=782687"},"modified":"2024-07-09T17:05:36","modified_gmt":"2024-07-09T17:05:36","slug":"carte-logique-tk-sr2-ndeltksr2c-nd-45-2268","status":"publish","type":"product","link":"https:\/\/www.novadistribution.eu\/fr\/prodotti\/lectronique\/carte-logique-tk-sr2-ndeltksr2c-nd-45-2268\/","title":{"rendered":"Carte logique TK SR2 NDELTKSR2C (ND-45-2268)"},"content":{"rendered":"<p>Carte \u00e0 microprocesseur et relais pour les unit\u00e9s de r\u00e9frig\u00e9ration <strong>Thermo King<\/strong>:<\/p>\n<p>&#8211; SL<\/p>\n<p>&#8211; SLe<\/p>\n<p>&#8211; SLX<\/p>\n<p>Microprocesseur reconditionn\u00e9 \u00e0 neuf.<\/p>\n<p>Le microprocesseur est fourni avec un programme d&rsquo;\u00e9change.<\/p>\n<p>Le retour doit \u00eatre reconditionnable.<\/p>\n","protected":false},"excerpt":{"rendered":"<p>Code de conversion OEM:<\/p>\n<p>45-2268<\/p>\n<p><span class=\"tlid-translation translation\"><span class=\"\" title=\"\">Anciens codes<\/span><\/span> OEM:<\/p>\n<p>45-2127<br \/>\n45-2149<br \/>\n45-5363<br \/>\n45-2275<br \/>\n1E52009G01<br \/>\n1E52010G04<br \/>\n45-2276<br \/>\n1E9268G01<br \/>\n1E29268G01<br \/>\n1E35103G02<br \/>\n1E52011G01<br \/>\n1E929268G01<br \/>\n41-5363<br \/>\n1E19306G01<\/p>\n","protected":false},"featured_media":782688,"template":"","meta":{"_et_pb_use_builder":"","_et_pb_old_content":"","_et_gb_content_width":"","_joinchat":[]},"product_brand":[],"product_cat":[520],"product_tag":[],"class_list":{"0":"post-782687","1":"product","2":"type-product","3":"status-publish","4":"has-post-thumbnail","6":"product_cat-lectronique","8":"first","9":"instock","10":"purchasable","11":"product-type-simple"},"_links":{"self":[{"href":"https:\/\/www.novadistribution.eu\/fr\/wp-json\/wp\/v2\/product\/782687","targetHints":{"allow":["GET"]}}],"collection":[{"href":"https:\/\/www.novadistribution.eu\/fr\/wp-json\/wp\/v2\/product"}],"about":[{"href":"https:\/\/www.novadistribution.eu\/fr\/wp-json\/wp\/v2\/types\/product"}],"wp:featuredmedia":[{"embeddable":true,"href":"https:\/\/www.novadistribution.eu\/fr\/wp-json\/wp\/v2\/media\/782688"}],"wp:attachment":[{"href":"https:\/\/www.novadistribution.eu\/fr\/wp-json\/wp\/v2\/media?parent=782687"}],"wp:term":[{"taxonomy":"product_brand","embeddable":true,"href":"https:\/\/www.novadistribution.eu\/fr\/wp-json\/wp\/v2\/product_brand?post=782687"},{"taxonomy":"product_cat","embeddable":true,"href":"https:\/\/www.novadistribution.eu\/fr\/wp-json\/wp\/v2\/product_cat?post=782687"},{"taxonomy":"product_tag","embeddable":true,"href":"https:\/\/www.novadistribution.eu\/fr\/wp-json\/wp\/v2\/product_tag?post=782687"}],"curies":[{"name":"wp","href":"https:\/\/api.w.org\/{rel}","templated":true}]}}