{"id":782733,"date":"2022-08-07T16:49:41","date_gmt":"2022-08-07T16:49:41","guid":{"rendered":"https:\/\/www.novadistribution.eu\/?post_type=product&#038;p=782733"},"modified":"2024-01-19T18:10:20","modified_gmt":"2024-01-19T18:10:20","slug":"joint-d-arbre-ndpstkss-nd-22-1100","status":"publish","type":"product","link":"https:\/\/www.novadistribution.eu\/fr\/prodotti\/compresseurs\/joint-d-arbre\/joint-d-arbre-ndpstkss-nd-22-1100\/","title":{"rendered":"Joint d&rsquo;arbre NDPSTKSS (ND-22-1100)"},"content":{"rendered":"<p><strong>Joint d&rsquo;arbre<\/strong> de compresseur pour <strong>Thermo King<\/strong>:<\/p>\n<p>Arbre standard X430.<\/p>\n<p>Joint d&rsquo;arbre en acier inoxydable avec bague de contact en bronze au lieu de graphite, bague d&rsquo;\u00e9tanch\u00e9it\u00e9 en alliage de m\u00e9taux durs.<\/p>\n<p>Ceci est un produit <strong>NOVA DISTRIBUTION<\/strong>.<\/p>\n","protected":false},"excerpt":{"rendered":"<div class=\"text\">\n<div class=\"woocommerce-product-details__short-description\">\n<p>Code de conversion OEM:<\/p>\n<p>22-1100<\/p>\n<p>221100<\/p>\n<\/div>\n<\/div>\n","protected":false},"featured_media":782734,"template":"","meta":{"_et_pb_use_builder":"","_et_pb_old_content":"","_et_gb_content_width":"","_joinchat":[]},"product_brand":[],"product_cat":[604],"product_tag":[],"class_list":{"0":"post-782733","1":"product","2":"type-product","3":"status-publish","4":"has-post-thumbnail","6":"product_cat-joint-d-arbre","8":"first","9":"instock","10":"purchasable","11":"product-type-simple"},"_links":{"self":[{"href":"https:\/\/www.novadistribution.eu\/fr\/wp-json\/wp\/v2\/product\/782733","targetHints":{"allow":["GET"]}}],"collection":[{"href":"https:\/\/www.novadistribution.eu\/fr\/wp-json\/wp\/v2\/product"}],"about":[{"href":"https:\/\/www.novadistribution.eu\/fr\/wp-json\/wp\/v2\/types\/product"}],"wp:featuredmedia":[{"embeddable":true,"href":"https:\/\/www.novadistribution.eu\/fr\/wp-json\/wp\/v2\/media\/782734"}],"wp:attachment":[{"href":"https:\/\/www.novadistribution.eu\/fr\/wp-json\/wp\/v2\/media?parent=782733"}],"wp:term":[{"taxonomy":"product_brand","embeddable":true,"href":"https:\/\/www.novadistribution.eu\/fr\/wp-json\/wp\/v2\/product_brand?post=782733"},{"taxonomy":"product_cat","embeddable":true,"href":"https:\/\/www.novadistribution.eu\/fr\/wp-json\/wp\/v2\/product_cat?post=782733"},{"taxonomy":"product_tag","embeddable":true,"href":"https:\/\/www.novadistribution.eu\/fr\/wp-json\/wp\/v2\/product_tag?post=782733"}],"curies":[{"name":"wp","href":"https:\/\/api.w.org\/{rel}","templated":true}]}}