{"id":782763,"date":"2022-11-20T14:06:47","date_gmt":"2022-11-20T14:06:47","guid":{"rendered":"https:\/\/www.novadistribution.eu\/?post_type=product&#038;p=782763"},"modified":"2024-01-19T17:29:29","modified_gmt":"2024-01-19T17:29:29","slug":"joint-d-arbre-ndpstkls-nd-22-1101","status":"publish","type":"product","link":"https:\/\/www.novadistribution.eu\/fr\/prodotti\/compresseurs\/joint-d-arbre\/joint-d-arbre-ndpstkls-nd-22-1101\/","title":{"rendered":"Joint d&rsquo;arbre NDPSTKLS (ND-22-1101)"},"content":{"rendered":"<p><strong>Joint d&rsquo;arbre<\/strong> pour compresseur <strong>Thermo King<\/strong> compressore:<\/p>\n<p>X430 grand arbre.<\/p>\n<p>Joint d&rsquo;arbre en acier inoxydable avec bague de contact en bronze non graphit\u00e9 et bague d&rsquo;\u00e9tanch\u00e9it\u00e9 en m\u00e9tal durl.<\/p>\n<p><strong>Ceci est un produit NOVA DISTRIBUTION<\/strong><\/p>\n","protected":false},"excerpt":{"rendered":"<p>Codes de conversion OEM:<\/p>\n<p>22-1101<\/p>\n<p>221101<\/p>\n","protected":false},"featured_media":782764,"template":"","meta":{"_et_pb_use_builder":"","_et_pb_old_content":"","_et_gb_content_width":"","_joinchat":[]},"product_brand":[],"product_cat":[604],"product_tag":[],"class_list":{"0":"post-782763","1":"product","2":"type-product","3":"status-publish","4":"has-post-thumbnail","6":"product_cat-joint-d-arbre","8":"first","9":"instock","10":"purchasable","11":"product-type-simple"},"_links":{"self":[{"href":"https:\/\/www.novadistribution.eu\/fr\/wp-json\/wp\/v2\/product\/782763","targetHints":{"allow":["GET"]}}],"collection":[{"href":"https:\/\/www.novadistribution.eu\/fr\/wp-json\/wp\/v2\/product"}],"about":[{"href":"https:\/\/www.novadistribution.eu\/fr\/wp-json\/wp\/v2\/types\/product"}],"wp:featuredmedia":[{"embeddable":true,"href":"https:\/\/www.novadistribution.eu\/fr\/wp-json\/wp\/v2\/media\/782764"}],"wp:attachment":[{"href":"https:\/\/www.novadistribution.eu\/fr\/wp-json\/wp\/v2\/media?parent=782763"}],"wp:term":[{"taxonomy":"product_brand","embeddable":true,"href":"https:\/\/www.novadistribution.eu\/fr\/wp-json\/wp\/v2\/product_brand?post=782763"},{"taxonomy":"product_cat","embeddable":true,"href":"https:\/\/www.novadistribution.eu\/fr\/wp-json\/wp\/v2\/product_cat?post=782763"},{"taxonomy":"product_tag","embeddable":true,"href":"https:\/\/www.novadistribution.eu\/fr\/wp-json\/wp\/v2\/product_tag?post=782763"}],"curies":[{"name":"wp","href":"https:\/\/api.w.org\/{rel}","templated":true}]}}