{"id":782787,"date":"2023-08-04T16:35:40","date_gmt":"2023-08-04T16:35:40","guid":{"rendered":"https:\/\/www.novadistribution.eu\/?post_type=product&#038;p=782787"},"modified":"2023-08-30T16:26:52","modified_gmt":"2023-08-30T16:26:52","slug":"filtre-ndf119300-nd-11-9300","status":"publish","type":"product","link":"https:\/\/www.novadistribution.eu\/fr\/prodotti\/filtres\/filtres-thermo-king\/filtre-ndf119300-nd-11-9300\/","title":{"rendered":"Filtre NDF119300 (ND-11-9300)"},"content":{"rendered":"<p><strong>Filtre \u00e0 air<\/strong> pour les unit\u00e9s de r\u00e9frig\u00e9ration <strong>Thermo King:<\/strong><\/p>\n<p><strong>SL<\/strong>:\u00a0\u00a0\u00a0\u00a0\u00a0\u00a0\u00a0 100\/200\/300\/400\/Spectrum;<\/p>\n<p><strong>SLe<\/strong>:\u00a0\u00a0\u00a0\u00a0\u00a0 100\/200\/300\/400\/Spectrum;<\/p>\n<p><strong>SLX<\/strong>:\u00a0\u00a0\u00a0\u00a0 100\/200\/300\/400\/Spectrum;<\/p>\n<p><strong>SLXe<\/strong>:\u00a0\u00a0 100\/200\/300\/400\/Spectrum;<\/p>\n<p><strong>SLXi<\/strong>:\u00a0\u00a0\u00a0 100\/200\/300\/400\/Spectrum;<\/p>\n<p><strong>SB<\/strong>:<\/p>\n<p><strong>SB<\/strong>:\u00a0\u00a0\u00a0\u00a0\u00a0\u00a0\u00a0 I-III<\/p>\n<p>Produit non original<\/p>\n","protected":false},"excerpt":{"rendered":"<p>Code de conversion OEM:<\/p>\n<p>11-9300<\/p>\n<p>119300<\/p>\n","protected":false},"featured_media":782788,"template":"","meta":{"_et_pb_use_builder":"","_et_pb_old_content":"","_et_gb_content_width":"","_joinchat":[]},"product_brand":[],"product_cat":[556],"product_tag":[],"class_list":{"0":"post-782787","1":"product","2":"type-product","3":"status-publish","4":"has-post-thumbnail","6":"product_cat-filtres-thermo-king","8":"first","9":"instock","10":"purchasable","11":"product-type-simple"},"_links":{"self":[{"href":"https:\/\/www.novadistribution.eu\/fr\/wp-json\/wp\/v2\/product\/782787","targetHints":{"allow":["GET"]}}],"collection":[{"href":"https:\/\/www.novadistribution.eu\/fr\/wp-json\/wp\/v2\/product"}],"about":[{"href":"https:\/\/www.novadistribution.eu\/fr\/wp-json\/wp\/v2\/types\/product"}],"wp:featuredmedia":[{"embeddable":true,"href":"https:\/\/www.novadistribution.eu\/fr\/wp-json\/wp\/v2\/media\/782788"}],"wp:attachment":[{"href":"https:\/\/www.novadistribution.eu\/fr\/wp-json\/wp\/v2\/media?parent=782787"}],"wp:term":[{"taxonomy":"product_brand","embeddable":true,"href":"https:\/\/www.novadistribution.eu\/fr\/wp-json\/wp\/v2\/product_brand?post=782787"},{"taxonomy":"product_cat","embeddable":true,"href":"https:\/\/www.novadistribution.eu\/fr\/wp-json\/wp\/v2\/product_cat?post=782787"},{"taxonomy":"product_tag","embeddable":true,"href":"https:\/\/www.novadistribution.eu\/fr\/wp-json\/wp\/v2\/product_tag?post=782787"}],"curies":[{"name":"wp","href":"https:\/\/api.w.org\/{rel}","templated":true}]}}